{"id":29230,"date":"2025-04-14T16:23:15","date_gmt":"2025-04-14T14:23:15","guid":{"rendered":"https:\/\/gliki.at\/?post_type=product&#038;p=29230"},"modified":"2025-07-30T14:14:58","modified_gmt":"2025-07-30T12:14:58","slug":"fbs-8xyr","status":"publish","type":"product","link":"https:\/\/gliki.at\/en\/shop\/plc-kontroleri\/periferije\/fbs-8xyr\/","title":{"rendered":"FATEK FBs-8XYR"},"content":{"rendered":"<p>FBs-8XYR omogu\u0107ava pro\u0161irenje PLC sistema uz dodatne 4 digitalna ulaza (24V DC) i 4 relejna izlaza, koji su idealni za upravljanje razli\u010ditim AC i DC potro\u0161a\u010dima. Relejni izlazi pru\u017eaju fleksibilnost i omogu\u0107avaju direktno upravljanje optere\u0107enjima bez dodatnih interfejs komponenti. Ovaj kompaktni modul se lako integri\u0161e sa FATEK FBs PLC ure\u0111ajima i idealan je za male i srednje aplikacije koje zahtevaju pouzdano i jednostavno upravljanje.<\/p>\n<p>Klju\u010dne karakteristike:<br \/>\nDigitalni ulazi: 4 ta\u010dke (24V DC).<\/p>\n<p>Digitalni izlazi: 4 relejna izlaza.<\/p>\n<p>Tip modula: Kombinovani I\/O ekspanzioni modul.<\/p>\n<p>Kompatibilnost: Potpuno kompatibilan sa FATEK FBs PLC serijom.<\/p>\n<p>Direktno upravljanje AC\/DC ure\u0111ajima bez dodatnih drajvera.<\/p>\n<p>Kompaktan dizajn \u2013 jednostavan za monta\u017eu i u\u0161tedu prostora.<\/p>\n<p>FBs-8XYR je odli\u010dno re\u0161enje za pro\u0161irenje PLC sistema kada su potrebni kombinovani ulazi i izlazi, sa mogu\u0107no\u0161\u0107u upravljanja raznovrsnim ure\u0111ajima putem robustnih relejnih kontakata.<\/p>","protected":false},"excerpt":{"rendered":"<p>FBs-8XYR je kombinovani digitalni ulazno\/izlazni ekspanzioni modul iz FATEK FBs serije, sa 4 digitalna ulaza i 4 relejna izlaza, pogodan za \u0161irok spektar primena u industrijskoj automatizaciji.<\/p>","protected":false},"featured_media":29231,"template":"","meta":[],"product_brand":[111],"product_cat":[43,95],"product_tag":[],"class_list":{"0":"post-29230","1":"product","2":"type-product","3":"status-publish","4":"has-post-thumbnail","6":"product_brand-fatek","7":"product_cat-plc-kontroleri","8":"product_cat-periferije","10":"first","11":"instock","12":"taxable","13":"shipping-taxable","14":"purchasable","15":"product-type-simple"},"_links":{"self":[{"href":"https:\/\/gliki.at\/en\/wp-json\/wp\/v2\/product\/29230","targetHints":{"allow":["GET"]}}],"collection":[{"href":"https:\/\/gliki.at\/en\/wp-json\/wp\/v2\/product"}],"about":[{"href":"https:\/\/gliki.at\/en\/wp-json\/wp\/v2\/types\/product"}],"version-history":[{"count":2,"href":"https:\/\/gliki.at\/en\/wp-json\/wp\/v2\/product\/29230\/revisions"}],"predecessor-version":[{"id":32836,"href":"https:\/\/gliki.at\/en\/wp-json\/wp\/v2\/product\/29230\/revisions\/32836"}],"wp:featuredmedia":[{"embeddable":true,"href":"https:\/\/gliki.at\/en\/wp-json\/wp\/v2\/media\/29231"}],"wp:attachment":[{"href":"https:\/\/gliki.at\/en\/wp-json\/wp\/v2\/media?parent=29230"}],"wp:term":[{"taxonomy":"product_brand","embeddable":true,"href":"https:\/\/gliki.at\/en\/wp-json\/wp\/v2\/product_brand?post=29230"},{"taxonomy":"product_cat","embeddable":true,"href":"https:\/\/gliki.at\/en\/wp-json\/wp\/v2\/product_cat?post=29230"},{"taxonomy":"product_tag","embeddable":true,"href":"https:\/\/gliki.at\/en\/wp-json\/wp\/v2\/product_tag?post=29230"}],"curies":[{"name":"wp","href":"https:\/\/api.w.org\/{rel}","templated":true}]}}