{"id":29233,"date":"2025-04-14T16:25:40","date_gmt":"2025-04-14T14:25:40","guid":{"rendered":"https:\/\/gliki.at\/?post_type=product&#038;p=29233"},"modified":"2025-07-30T14:16:01","modified_gmt":"2025-07-30T12:16:01","slug":"fbs-8x","status":"publish","type":"product","link":"https:\/\/gliki.at\/en\/shop\/plc-kontroleri\/periferije\/fbs-8x\/","title":{"rendered":"FATEK FBs-8X"},"content":{"rendered":"<p>&nbsp;<\/p>\n<p>FBs-8X je modul koji se koristi za pro\u0161irenje broja digitalnih izlaza u FATEK PLC sistemima. Ovaj model sadr\u017ei 8 digitalnih izlaza (tranzistorski tip \u2013 Sink\/NPN) i omogu\u0107ava efikasno upravljanje izvr\u0161nim ure\u0111ajima kao \u0161to su senzori, ventili, alarmi i drugi ure\u0111aji koji zahtevaju brze i precizne komande. Zbog svoje jednostavnosti i brzine, idealan je za aplikacije u industriji koje zahtevaju visok nivo preciznosti u izvr\u0161avanju digitalnih komandi.<\/p>\n<p>Klju\u010dne karakteristike:<br \/>\nDigitalni izlazi: 8 ta\u010daka (tranzistorski tip \u2013 Sink\/NPN).<\/p>\n<p>Tip modula: Ekspanzioni digitalni izlazni modul.<\/p>\n<p>Kompatibilnost: Kompatibilan sa FATEK FBs PLC ure\u0111ajima.<\/p>\n<p>Brza i pouzdana reakcija \u2013 pogodno za visoke performanse.<\/p>\n<p>Kompaktan dizajn \u2013 \u0161tedi prostor u elektro ormari\u0107ima.<\/p>\n<p>FBs-8X je jednostavno re\u0161enje za pro\u0161irenje broja digitalnih izlaza u FATEK PLC sistemima, sa visokim performansama, idealan za aplikacije koje zahtevaju brzo upravljanje izvr\u0161nim ure\u0111ajima u industrijskim okru\u017eenjima.<\/p>","protected":false},"excerpt":{"rendered":"<p>FBs-8X je digitalni ekspanzioni modul iz FATEK FBs serije, sa 8 digitalnih izlaza, dizajniran za jednostavne aplikacije automatizacije koje zahtevaju dodatne izlazne ta\u010dke.<\/p>","protected":false},"featured_media":29234,"template":"","meta":[],"product_brand":[111],"product_cat":[43,95],"product_tag":[],"class_list":{"0":"post-29233","1":"product","2":"type-product","3":"status-publish","4":"has-post-thumbnail","6":"product_brand-fatek","7":"product_cat-plc-kontroleri","8":"product_cat-periferije","10":"first","11":"instock","12":"taxable","13":"shipping-taxable","14":"purchasable","15":"product-type-simple"},"_links":{"self":[{"href":"https:\/\/gliki.at\/en\/wp-json\/wp\/v2\/product\/29233","targetHints":{"allow":["GET"]}}],"collection":[{"href":"https:\/\/gliki.at\/en\/wp-json\/wp\/v2\/product"}],"about":[{"href":"https:\/\/gliki.at\/en\/wp-json\/wp\/v2\/types\/product"}],"version-history":[{"count":2,"href":"https:\/\/gliki.at\/en\/wp-json\/wp\/v2\/product\/29233\/revisions"}],"predecessor-version":[{"id":32837,"href":"https:\/\/gliki.at\/en\/wp-json\/wp\/v2\/product\/29233\/revisions\/32837"}],"wp:featuredmedia":[{"embeddable":true,"href":"https:\/\/gliki.at\/en\/wp-json\/wp\/v2\/media\/29234"}],"wp:attachment":[{"href":"https:\/\/gliki.at\/en\/wp-json\/wp\/v2\/media?parent=29233"}],"wp:term":[{"taxonomy":"product_brand","embeddable":true,"href":"https:\/\/gliki.at\/en\/wp-json\/wp\/v2\/product_brand?post=29233"},{"taxonomy":"product_cat","embeddable":true,"href":"https:\/\/gliki.at\/en\/wp-json\/wp\/v2\/product_cat?post=29233"},{"taxonomy":"product_tag","embeddable":true,"href":"https:\/\/gliki.at\/en\/wp-json\/wp\/v2\/product_tag?post=29233"}],"curies":[{"name":"wp","href":"https:\/\/api.w.org\/{rel}","templated":true}]}}