{"id":29236,"date":"2025-04-14T16:26:56","date_gmt":"2025-04-14T14:26:56","guid":{"rendered":"https:\/\/gliki.at\/?post_type=product&#038;p=29236"},"modified":"2025-07-25T12:21:51","modified_gmt":"2025-07-25T10:21:51","slug":"fbs-4yt","status":"publish","type":"product","link":"https:\/\/gliki.at\/en\/shop\/plc-kontroleri\/periferije\/fbs-4yt\/","title":{"rendered":"FATEK FBs-4YT"},"content":{"rendered":"<p>&nbsp;<\/p>\n<p>FBs-4YT je kompaktni modul koji omogu\u0107ava pro\u0161irenje broja digitalnih izlaza u FATEK PLC sistemima. Opremljen je sa 4 tranzistorska izlaza (Sink\/NPN) koji omogu\u0107avaju efikasno upravljanje razli\u010ditim ure\u0111ajima kao \u0161to su senzori, alarmi, elektromagnetni ventili i drugi potro\u0161a\u010di. Modul je pogodan za aplikacije koje zahtevaju brz odziv i visoku preciznost u kontrolisanju izlaznih signala.<\/p>\n<p>Klju\u010dne karakteristike:<br \/>\nDigitalni izlazi: 4 ta\u010dke (tranzistorski tip \u2013 Sink\/NPN).<\/p>\n<p>Tip modula: Ekspanzioni digitalni izlazni modul.<\/p>\n<p>Kompatibilnost: Kompatibilan sa FATEK FBs PLC ure\u0111ajima.<\/p>\n<p>Brza reakcija \u2013 idealno za aplikacije sa visokim zahtevima za precizno upravljanje.<\/p>\n<p>Kompaktan dizajn \u2013 idealan za u\u0161tedu prostora u kontrolnim ormarima.<\/p>\n<p>Zaklju\u010dak:<br \/>\nFBs-4YT je efikasan i pouzdan modul za pro\u0161irenje broja digitalnih izlaza u FATEK PLC sistemima, pru\u017eaju\u0107i visoku brzinu i preciznost u industrijskim aplikacijama koje zahtevaju brzu kontrolu izvr\u0161nih ure\u0111aja.<\/p>\n<p>&nbsp;<\/p>","protected":false},"excerpt":{"rendered":"<p>FBs-4YT je digitalni izlazni ekspanzioni modul iz FATEK FBs serije, sa 4 tranzistorske izlazne ta\u010dke, dizajniran za brzo upravljanje ure\u0111ajima u industrijskoj automatizaciji.<\/p>","protected":false},"featured_media":29237,"template":"","meta":[],"product_brand":[111],"product_cat":[43,95],"product_tag":[],"class_list":{"0":"post-29236","1":"product","2":"type-product","3":"status-publish","4":"has-post-thumbnail","6":"product_brand-fatek","7":"product_cat-plc-kontroleri","8":"product_cat-periferije","10":"first","11":"instock","12":"taxable","13":"shipping-taxable","14":"product-type-simple"},"_links":{"self":[{"href":"https:\/\/gliki.at\/en\/wp-json\/wp\/v2\/product\/29236","targetHints":{"allow":["GET"]}}],"collection":[{"href":"https:\/\/gliki.at\/en\/wp-json\/wp\/v2\/product"}],"about":[{"href":"https:\/\/gliki.at\/en\/wp-json\/wp\/v2\/types\/product"}],"version-history":[{"count":2,"href":"https:\/\/gliki.at\/en\/wp-json\/wp\/v2\/product\/29236\/revisions"}],"predecessor-version":[{"id":32838,"href":"https:\/\/gliki.at\/en\/wp-json\/wp\/v2\/product\/29236\/revisions\/32838"}],"wp:featuredmedia":[{"embeddable":true,"href":"https:\/\/gliki.at\/en\/wp-json\/wp\/v2\/media\/29237"}],"wp:attachment":[{"href":"https:\/\/gliki.at\/en\/wp-json\/wp\/v2\/media?parent=29236"}],"wp:term":[{"taxonomy":"product_brand","embeddable":true,"href":"https:\/\/gliki.at\/en\/wp-json\/wp\/v2\/product_brand?post=29236"},{"taxonomy":"product_cat","embeddable":true,"href":"https:\/\/gliki.at\/en\/wp-json\/wp\/v2\/product_cat?post=29236"},{"taxonomy":"product_tag","embeddable":true,"href":"https:\/\/gliki.at\/en\/wp-json\/wp\/v2\/product_tag?post=29236"}],"curies":[{"name":"wp","href":"https:\/\/api.w.org\/{rel}","templated":true}]}}