{"id":29323,"date":"2025-04-23T10:07:49","date_gmt":"2025-04-23T08:07:49","guid":{"rendered":"https:\/\/gliki.at\/?post_type=product&#038;p=29323"},"modified":"2025-07-25T13:04:43","modified_gmt":"2025-07-25T11:04:43","slug":"htr-3a-100a-p","status":"publish","type":"product","link":"https:\/\/gliki.at\/en\/shop\/industrijski-senzori\/htr-3a-100a-p\/","title":{"rendered":"Hontko HTR-3A-100A-P"},"content":{"rendered":"<article class=\"text-token-text-primary w-full\" dir=\"auto\" data-testid=\"conversation-turn-178\" data-scroll-anchor=\"true\">\n<div class=\"text-base my-auto mx-auto pb-10 [--thread-content-margin:--spacing(4)] @[37rem]:[--thread-content-margin:--spacing(6)] @[72rem]:[--thread-content-margin:--spacing(16)] px-(--thread-content-margin)\">\n<div class=\"[--thread-content-max-width:32rem] @[34rem]:[--thread-content-max-width:40rem] @[64rem]:[--thread-content-max-width:48rem] mx-auto max-w-(--thread-content-max-width) flex-1 group\/turn-messages focus-visible:outline-hidden relative flex w-full min-w-0 flex-col agent-turn\">\n<div class=\"flex max-w-full flex-col grow\">\n<div class=\"min-h-8 text-message relative flex w-full flex-col items-end gap-2 text-start break-words whitespace-normal [.text-message+&amp;]:mt-5\" dir=\"auto\" data-message-author-role=\"assistant\" data-message-id=\"52e93cf9-c4e0-4e17-8281-f97ed5fdb41a\" data-message-model-slug=\"gpt-4o\">\n<div class=\"flex w-full flex-col gap-1 empty:hidden first:pt-[3px]\">\n<div class=\"markdown prose dark:prose-invert w-full break-words light\"><\/div>\n<\/div>\n<\/div>\n<\/div>\n<div class=\"mx-[var(--mini-thread-content-inset)]\">\n<div class=\"flex min-h-[46px] justify-start\">\n<div class=\"touch:-me-2 touch:-ms-3.5 -ms-2.5 -me-1 flex flex-wrap items-center gap-y-4 p-1 select-none touch:w-[calc(100%+--spacing(3.5))] -mt-1 w-[calc(100%+--spacing(2.5))] duration-[1.5s] focus-within:transition-none hover:transition-none pointer-events-none [mask-image:linear-gradient(to_right,black_33%,transparent_66%)] [mask-size:300%_100%] [mask-position:100%_0%] motion-safe:transition-[mask-position] group-hover\/turn-messages:pointer-events-auto group-hover\/turn-messages:[mask-position:0_0] group-focus-within\/turn-messages:pointer-events-auto group-focus-within\/turn-messages:[mask-position:0_0] has-data-[state=open]:pointer-events-auto has-data-[state=open]:[mask-position:0_0]\">\n<p>linearni \u017ei\u010dni enkoder Hontko<\/p>\n<p>&nbsp;<\/p>\n<\/div>\n<\/div>\n<\/div>\n<\/div>\n<\/div>\n<\/article>\n<p>HTR-3A<br data-start=\"6\" data-end=\"9\" \/>\u2022 Puna osovina pre\u010dnika 6 mm<br data-start=\"37\" data-end=\"40\" \/>\u2022 Pre\u010dnik ku\u0107i\u0161ta: 38 mm<br data-start=\"64\" data-end=\"67\" \/>\u2022 Rezolucija: 5 do 3600 impulsa po obrtaju (PPR)<br data-start=\"115\" data-end=\"118\" \/>\u2022 PCD 30 \/ 6-M3, pre\u010dnik 38 mm<br data-start=\"148\" data-end=\"151\" \/>\u2022 Tip izlaza: Push-pull \/ Line Driver<br data-start=\"188\" data-end=\"191\" \/>\u2022 Napajanje: DC 5 do 26 V<\/p>","protected":false},"excerpt":{"rendered":"<p>HTR serija rotacionih enkodera za srednje optere\u0107enje nudi preciznu detekciju polo\u017eaja i brzine, sa rezolucijom od 100 PPR, za\u0161titom IP50, punom osovinom \u23006 mm i napajanjem 5\u201326 VDC.<\/p>","protected":false},"featured_media":29324,"template":"","meta":[],"product_brand":[112],"product_cat":[30,78],"product_tag":[],"class_list":{"0":"post-29323","1":"product","2":"type-product","3":"status-publish","4":"has-post-thumbnail","6":"product_brand-hontko","7":"product_cat-industrijski-senzori","8":"product_cat-enkoderi","10":"first","11":"instock","12":"taxable","13":"shipping-taxable","14":"purchasable","15":"product-type-simple"},"_links":{"self":[{"href":"https:\/\/gliki.at\/en\/wp-json\/wp\/v2\/product\/29323","targetHints":{"allow":["GET"]}}],"collection":[{"href":"https:\/\/gliki.at\/en\/wp-json\/wp\/v2\/product"}],"about":[{"href":"https:\/\/gliki.at\/en\/wp-json\/wp\/v2\/types\/product"}],"version-history":[{"count":5,"href":"https:\/\/gliki.at\/en\/wp-json\/wp\/v2\/product\/29323\/revisions"}],"predecessor-version":[{"id":32808,"href":"https:\/\/gliki.at\/en\/wp-json\/wp\/v2\/product\/29323\/revisions\/32808"}],"wp:featuredmedia":[{"embeddable":true,"href":"https:\/\/gliki.at\/en\/wp-json\/wp\/v2\/media\/29324"}],"wp:attachment":[{"href":"https:\/\/gliki.at\/en\/wp-json\/wp\/v2\/media?parent=29323"}],"wp:term":[{"taxonomy":"product_brand","embeddable":true,"href":"https:\/\/gliki.at\/en\/wp-json\/wp\/v2\/product_brand?post=29323"},{"taxonomy":"product_cat","embeddable":true,"href":"https:\/\/gliki.at\/en\/wp-json\/wp\/v2\/product_cat?post=29323"},{"taxonomy":"product_tag","embeddable":true,"href":"https:\/\/gliki.at\/en\/wp-json\/wp\/v2\/product_tag?post=29323"}],"curies":[{"name":"wp","href":"https:\/\/api.w.org\/{rel}","templated":true}]}}