{"id":29326,"date":"2025-04-23T10:10:04","date_gmt":"2025-04-23T08:10:04","guid":{"rendered":"https:\/\/gliki.at\/?post_type=product&#038;p=29326"},"modified":"2025-07-25T13:04:03","modified_gmt":"2025-07-25T11:04:03","slug":"htr-3a-200a-h","status":"publish","type":"product","link":"https:\/\/gliki.at\/en\/shop\/industrijski-senzori\/htr-3a-200a-h\/","title":{"rendered":"Hontko HTR-3A-200A-H"},"content":{"rendered":"<p>Hontko linearni \u017ei\u010dni enkoder<\/p>\n<p>&nbsp;<\/p>\n<p>&nbsp;<\/p>\n<p>HTR-3A<br \/>\n\u2022 Puna osovina pre\u010dnika 6 mm<br \/>\n\u2022 Pre\u010dnik ku\u0107i\u0161ta: 38 mm<br \/>\n\u2022 Rezolucija: 5 do 3600 impulsa po obrtaju (PPR)<br \/>\n\u2022 PCD 30 \/ 6-M3, pre\u010dnik 38 mm<br \/>\n\u2022 Tip izlaza: Push-pull \/ Line Driver<br \/>\n\u2022 Napajanje: DC 5 do 26 V<\/p>\n<p>&nbsp;<\/p>\n<p>&nbsp;<\/p>","protected":false},"excerpt":{"rendered":"<p>HTR-3A enkoder sa punom osovinom od 6 mm i ku\u0107i\u0161tem pre\u010dnika 38 mm nudi rezoluciju od 5 do 3600 PPR, Push-pull ili Line Driver izlaz i radni napon od 5 do 26 VDC \u2013 idealan za precizno merenje rotacije.<\/p>","protected":false},"featured_media":29327,"template":"","meta":[],"product_brand":[112],"product_cat":[30,78],"product_tag":[],"class_list":{"0":"post-29326","1":"product","2":"type-product","3":"status-publish","4":"has-post-thumbnail","6":"product_brand-hontko","7":"product_cat-industrijski-senzori","8":"product_cat-enkoderi","10":"first","11":"instock","12":"taxable","13":"shipping-taxable","14":"purchasable","15":"product-type-simple"},"_links":{"self":[{"href":"https:\/\/gliki.at\/en\/wp-json\/wp\/v2\/product\/29326","targetHints":{"allow":["GET"]}}],"collection":[{"href":"https:\/\/gliki.at\/en\/wp-json\/wp\/v2\/product"}],"about":[{"href":"https:\/\/gliki.at\/en\/wp-json\/wp\/v2\/types\/product"}],"version-history":[{"count":2,"href":"https:\/\/gliki.at\/en\/wp-json\/wp\/v2\/product\/29326\/revisions"}],"predecessor-version":[{"id":32809,"href":"https:\/\/gliki.at\/en\/wp-json\/wp\/v2\/product\/29326\/revisions\/32809"}],"wp:featuredmedia":[{"embeddable":true,"href":"https:\/\/gliki.at\/en\/wp-json\/wp\/v2\/media\/29327"}],"wp:attachment":[{"href":"https:\/\/gliki.at\/en\/wp-json\/wp\/v2\/media?parent=29326"}],"wp:term":[{"taxonomy":"product_brand","embeddable":true,"href":"https:\/\/gliki.at\/en\/wp-json\/wp\/v2\/product_brand?post=29326"},{"taxonomy":"product_cat","embeddable":true,"href":"https:\/\/gliki.at\/en\/wp-json\/wp\/v2\/product_cat?post=29326"},{"taxonomy":"product_tag","embeddable":true,"href":"https:\/\/gliki.at\/en\/wp-json\/wp\/v2\/product_tag?post=29326"}],"curies":[{"name":"wp","href":"https:\/\/api.w.org\/{rel}","templated":true}]}}