{"id":29355,"date":"2025-04-23T11:44:47","date_gmt":"2025-04-23T09:44:47","guid":{"rendered":"https:\/\/gliki.at\/?post_type=product&#038;p=29355"},"modified":"2025-07-25T13:10:35","modified_gmt":"2025-07-25T11:10:35","slug":"htr-6c-1000a-p","status":"publish","type":"product","link":"https:\/\/gliki.at\/en\/shop\/industrijski-senzori\/htr-6c-1000a-p\/","title":{"rendered":"Hontko HTR-6C-1000A-P"},"content":{"rendered":"<p>Hontko HTR-6C-1000A-P Heavy Duty Inkremetalni Enkoder sa Punarosovinom 10 mm<\/p>\n<p>&nbsp;<\/p>\n<p>Puna osovina pre\u010dnika 10 mm<\/p>\n<p>Pre\u010dnik ku\u0107i\u0161ta 60 mm<\/p>\n<p>Rezolucija: 5 do 5000 impulsa po obrtaju (PPR)<\/p>\n<p>PCD 48 \/ 3-M3, pre\u010dnik 60 mm<\/p>\n<p>Osovina pre\u010dnika 10 mm<\/p>\n<p>Broj impulsa po obrtaju: 10 do 5000 PPR<\/p>\n<p>Enkoder za te\u017ea optere\u0107enja (Heavy Duty)<\/p>","protected":false},"excerpt":{"rendered":"<p>Hontko Heavy Duty enkoder HTR-6C-1000A-P\u00a0 sa punom osovinom od 10 mm i ku\u0107i\u0161tem pre\u010dnika 60 mm nudi visoku rezoluciju do 5000 impulsa po obrtaju, idealan za zahtevne industrijske primene.<\/p>","protected":false},"featured_media":29356,"template":"","meta":[],"product_brand":[112],"product_cat":[30,78],"product_tag":[],"class_list":{"0":"post-29355","1":"product","2":"type-product","3":"status-publish","4":"has-post-thumbnail","6":"product_brand-hontko","7":"product_cat-industrijski-senzori","8":"product_cat-enkoderi","10":"first","11":"instock","12":"taxable","13":"shipping-taxable","14":"purchasable","15":"product-type-simple"},"_links":{"self":[{"href":"https:\/\/gliki.at\/en\/wp-json\/wp\/v2\/product\/29355","targetHints":{"allow":["GET"]}}],"collection":[{"href":"https:\/\/gliki.at\/en\/wp-json\/wp\/v2\/product"}],"about":[{"href":"https:\/\/gliki.at\/en\/wp-json\/wp\/v2\/types\/product"}],"version-history":[{"count":3,"href":"https:\/\/gliki.at\/en\/wp-json\/wp\/v2\/product\/29355\/revisions"}],"predecessor-version":[{"id":32866,"href":"https:\/\/gliki.at\/en\/wp-json\/wp\/v2\/product\/29355\/revisions\/32866"}],"wp:featuredmedia":[{"embeddable":true,"href":"https:\/\/gliki.at\/en\/wp-json\/wp\/v2\/media\/29356"}],"wp:attachment":[{"href":"https:\/\/gliki.at\/en\/wp-json\/wp\/v2\/media?parent=29355"}],"wp:term":[{"taxonomy":"product_brand","embeddable":true,"href":"https:\/\/gliki.at\/en\/wp-json\/wp\/v2\/product_brand?post=29355"},{"taxonomy":"product_cat","embeddable":true,"href":"https:\/\/gliki.at\/en\/wp-json\/wp\/v2\/product_cat?post=29355"},{"taxonomy":"product_tag","embeddable":true,"href":"https:\/\/gliki.at\/en\/wp-json\/wp\/v2\/product_tag?post=29355"}],"curies":[{"name":"wp","href":"https:\/\/api.w.org\/{rel}","templated":true}]}}