{"id":29576,"date":"2025-04-30T08:55:51","date_gmt":"2025-04-30T06:55:51","guid":{"rendered":"https:\/\/gliki.at\/?post_type=product&#038;p=29576"},"modified":"2025-07-28T10:37:36","modified_gmt":"2025-07-28T08:37:36","slug":"taster-beli-xb22","status":"publish","type":"product","link":"https:\/\/gliki.at\/en\/shop\/prekidaci\/taster-beli-xb22\/","title":{"rendered":"taster beli XB22 Auspicious"},"content":{"rendered":"<p>AUSPICIOUS XB22 serija obuhvata momentne i dr\u017ene tastere, svetlosne indikatore i prekida\u010de za upravljanje. Sa standardnim pre\u010dnikom od 22 mm, ovaj model je pogodan za ugradnju u ve\u0107inu industrijskih panela i kontrolnih ormara. Karakteri\u0161e ga robusna konstrukcija, visoka mehani\u010dka otpornost i dug vek trajanja. Dostupan je u vi\u0161e varijanti (crveni, zeleni, \u017euti, plavi, crni tasteri) i<\/p>\n<p>Boja tastera : Bela<\/p>\n<p>Mehani\u010dki \u017eivotni vek: Vi\u0161e od 1.000.000 operacija<\/p>\n<p>Materijal ku\u0107i\u0161ta: Plastika otporna na udarce i hemikalije<\/p>\n<p>Za\u0161tita: IP65 (otporno na pra\u0161inu i mlazove vode \u2013 zavisno od varijante)<\/p>\n<p>Primena:<br \/>\nIndustrijska automatizacija<\/p>\n<p>Ma\u0161inska industrija<\/p>\n<p>Transportne trake i proizvodne linije<\/p>\n<p>Elektro ormari i komandni paneli<\/p>\n<p>Sistemi za pokretanje\/zaustavljanje ma\u0161ina<\/p>\n<p>AUSPICIOUS XB22 je pouzdan izbor za sve vrste industrijskih aplikacija koje zahtevaju dugotrajne, mehani\u010dki robusne tastere i prekida\u010de pogodnie za brzo i sigurno upravljanje procesima.<\/p>","protected":false},"excerpt":{"rendered":"<p>AUSPICIOUS XB22 je industrijski taster (prekida\u010d) dizajniran za upravljanje ma\u0161inama, elektro-ormarima i sistemima automatizacije, obezbe\u0111uju\u0107i dugotrajnost, sigurnost i pouzdan rad u zahtevnim industrijskim uslovima<\/p>","protected":false},"featured_media":29578,"template":"","meta":[],"product_brand":[115],"product_cat":[29],"product_tag":[],"class_list":{"0":"post-29576","1":"product","2":"type-product","3":"status-publish","4":"has-post-thumbnail","6":"product_brand-auspicious","7":"product_cat-prekidaci","9":"first","10":"instock","11":"taxable","12":"shipping-taxable","13":"purchasable","14":"product-type-simple"},"_links":{"self":[{"href":"https:\/\/gliki.at\/en\/wp-json\/wp\/v2\/product\/29576","targetHints":{"allow":["GET"]}}],"collection":[{"href":"https:\/\/gliki.at\/en\/wp-json\/wp\/v2\/product"}],"about":[{"href":"https:\/\/gliki.at\/en\/wp-json\/wp\/v2\/types\/product"}],"version-history":[{"count":3,"href":"https:\/\/gliki.at\/en\/wp-json\/wp\/v2\/product\/29576\/revisions"}],"predecessor-version":[{"id":32892,"href":"https:\/\/gliki.at\/en\/wp-json\/wp\/v2\/product\/29576\/revisions\/32892"}],"wp:featuredmedia":[{"embeddable":true,"href":"https:\/\/gliki.at\/en\/wp-json\/wp\/v2\/media\/29578"}],"wp:attachment":[{"href":"https:\/\/gliki.at\/en\/wp-json\/wp\/v2\/media?parent=29576"}],"wp:term":[{"taxonomy":"product_brand","embeddable":true,"href":"https:\/\/gliki.at\/en\/wp-json\/wp\/v2\/product_brand?post=29576"},{"taxonomy":"product_cat","embeddable":true,"href":"https:\/\/gliki.at\/en\/wp-json\/wp\/v2\/product_cat?post=29576"},{"taxonomy":"product_tag","embeddable":true,"href":"https:\/\/gliki.at\/en\/wp-json\/wp\/v2\/product_tag?post=29576"}],"curies":[{"name":"wp","href":"https:\/\/api.w.org\/{rel}","templated":true}]}}