{"id":29714,"date":"2025-05-01T10:28:16","date_gmt":"2025-05-01T08:28:16","guid":{"rendered":"https:\/\/gliki.at\/?post_type=product&#038;p=29714"},"modified":"2025-07-28T15:40:15","modified_gmt":"2025-07-28T13:40:15","slug":"prekidac-a402-40a","status":"publish","type":"product","link":"https:\/\/gliki.at\/en\/shop\/prekidaci\/prekidac-a402-40a\/","title":{"rendered":"Rotacioni prekida\u010d A402 40A Auspicious"},"content":{"rendered":"<p>Rotacioni prekida\u010d 40A, 3-polni, za monta\u017eu na vrata ormana, model A402, Auspicious<\/p>\n<p>OFF-ON rotacioni prekida\u010d za promenu smera<\/p>\n<p>Nazivna struja: 40A, 600V<\/p>\n<p>Broj polova: 3<\/p>\n<p>Broj stepeni: 2<\/p>\n<p>Monta\u017ea na vrata ormana<\/p>\n<p>Dimenzije monta\u017ene plo\u010de: 64 mm x 64 mm<\/p>\n<p>Standardne sertifikacije: UL Listed, TUV, CE oznaka, CSA<\/p>\n<p>Model: A402<\/p>\n<p>Brend: Auspicious<\/p>\n<p>Zemlja porekla: Tajvan<\/p>","protected":false},"excerpt":{"rendered":"<p>Auspicious A402 rotacioni prekida\u010d, 40A 600V, 3-polni, za monta\u017eu na vrata ormana. Sertifikovan po UL, TUV, CE i CSA standardima. Idealno za industrijsku upotrebu.<\/p>","protected":false},"featured_media":29715,"template":"","meta":[],"product_brand":[115],"product_cat":[29],"product_tag":[],"class_list":{"0":"post-29714","1":"product","2":"type-product","3":"status-publish","4":"has-post-thumbnail","6":"product_brand-auspicious","7":"product_cat-prekidaci","9":"first","10":"instock","11":"taxable","12":"shipping-taxable","13":"purchasable","14":"product-type-simple"},"_links":{"self":[{"href":"https:\/\/gliki.at\/en\/wp-json\/wp\/v2\/product\/29714","targetHints":{"allow":["GET"]}}],"collection":[{"href":"https:\/\/gliki.at\/en\/wp-json\/wp\/v2\/product"}],"about":[{"href":"https:\/\/gliki.at\/en\/wp-json\/wp\/v2\/types\/product"}],"version-history":[{"count":3,"href":"https:\/\/gliki.at\/en\/wp-json\/wp\/v2\/product\/29714\/revisions"}],"predecessor-version":[{"id":32970,"href":"https:\/\/gliki.at\/en\/wp-json\/wp\/v2\/product\/29714\/revisions\/32970"}],"wp:featuredmedia":[{"embeddable":true,"href":"https:\/\/gliki.at\/en\/wp-json\/wp\/v2\/media\/29715"}],"wp:attachment":[{"href":"https:\/\/gliki.at\/en\/wp-json\/wp\/v2\/media?parent=29714"}],"wp:term":[{"taxonomy":"product_brand","embeddable":true,"href":"https:\/\/gliki.at\/en\/wp-json\/wp\/v2\/product_brand?post=29714"},{"taxonomy":"product_cat","embeddable":true,"href":"https:\/\/gliki.at\/en\/wp-json\/wp\/v2\/product_cat?post=29714"},{"taxonomy":"product_tag","embeddable":true,"href":"https:\/\/gliki.at\/en\/wp-json\/wp\/v2\/product_tag?post=29714"}],"curies":[{"name":"wp","href":"https:\/\/api.w.org\/{rel}","templated":true}]}}