{"id":29734,"date":"2025-05-06T13:01:28","date_gmt":"2025-05-06T11:01:28","guid":{"rendered":"https:\/\/gliki.at\/?post_type=product&#038;p=29734"},"modified":"2025-08-06T12:49:30","modified_gmt":"2025-08-06T10:49:30","slug":"88-02-0-230-0002-visefunkcijski-vremenski-relej","status":"publish","type":"product","link":"https:\/\/gliki.at\/en\/shop\/releji\/oprema-za-releje\/88-02-0-230-0002-visefunkcijski-vremenski-relej\/","title":{"rendered":"Finder 88.02.0.230.0002 &#8211; plug in tajmer"},"content":{"rendered":"<p data-start=\"20\" data-end=\"38\">Tip modula: tajmer<\/p>\n<p data-start=\"40\" data-end=\"71\">Opseg brojanja: 0,05 s do 100 h<\/p>\n<p data-start=\"73\" data-end=\"91\">Vrsta izlaza: DPDT<\/p>\n<p data-start=\"93\" data-end=\"136\">Elektri\u010dni parametri izlaza 1: 250V AC \/ 5A<\/p>\n<p data-start=\"138\" data-end=\"160\">Serija proizvo\u0111a\u010da: 88<\/p>\n<p data-start=\"162\" data-end=\"181\">Broj re\u017eima rada: 7<\/p>\n<p data-start=\"183\" data-end=\"237\">Elektri\u010dno povezivanje: okrugli le\u017ei\u0161te (round socket)<\/p>\n<p data-start=\"239\" data-end=\"264\">Monta\u017ea: le\u017ei\u0161te (socket)<\/p>\n<p data-start=\"266\" data-end=\"295\">Radna temperatura: -10&#8230;55\u00b0C<\/p>\n<p data-start=\"297\" data-end=\"312\">Broj pinova: 11<\/p>\n<p data-start=\"314\" data-end=\"348\">IP za\u0161tita: IP40 sa prednje strane<\/p>\n<p data-start=\"350\" data-end=\"389\">Dimenzije otvora za monta\u017eu: 45 x 45 mm<\/p>\n<p data-start=\"391\" data-end=\"434\">Napon napajanja: 24&#8230;230V AC, 24&#8230;230V DC<\/p>\n<p data-start=\"436\" data-end=\"458\" data-is-last-node=\"\" data-is-only-node=\"\">Bruto te\u017eina: 126,72 g<\/p>","protected":false},"excerpt":{"rendered":"<p>Finder serija 88 tajmer modul sa DPDT izlazom (250V AC\/5A), 7 re\u017eima rada, okruglim le\u017ei\u0161tem za monta\u017eu, radnom temperaturom od -10 do 55\u00b0C i naponom napajanja 24\u2013230V AC\/DC.<\/p>","protected":false},"featured_media":29735,"template":"","meta":[],"product_brand":[114],"product_cat":[132,76],"product_tag":[],"class_list":{"0":"post-29734","1":"product","2":"type-product","3":"status-publish","4":"has-post-thumbnail","6":"product_brand-finder","7":"product_cat-oprema-za-releje","8":"product_cat-releji","10":"first","11":"instock","12":"taxable","13":"shipping-taxable","14":"purchasable","15":"product-type-simple"},"_links":{"self":[{"href":"https:\/\/gliki.at\/en\/wp-json\/wp\/v2\/product\/29734","targetHints":{"allow":["GET"]}}],"collection":[{"href":"https:\/\/gliki.at\/en\/wp-json\/wp\/v2\/product"}],"about":[{"href":"https:\/\/gliki.at\/en\/wp-json\/wp\/v2\/types\/product"}],"version-history":[{"count":6,"href":"https:\/\/gliki.at\/en\/wp-json\/wp\/v2\/product\/29734\/revisions"}],"predecessor-version":[{"id":33091,"href":"https:\/\/gliki.at\/en\/wp-json\/wp\/v2\/product\/29734\/revisions\/33091"}],"wp:featuredmedia":[{"embeddable":true,"href":"https:\/\/gliki.at\/en\/wp-json\/wp\/v2\/media\/29735"}],"wp:attachment":[{"href":"https:\/\/gliki.at\/en\/wp-json\/wp\/v2\/media?parent=29734"}],"wp:term":[{"taxonomy":"product_brand","embeddable":true,"href":"https:\/\/gliki.at\/en\/wp-json\/wp\/v2\/product_brand?post=29734"},{"taxonomy":"product_cat","embeddable":true,"href":"https:\/\/gliki.at\/en\/wp-json\/wp\/v2\/product_cat?post=29734"},{"taxonomy":"product_tag","embeddable":true,"href":"https:\/\/gliki.at\/en\/wp-json\/wp\/v2\/product_tag?post=29734"}],"curies":[{"name":"wp","href":"https:\/\/api.w.org\/{rel}","templated":true}]}}