{"id":29747,"date":"2025-05-06T13:14:31","date_gmt":"2025-05-06T11:14:31","guid":{"rendered":"https:\/\/gliki.at\/?post_type=product&#038;p=29747"},"modified":"2025-10-07T15:57:03","modified_gmt":"2025-10-07T13:57:03","slug":"85-04-8-240-0000-industrijski-relej-sa-4-kontakta-i-ac-kalemom","status":"publish","type":"product","link":"https:\/\/gliki.at\/en\/shop\/releji\/vremenski-releji\/85-04-8-240-0000-industrijski-relej-sa-4-kontakta-i-ac-kalemom\/","title":{"rendered":"Finder 85.04.8.240.0000 \u2013 vremenski relej"},"content":{"rendered":"<p>Tip modula: tajmer<\/p>\n<p>Opseg brojanja: 0,05 s do 100 h<\/p>\n<p>Vrsta izlaza: 3PDT<\/p>\n<p>Elektri\u010dni parametri izlaza 1: 250V AC \/ 10A<\/p>\n<p>Serija proizvo\u0111a\u010da: 85<\/p>\n<p>Broj re\u017eima rada: 4<\/p>\n<p>Re\u017eimi rada brojila: odlo\u017eeno uklju\u010denje, uklju\u010denje na pode\u0161eni interval, impuls nakon odre\u0111enog vremena, simetri\u010dni cikli\u010dni rad (impuls prvi) sa upravlja\u010dkim kontaktom S<\/p>\n<p>Monta\u017ea: za monta\u017eu na DIN \u0161inu, na panel ili u le\u017ei\u0161te<\/p>\n<p>Radna temperatura: -20&#8230;60\u00b0C<\/p>\n<p>Broj pinova: 11<\/p>\n<p>IP za\u0161tita: IP40<\/p>\n<p>Dodatni upravlja\u010dki ulazi: START<\/p>\n<p>Povezani proizvodi: 94.73, 94.73.0, 94.03, 94.03.0, 94.P3<\/p>\n<p>Indikacija: LED<\/p>\n<p>Napon napajanja: 24V AC, 24V DC<\/p>\n<p>Bruto te\u017eina: 63,11 g<\/p>","protected":false},"excerpt":{"rendered":"<p>Finder 85 serije tajmer sa 3PDT izlazom (250V AC\/10A), 4 re\u017eima rada, opsegom od 0,05s do 100h, LED indikacijom, montira se na DIN \u0161inu, panel ili le\u017ei\u0161te, radi na 24V AC\/DC i podr\u017eava dodatni START ulaz.<\/p>","protected":false},"featured_media":30230,"template":"","meta":[],"product_brand":[114],"product_cat":[236,76],"product_tag":[],"class_list":{"0":"post-29747","1":"product","2":"type-product","3":"status-publish","4":"has-post-thumbnail","6":"product_brand-finder","7":"product_cat-vremenski-releji","8":"product_cat-releji","10":"first","11":"instock","12":"taxable","13":"shipping-taxable","14":"product-type-simple"},"_links":{"self":[{"href":"https:\/\/gliki.at\/en\/wp-json\/wp\/v2\/product\/29747","targetHints":{"allow":["GET"]}}],"collection":[{"href":"https:\/\/gliki.at\/en\/wp-json\/wp\/v2\/product"}],"about":[{"href":"https:\/\/gliki.at\/en\/wp-json\/wp\/v2\/types\/product"}],"version-history":[{"count":5,"href":"https:\/\/gliki.at\/en\/wp-json\/wp\/v2\/product\/29747\/revisions"}],"predecessor-version":[{"id":33087,"href":"https:\/\/gliki.at\/en\/wp-json\/wp\/v2\/product\/29747\/revisions\/33087"}],"wp:featuredmedia":[{"embeddable":true,"href":"https:\/\/gliki.at\/en\/wp-json\/wp\/v2\/media\/30230"}],"wp:attachment":[{"href":"https:\/\/gliki.at\/en\/wp-json\/wp\/v2\/media?parent=29747"}],"wp:term":[{"taxonomy":"product_brand","embeddable":true,"href":"https:\/\/gliki.at\/en\/wp-json\/wp\/v2\/product_brand?post=29747"},{"taxonomy":"product_cat","embeddable":true,"href":"https:\/\/gliki.at\/en\/wp-json\/wp\/v2\/product_cat?post=29747"},{"taxonomy":"product_tag","embeddable":true,"href":"https:\/\/gliki.at\/en\/wp-json\/wp\/v2\/product_tag?post=29747"}],"curies":[{"name":"wp","href":"https:\/\/api.w.org\/{rel}","templated":true}]}}