{"id":29766,"date":"2025-05-06T13:28:01","date_gmt":"2025-05-06T11:28:01","guid":{"rendered":"https:\/\/gliki.at\/?post_type=product&#038;p=29766"},"modified":"2025-10-07T15:58:06","modified_gmt":"2025-10-07T13:58:06","slug":"84-02-0-230-0000-relej-sa-vremenskim-kasnjenjem-iskljucenja-230v-ac","status":"publish","type":"product","link":"https:\/\/gliki.at\/en\/shop\/releji\/vremenski-releji\/84-02-0-230-0000-relej-sa-vremenskim-kasnjenjem-iskljucenja-230v-ac\/","title":{"rendered":"Finder 84.02.0.230.0000 \u2013 Pametni tajmer"},"content":{"rendered":"<p>Tip 84.02 je digitalni SMARTimer, multifunkcionalni ure\u0111aj sa \u201e2 u 1\u201c \u2013 dva potpuno nezavisno programabilna kanala u jednom proizvodu. Ima dva na\u010dina programiranja: \u201eSmart\u201c mod putem pametnog telefona kori\u0161\u0107enjem NFC tehnologije ili \u201eKlasi\u010dni\u201c mod pomo\u0107u integrisanog d\u017eojstika.<\/p>\n<p>Ure\u0111aj poseduje veliki LCD displej sa pozadinskim osvetljenjem za lako o\u010ditavanje parametara i visoku fleksibilnost zahvaljuju\u0107i mogu\u0107nosti kreiranja specifi\u010dnih funkcija kombinovanjem 30 dostupnih funkcija po kanalu.<\/p>\n<p>Veliki displej omogu\u0107ava jasan prikaz ciljanog vremena, parcijalnog vremena, indikatora vremena u toku, statusa ulaza i izlaza.<\/p>\n<p>Karakteristike:<\/p>\n<p>2 preklopna kontakta 16 A<\/p>\n<p>Dostupna dva naponska opsega: 12 \u2026 24 V AC\/DC i 110 \u2026 240 V AC\/DC (nepolarisano)<\/p>\n<p>Visoka preciznost i \u0161iroke mogu\u0107nosti pode\u0161avanja vremena:<br \/>\n\u2022 Skala u desetinkama sekunde, sekundama, minutima, satima<br \/>\n\u2022 Vremenski opseg od 0,1 sekunde do 9999 sati<\/p>\n<p>Posebni ulazi za Start za svaki kanal; zajedni\u010dki ulaz za Reset i zajedni\u010dki ulaz za Pauzu (koji se mo\u017ee omogu\u0107iti za svaki kanal)<\/p>\n<p>PIN kod za za\u0161titu pristupa programiranju<\/p>\n<p>Izbor izme\u0111u rastu\u0107eg i opadaju\u0107eg brojanja<\/p>\n<p>Monta\u017ea na DIN \u0161inu 35 mm (EN 60715)<\/p>\n<p>Tip 84.02.0.024.0000: mogu\u0107 direktan interfejs sa senzorima blizine (PNP i NPN)<\/p>","protected":false},"excerpt":{"rendered":"<p>Finder 84.02 SMARTimer je digitalni multifunkcionalni tajmer sa dva nezavisna kanala, programiran putem NFC-a ili d\u017eojstika, LCD ekranom, \u0161irokim opsegom pode\u0161avanja vremena (0,1 s do 9999 h), PIN za\u0161titom i kompatibilno\u0161\u0107u sa PNP\/NPN senzorima.<\/p>","protected":false},"featured_media":29767,"template":"","meta":[],"product_brand":[114],"product_cat":[236,76],"product_tag":[],"class_list":{"0":"post-29766","1":"product","2":"type-product","3":"status-publish","4":"has-post-thumbnail","6":"product_brand-finder","7":"product_cat-vremenski-releji","8":"product_cat-releji","10":"first","11":"instock","12":"taxable","13":"shipping-taxable","14":"purchasable","15":"product-type-simple"},"_links":{"self":[{"href":"https:\/\/gliki.at\/en\/wp-json\/wp\/v2\/product\/29766","targetHints":{"allow":["GET"]}}],"collection":[{"href":"https:\/\/gliki.at\/en\/wp-json\/wp\/v2\/product"}],"about":[{"href":"https:\/\/gliki.at\/en\/wp-json\/wp\/v2\/types\/product"}],"version-history":[{"count":6,"href":"https:\/\/gliki.at\/en\/wp-json\/wp\/v2\/product\/29766\/revisions"}],"predecessor-version":[{"id":33084,"href":"https:\/\/gliki.at\/en\/wp-json\/wp\/v2\/product\/29766\/revisions\/33084"}],"wp:featuredmedia":[{"embeddable":true,"href":"https:\/\/gliki.at\/en\/wp-json\/wp\/v2\/media\/29767"}],"wp:attachment":[{"href":"https:\/\/gliki.at\/en\/wp-json\/wp\/v2\/media?parent=29766"}],"wp:term":[{"taxonomy":"product_brand","embeddable":true,"href":"https:\/\/gliki.at\/en\/wp-json\/wp\/v2\/product_brand?post=29766"},{"taxonomy":"product_cat","embeddable":true,"href":"https:\/\/gliki.at\/en\/wp-json\/wp\/v2\/product_cat?post=29766"},{"taxonomy":"product_tag","embeddable":true,"href":"https:\/\/gliki.at\/en\/wp-json\/wp\/v2\/product_tag?post=29766"}],"curies":[{"name":"wp","href":"https:\/\/api.w.org\/{rel}","templated":true}]}}