{"id":29787,"date":"2025-05-06T13:46:33","date_gmt":"2025-05-06T11:46:33","guid":{"rendered":"https:\/\/gliki.at\/?post_type=product&#038;p=29787"},"modified":"2025-10-07T16:01:05","modified_gmt":"2025-10-07T14:01:05","slug":"80-91-0-240-0000-kontrolni-relej-240v-ac","status":"publish","type":"product","link":"https:\/\/gliki.at\/en\/shop\/releji\/vremenski-releji\/80-91-0-240-0000-kontrolni-relej-240v-ac\/","title":{"rendered":"Finder 80.91.0.240.0000 \u2013 Modularni monofunkcijski tajmer 16A"},"content":{"rendered":"<p>Tajmer tipa 80.91 \u2013 asimetri\u010dni bljeskaju\u0107i modularni tajmer, vi\u0161enaponski.<\/p>\n<p>Karakteristike:<\/p>\n<p>\u0160irina 17,5 mm<\/p>\n<p>\u0160est vremenskih opsega od 0,1 s do 24 h<\/p>\n<p>Visoka izolacija izme\u0111u ulaza i izlaza<\/p>\n<p>Monta\u017ea na DIN \u0161inu od 35 mm (EN 60715)<\/p>\n<p>\u201eBlade + cross\u201c \u2013 mogu\u0107nost pode\u0161avanja selektora opsega i potenciometara za pode\u0161avanje vremena pomo\u0107u ravnog ili krstastog odvija\u010da, kao i otpu\u0161tanja monta\u017enog klipa<\/p>\n<p>Nova vi\u0161enaponska verzija sa \u201ePWM clever\u201c tehnologijom<\/p>","protected":false},"excerpt":{"rendered":"<p>Finder 80.91.0.240.0000 je modularni monofunkcijski tajmer snage 16 A, namenjen za precizno upravljanje vremenom u industrijskim i komercijalnim aplikacijama. Idealan za monta\u017eu na DIN \u0161inu, nudi pouzdan rad i jednostavnu integraciju u elektri\u010dne sisteme<\/p>","protected":false},"featured_media":29788,"template":"","meta":[],"product_brand":[114],"product_cat":[236,76],"product_tag":[],"class_list":{"0":"post-29787","1":"product","2":"type-product","3":"status-publish","4":"has-post-thumbnail","6":"product_brand-finder","7":"product_cat-vremenski-releji","8":"product_cat-releji","10":"first","11":"instock","12":"taxable","13":"shipping-taxable","14":"purchasable","15":"product-type-simple"},"_links":{"self":[{"href":"https:\/\/gliki.at\/en\/wp-json\/wp\/v2\/product\/29787","targetHints":{"allow":["GET"]}}],"collection":[{"href":"https:\/\/gliki.at\/en\/wp-json\/wp\/v2\/product"}],"about":[{"href":"https:\/\/gliki.at\/en\/wp-json\/wp\/v2\/types\/product"}],"version-history":[{"count":5,"href":"https:\/\/gliki.at\/en\/wp-json\/wp\/v2\/product\/29787\/revisions"}],"predecessor-version":[{"id":33095,"href":"https:\/\/gliki.at\/en\/wp-json\/wp\/v2\/product\/29787\/revisions\/33095"}],"wp:featuredmedia":[{"embeddable":true,"href":"https:\/\/gliki.at\/en\/wp-json\/wp\/v2\/media\/29788"}],"wp:attachment":[{"href":"https:\/\/gliki.at\/en\/wp-json\/wp\/v2\/media?parent=29787"}],"wp:term":[{"taxonomy":"product_brand","embeddable":true,"href":"https:\/\/gliki.at\/en\/wp-json\/wp\/v2\/product_brand?post=29787"},{"taxonomy":"product_cat","embeddable":true,"href":"https:\/\/gliki.at\/en\/wp-json\/wp\/v2\/product_cat?post=29787"},{"taxonomy":"product_tag","embeddable":true,"href":"https:\/\/gliki.at\/en\/wp-json\/wp\/v2\/product_tag?post=29787"}],"curies":[{"name":"wp","href":"https:\/\/api.w.org\/{rel}","templated":true}]}}