{"id":29795,"date":"2025-05-06T13:50:10","date_gmt":"2025-05-06T11:50:10","guid":{"rendered":"https:\/\/gliki.at\/?post_type=product&#038;p=29795"},"modified":"2025-10-07T16:00:43","modified_gmt":"2025-10-07T14:00:43","slug":"80-61-0-240-2000-industrijski-relej-sa-jednim-kontaktom-240v-ac-16a","status":"publish","type":"product","link":"https:\/\/gliki.at\/en\/shop\/releji\/vremenski-releji\/80-61-0-240-2000-industrijski-relej-sa-jednim-kontaktom-240v-ac-16a\/","title":{"rendered":"Finder 80.61.0.240.0000 \u2013 Modularni tajmer"},"content":{"rendered":"<p>Tajmer Finder 80.61 za odlo\u017eeno isklju\u010divanje (pravo odlo\u017eeno isklju\u010divanje), modularni, vi\u0161e-naponski.<\/p>\n<p>Karakteristike:<\/p>\n<p>Vi\u0161e-naponski<\/p>\n<p>Jednofunkcijski<\/p>\n<p>\u0160irina 17,5 mm<\/p>\n<p>Obrtni bira\u010d vremenskog opsega i precizni trimer za pode\u0161avanje vremena<\/p>\n<p>\u010cetiri vremenska opsega: od 0,05 s do 180 s<\/p>\n<p>Visoka izolacija izme\u0111u ulaza i izlaza<\/p>\n<p>Monta\u017ea na DIN \u0161inu (EN 60715)<\/p>","protected":false},"excerpt":{"rendered":"<p>Finder 80.61 je jednofunkcijski modularni tajmer za odlo\u017eeno isklju\u010divanje, \u0161irine 17,5 mm, sa vi\u0161e-naponskim napajanjem, \u010detiri vremenska opsega (0,05 s do 180 s), visokom izolacijom ulaz\/izlaz i mogu\u0107no\u0161\u0107u monta\u017ee na DIN \u0161inu.<\/p>","protected":false},"featured_media":29796,"template":"","meta":[],"product_brand":[114],"product_cat":[236,76],"product_tag":[],"class_list":{"0":"post-29795","1":"product","2":"type-product","3":"status-publish","4":"has-post-thumbnail","6":"product_brand-finder","7":"product_cat-vremenski-releji","8":"product_cat-releji","10":"first","11":"instock","12":"taxable","13":"shipping-taxable","14":"purchasable","15":"product-type-simple"},"_links":{"self":[{"href":"https:\/\/gliki.at\/en\/wp-json\/wp\/v2\/product\/29795","targetHints":{"allow":["GET"]}}],"collection":[{"href":"https:\/\/gliki.at\/en\/wp-json\/wp\/v2\/product"}],"about":[{"href":"https:\/\/gliki.at\/en\/wp-json\/wp\/v2\/types\/product"}],"version-history":[{"count":6,"href":"https:\/\/gliki.at\/en\/wp-json\/wp\/v2\/product\/29795\/revisions"}],"predecessor-version":[{"id":33392,"href":"https:\/\/gliki.at\/en\/wp-json\/wp\/v2\/product\/29795\/revisions\/33392"}],"wp:featuredmedia":[{"embeddable":true,"href":"https:\/\/gliki.at\/en\/wp-json\/wp\/v2\/media\/29796"}],"wp:attachment":[{"href":"https:\/\/gliki.at\/en\/wp-json\/wp\/v2\/media?parent=29795"}],"wp:term":[{"taxonomy":"product_brand","embeddable":true,"href":"https:\/\/gliki.at\/en\/wp-json\/wp\/v2\/product_brand?post=29795"},{"taxonomy":"product_cat","embeddable":true,"href":"https:\/\/gliki.at\/en\/wp-json\/wp\/v2\/product_cat?post=29795"},{"taxonomy":"product_tag","embeddable":true,"href":"https:\/\/gliki.at\/en\/wp-json\/wp\/v2\/product_tag?post=29795"}],"curies":[{"name":"wp","href":"https:\/\/api.w.org\/{rel}","templated":true}]}}