{"id":29799,"date":"2025-05-06T13:52:08","date_gmt":"2025-05-06T11:52:08","guid":{"rendered":"https:\/\/gliki.at\/?post_type=product&#038;p=29799"},"modified":"2025-10-07T16:00:10","modified_gmt":"2025-10-07T14:00:10","slug":"80-41-0-240-0000-industrijski-relej-1-kontakt-spdt-240v-ac","status":"publish","type":"product","link":"https:\/\/gliki.at\/en\/shop\/releji\/vremenski-releji\/80-41-0-240-0000-industrijski-relej-1-kontakt-spdt-240v-ac\/","title":{"rendered":"Finder 80.41.0.240.0000 \u2013 Modularni tajmer"},"content":{"rendered":"<p>Tip 80.41 je modularni tajmer, \u0161irine 17,5 mm, vi\u0161e-naponski, sa BE funkcijom (odlo\u017eeno isklju\u010divanje sa kontrolnim signalom).<\/p>\n<p>Karakteristike:<\/p>\n<p>\u0160est vremenskih opsega od 0,1 s do 24 h<\/p>\n<p>Visoka izolacija izme\u0111u ulaza i izlaza<\/p>\n<p>\u201eBlade + cross\u201c: Mogu\u0107nost pode\u0161avanja selektora opsega i funkcije, potenciometra za vreme, kao i otpu\u0161tanja stezne kop\u010de za DIN \u0161inu pomo\u0107u ravnog ili krstastog odvija\u010da<\/p>\n<p>Nova vi\u0161e-naponska verzija sa \u201ePWM clever\u201c tehnologijom<\/p>\n<p>Monta\u017ea na DIN \u0161inu od 35 mm (EN 60715)<\/p>","protected":false},"excerpt":{"rendered":"<article class=\"text-token-text-primary w-full focus:outline-none scroll-mt-[calc(var(--header-height)+min(200px,max(70px,20svh)))]\" dir=\"auto\" data-testid=\"conversation-turn-110\" data-scroll-anchor=\"true\" data-turn=\"assistant\">\n<div class=\"text-base my-auto mx-auto pb-10 [--thread-content-margin:--spacing(4)] @[37rem]:[--thread-content-margin:--spacing(6)] @[72rem]:[--thread-content-margin:--spacing(16)] px-(--thread-content-margin)\">\n<div class=\"[--thread-content-max-width:32rem] @[34rem]:[--thread-content-max-width:40rem] @[64rem]:[--thread-content-max-width:48rem] mx-auto max-w-(--thread-content-max-width) flex-1 group\/turn-messages focus-visible:outline-hidden relative flex w-full min-w-0 flex-col agent-turn\">\n<div class=\"flex max-w-full flex-col grow\">\n<div class=\"min-h-8 text-message relative flex w-full flex-col items-end gap-2 text-start break-words whitespace-normal [.text-message+&amp;]:mt-5\" dir=\"auto\" data-message-author-role=\"assistant\" data-message-id=\"76e09211-d92b-448b-8466-e8a57e7645dd\" data-message-model-slug=\"gpt-4-1-mini\">\n<div class=\"flex w-full flex-col gap-1 empty:hidden first:pt-[3px]\">\n<div class=\"markdown prose dark:prose-invert w-full break-words light\">\n<p data-start=\"0\" data-end=\"212\" data-is-last-node=\"\" data-is-only-node=\"\">Finder 80.41 je modularni vi\u0161e-naponski tajmer \u0161irine 17,5 mm sa funkcijom odlo\u017eenog isklju\u010divanja i \u0161est vremenskih opsega (0,1 s do 24 h). Poseduje visoku izolaciju, pode\u0161avanje odvija\u010dem i monta\u017eu na DIN \u0161inu.<\/p>\n<\/div>\n<\/div>\n<\/div>\n<\/div>\n<div class=\"flex min-h-[46px] justify-start\"><\/div>\n<div class=\"aria-live=polite absolute\">\n<div class=\"flex items-center justify-center\"><\/div>\n<\/div>\n<\/div>\n<\/div>\n<\/article>\n<div class=\"pointer-events-none h-px w-px\" aria-hidden=\"true\" data-edge=\"true\"><\/div>","protected":false},"featured_media":29800,"template":"","meta":[],"product_brand":[114],"product_cat":[236,76],"product_tag":[],"class_list":{"0":"post-29799","1":"product","2":"type-product","3":"status-publish","4":"has-post-thumbnail","6":"product_brand-finder","7":"product_cat-vremenski-releji","8":"product_cat-releji","10":"first","11":"instock","12":"taxable","13":"shipping-taxable","14":"purchasable","15":"product-type-simple"},"_links":{"self":[{"href":"https:\/\/gliki.at\/en\/wp-json\/wp\/v2\/product\/29799","targetHints":{"allow":["GET"]}}],"collection":[{"href":"https:\/\/gliki.at\/en\/wp-json\/wp\/v2\/product"}],"about":[{"href":"https:\/\/gliki.at\/en\/wp-json\/wp\/v2\/types\/product"}],"version-history":[{"count":5,"href":"https:\/\/gliki.at\/en\/wp-json\/wp\/v2\/product\/29799\/revisions"}],"predecessor-version":[{"id":33098,"href":"https:\/\/gliki.at\/en\/wp-json\/wp\/v2\/product\/29799\/revisions\/33098"}],"wp:featuredmedia":[{"embeddable":true,"href":"https:\/\/gliki.at\/en\/wp-json\/wp\/v2\/media\/29800"}],"wp:attachment":[{"href":"https:\/\/gliki.at\/en\/wp-json\/wp\/v2\/media?parent=29799"}],"wp:term":[{"taxonomy":"product_brand","embeddable":true,"href":"https:\/\/gliki.at\/en\/wp-json\/wp\/v2\/product_brand?post=29799"},{"taxonomy":"product_cat","embeddable":true,"href":"https:\/\/gliki.at\/en\/wp-json\/wp\/v2\/product_cat?post=29799"},{"taxonomy":"product_tag","embeddable":true,"href":"https:\/\/gliki.at\/en\/wp-json\/wp\/v2\/product_tag?post=29799"}],"curies":[{"name":"wp","href":"https:\/\/api.w.org\/{rel}","templated":true}]}}