{"id":29803,"date":"2025-05-06T13:54:12","date_gmt":"2025-05-06T11:54:12","guid":{"rendered":"https:\/\/gliki.at\/?post_type=product&#038;p=29803"},"modified":"2025-10-07T16:00:00","modified_gmt":"2025-10-07T14:00:00","slug":"80-21-0-240-0000-industrijski-relej-2-preklopna-kontakta-dpdt-240v-ac","status":"publish","type":"product","link":"https:\/\/gliki.at\/en\/shop\/releji\/industrijski-releji\/80-21-0-240-0000-industrijski-relej-2-preklopna-kontakta-dpdt-240v-ac\/","title":{"rendered":"Finder 80.21.0.240.0000 \u2013 Industrijski relej"},"content":{"rendered":"<p data-start=\"0\" data-end=\"88\">Tip 80.21 je modularni tajmer \u0161irine 17,5 mm, vi\u0161e-naponski, sa DI funkcijom (interval).<\/p>\n<p data-start=\"90\" data-end=\"105\">Karakteristike:<\/p>\n<ul data-start=\"107\" data-end=\"470\" data-is-last-node=\"\" data-is-only-node=\"\">\n<li data-start=\"107\" data-end=\"150\">\n<p data-start=\"109\" data-end=\"150\">\u0160est vremenskih opsega od 0,1 s do 24 h<\/p>\n<\/li>\n<li data-start=\"151\" data-end=\"193\">\n<p data-start=\"153\" data-end=\"193\">Visoka izolacija izme\u0111u ulaza i izlaza<\/p>\n<\/li>\n<li data-start=\"194\" data-end=\"237\">\n<p data-start=\"196\" data-end=\"237\">Monta\u017ea na DIN \u0161inu od 35 mm (EN 60715)<\/p>\n<\/li>\n<li data-start=\"238\" data-end=\"412\">\n<p data-start=\"240\" data-end=\"412\">\u201eBlade + cross\u201c: Mogu\u0107nost pode\u0161avanja selektora opsega i funkcije, potenciometra za vreme, kao i otpu\u0161tanja stezne kop\u010de za DIN \u0161inu pomo\u0107u ravnog ili krstastog odvija\u010da<\/p>\n<\/li>\n<li data-start=\"413\" data-end=\"470\" data-is-last-node=\"\">\n<p data-start=\"415\" data-end=\"470\" data-is-last-node=\"\">Nova vi\u0161e-naponska verzija sa \u201ePWM clever\u201c tehnologijom<\/p>\n<\/li>\n<\/ul>","protected":false},"excerpt":{"rendered":"<p>Finder 80.21 je modularni vi\u0161e-naponski tajmer \u0161irine 17,5 mm sa intervalnom funkcijom, \u0161est vremenskih opsega (0,1 s do 24 h), visokom izolacijom ulaz\/izlaz i monta\u017eom na DIN \u0161inu. Podesiv odvija\u010dem, sa \u201ePWM clever\u201c tehnologijom.<\/p>","protected":false},"featured_media":29804,"template":"","meta":[],"product_brand":[114],"product_cat":[237,76],"product_tag":[],"class_list":{"0":"post-29803","1":"product","2":"type-product","3":"status-publish","4":"has-post-thumbnail","6":"product_brand-finder","7":"product_cat-industrijski-releji","8":"product_cat-releji","10":"first","11":"instock","12":"taxable","13":"shipping-taxable","14":"purchasable","15":"product-type-simple"},"_links":{"self":[{"href":"https:\/\/gliki.at\/en\/wp-json\/wp\/v2\/product\/29803","targetHints":{"allow":["GET"]}}],"collection":[{"href":"https:\/\/gliki.at\/en\/wp-json\/wp\/v2\/product"}],"about":[{"href":"https:\/\/gliki.at\/en\/wp-json\/wp\/v2\/types\/product"}],"version-history":[{"count":5,"href":"https:\/\/gliki.at\/en\/wp-json\/wp\/v2\/product\/29803\/revisions"}],"predecessor-version":[{"id":33099,"href":"https:\/\/gliki.at\/en\/wp-json\/wp\/v2\/product\/29803\/revisions\/33099"}],"wp:featuredmedia":[{"embeddable":true,"href":"https:\/\/gliki.at\/en\/wp-json\/wp\/v2\/media\/29804"}],"wp:attachment":[{"href":"https:\/\/gliki.at\/en\/wp-json\/wp\/v2\/media?parent=29803"}],"wp:term":[{"taxonomy":"product_brand","embeddable":true,"href":"https:\/\/gliki.at\/en\/wp-json\/wp\/v2\/product_brand?post=29803"},{"taxonomy":"product_cat","embeddable":true,"href":"https:\/\/gliki.at\/en\/wp-json\/wp\/v2\/product_cat?post=29803"},{"taxonomy":"product_tag","embeddable":true,"href":"https:\/\/gliki.at\/en\/wp-json\/wp\/v2\/product_tag?post=29803"}],"curies":[{"name":"wp","href":"https:\/\/api.w.org\/{rel}","templated":true}]}}