{"id":29826,"date":"2025-05-06T14:59:15","date_gmt":"2025-05-06T12:59:15","guid":{"rendered":"https:\/\/gliki.at\/?post_type=product&#038;p=29826"},"modified":"2025-07-31T12:26:34","modified_gmt":"2025-07-31T10:26:34","slug":"99-02-0-245-9-podnozje-za-relej","status":"publish","type":"product","link":"https:\/\/gliki.at\/en\/shop\/releji\/oprema-za-releje\/99-02-0-245-9-podnozje-za-relej\/","title":{"rendered":"Finder 99.02.0.245.9  modul"},"content":{"rendered":"<p>Moduli za indikaciju zavojnice i potiskivanje EMC smetnji. U zavisnosti od odabranog modula, mogu obezbediti: potiskivanje povratnog elektromotornog napona (EMF) prilikom isklju\u010divanja, LED indikaciju koja pokazuje kada je zavojnica pod naponom, za\u0161titu od obrnutog polariteta na priklju\u010dcima zavojnice i zaobila\u017eenje ne\u017eeljenih curenja struje u kolu zavojnice.<\/p>","protected":false},"excerpt":{"rendered":"<p>Moduli za indikaciju zavojnice i potiskivanje EMC smetnji sa LED indikacijom, za\u0161titom od obrnutog polariteta i smanjenjem povratnog EMF napona.<\/p>","protected":false},"featured_media":29827,"template":"","meta":[],"product_brand":[114],"product_cat":[132,76],"product_tag":[],"class_list":{"0":"post-29826","1":"product","2":"type-product","3":"status-publish","4":"has-post-thumbnail","6":"product_brand-finder","7":"product_cat-oprema-za-releje","8":"product_cat-releji","10":"first","11":"instock","12":"taxable","13":"shipping-taxable","14":"product-type-simple"},"_links":{"self":[{"href":"https:\/\/gliki.at\/en\/wp-json\/wp\/v2\/product\/29826","targetHints":{"allow":["GET"]}}],"collection":[{"href":"https:\/\/gliki.at\/en\/wp-json\/wp\/v2\/product"}],"about":[{"href":"https:\/\/gliki.at\/en\/wp-json\/wp\/v2\/types\/product"}],"version-history":[{"count":6,"href":"https:\/\/gliki.at\/en\/wp-json\/wp\/v2\/product\/29826\/revisions"}],"predecessor-version":[{"id":33106,"href":"https:\/\/gliki.at\/en\/wp-json\/wp\/v2\/product\/29826\/revisions\/33106"}],"wp:featuredmedia":[{"embeddable":true,"href":"https:\/\/gliki.at\/en\/wp-json\/wp\/v2\/media\/29827"}],"wp:attachment":[{"href":"https:\/\/gliki.at\/en\/wp-json\/wp\/v2\/media?parent=29826"}],"wp:term":[{"taxonomy":"product_brand","embeddable":true,"href":"https:\/\/gliki.at\/en\/wp-json\/wp\/v2\/product_brand?post=29826"},{"taxonomy":"product_cat","embeddable":true,"href":"https:\/\/gliki.at\/en\/wp-json\/wp\/v2\/product_cat?post=29826"},{"taxonomy":"product_tag","embeddable":true,"href":"https:\/\/gliki.at\/en\/wp-json\/wp\/v2\/product_tag?post=29826"}],"curies":[{"name":"wp","href":"https:\/\/api.w.org\/{rel}","templated":true}]}}