{"id":29875,"date":"2025-05-06T18:45:17","date_gmt":"2025-05-06T16:45:17","guid":{"rendered":"https:\/\/gliki.at\/?post_type=product&#038;p=29875"},"modified":"2025-08-06T12:34:56","modified_gmt":"2025-08-06T10:34:56","slug":"095-18-podnozje-za-relej","status":"publish","type":"product","link":"https:\/\/gliki.at\/en\/shop\/releji\/oprema-za-releje\/095-18-podnozje-za-relej\/","title":{"rendered":"Finder 095.18 \u2013 mosti\u0107 za povezivanje"},"content":{"rendered":"<p>10A<\/p>\n<p>250V AC<\/p>\n<p>Broj pinova:<br \/>\n8<\/p>\n<p>Kompatibilno sa:<br \/>\nFinder<\/p>\n<p>Kompatibilno sa serijama:<br \/>\nFinder serija 40<br \/>\nFinder serija 95<\/p>\n<p>Kompatibilno sa (tipovima):<br \/>\nFinder 40.31<br \/>\nFinder 40.51<br \/>\nFinder 40.52<br \/>\nFinder 40.61<br \/>\nFinder 95.03<br \/>\nFinder 95.05<\/p>\n<p>U skladu sa RoHS direktivom:<br \/>\nDa<\/p>\n<p>Tip:<br \/>\n095.18<\/p>\n<p>Spojna \u0161ina za povezivanje A1 ili A2 terminala, do 8 \u0161rafnih podno\u017eja, 95.05<\/p>","protected":false},"excerpt":{"rendered":"<p>Finder 095.18 \u2013 mosti\u0107 za povezivanje<\/p>","protected":false},"featured_media":30401,"template":"","meta":[],"product_brand":[114],"product_cat":[132],"product_tag":[],"class_list":{"0":"post-29875","1":"product","2":"type-product","3":"status-publish","4":"has-post-thumbnail","6":"product_brand-finder","7":"product_cat-oprema-za-releje","9":"first","10":"instock","11":"taxable","12":"shipping-taxable","13":"purchasable","14":"product-type-simple"},"_links":{"self":[{"href":"https:\/\/gliki.at\/en\/wp-json\/wp\/v2\/product\/29875","targetHints":{"allow":["GET"]}}],"collection":[{"href":"https:\/\/gliki.at\/en\/wp-json\/wp\/v2\/product"}],"about":[{"href":"https:\/\/gliki.at\/en\/wp-json\/wp\/v2\/types\/product"}],"version-history":[{"count":3,"href":"https:\/\/gliki.at\/en\/wp-json\/wp\/v2\/product\/29875\/revisions"}],"predecessor-version":[{"id":33129,"href":"https:\/\/gliki.at\/en\/wp-json\/wp\/v2\/product\/29875\/revisions\/33129"}],"wp:featuredmedia":[{"embeddable":true,"href":"https:\/\/gliki.at\/en\/wp-json\/wp\/v2\/media\/30401"}],"wp:attachment":[{"href":"https:\/\/gliki.at\/en\/wp-json\/wp\/v2\/media?parent=29875"}],"wp:term":[{"taxonomy":"product_brand","embeddable":true,"href":"https:\/\/gliki.at\/en\/wp-json\/wp\/v2\/product_brand?post=29875"},{"taxonomy":"product_cat","embeddable":true,"href":"https:\/\/gliki.at\/en\/wp-json\/wp\/v2\/product_cat?post=29875"},{"taxonomy":"product_tag","embeddable":true,"href":"https:\/\/gliki.at\/en\/wp-json\/wp\/v2\/product_tag?post=29875"}],"curies":[{"name":"wp","href":"https:\/\/api.w.org\/{rel}","templated":true}]}}