{"id":29900,"date":"2025-05-07T09:35:26","date_gmt":"2025-05-07T07:35:26","guid":{"rendered":"https:\/\/gliki.at\/?post_type=product&#038;p=29900"},"modified":"2025-10-07T15:42:25","modified_gmt":"2025-10-07T13:42:25","slug":"34-81-7-024-9024-slim-relej","status":"publish","type":"product","link":"https:\/\/gliki.at\/en\/shop\/releji\/releji-za-pcb\/34-81-7-024-9024-slim-relej\/","title":{"rendered":"Finder 34.81.7.024.9024 \u2013 Ultra slim PCB relej"},"content":{"rendered":"<p>Opseg radne temperature<br \/>\n-20&#8230;70 \u00b0C<\/p>\n<p>Komercijalni opis<br \/>\nPoluprovodni\u010dki relej za monta\u017eu na \u0161tampanu plo\u010du (PCB), direktno ili preko PCB uti\u010dnice. Tako\u0111e pogodan za monta\u017eu na DIN \u0161inu od 35 mm putem vij\u010dane, bezvij\u010dane ili push-in terminal uti\u010dnice.<\/p>\n<p>Konfiguracija kontakta<br \/>\n1 NO (jedan normalno otvoreni kontakt, SPST-NO)<\/p>\n<p>Dimenzije<br \/>\n15,6 x 5 x 28 mm<\/p>\n<p>Elektri\u010dni \u017eivotni vek<br \/>\n0 ciklusa<\/p>\n<p>Nazivni napon DC<br \/>\n24 V<\/p>\n<p>Radni opseg DC<br \/>\n16&#8230;30 V<\/p>\n<p>Nazivna struja (kontakti)<br \/>\n6 A<\/p>\n<p>Nazivna snaga DC<br \/>\n0,17 W<\/p>\n<p>Napajanje<br \/>\nVerzija sa DC ulazom<\/p>","protected":false},"excerpt":{"rendered":"<p>Subminijaturni poluprovodni\u010dki PCB relej (SSR), 1 NO (SPST-NO), 6 A, DC ulazna verzija, nazivni napon 24 V, radni opseg 16 do 30 V, nazivna snaga 0,17 W, potro\u0161nja 7 mA, napon isklju\u010divanja 10 V, impedansa 3430 \u03a9, radna temperatura od -20 do +70 \u00b0C.<\/p>","protected":false},"featured_media":30185,"template":"","meta":[],"product_brand":[114],"product_cat":[234,76],"product_tag":[],"class_list":{"0":"post-29900","1":"product","2":"type-product","3":"status-publish","4":"has-post-thumbnail","6":"product_brand-finder","7":"product_cat-releji-za-pcb","8":"product_cat-releji","10":"first","11":"instock","12":"taxable","13":"shipping-taxable","14":"purchasable","15":"product-type-simple"},"_links":{"self":[{"href":"https:\/\/gliki.at\/en\/wp-json\/wp\/v2\/product\/29900","targetHints":{"allow":["GET"]}}],"collection":[{"href":"https:\/\/gliki.at\/en\/wp-json\/wp\/v2\/product"}],"about":[{"href":"https:\/\/gliki.at\/en\/wp-json\/wp\/v2\/types\/product"}],"version-history":[{"count":6,"href":"https:\/\/gliki.at\/en\/wp-json\/wp\/v2\/product\/29900\/revisions"}],"predecessor-version":[{"id":33137,"href":"https:\/\/gliki.at\/en\/wp-json\/wp\/v2\/product\/29900\/revisions\/33137"}],"wp:featuredmedia":[{"embeddable":true,"href":"https:\/\/gliki.at\/en\/wp-json\/wp\/v2\/media\/30185"}],"wp:attachment":[{"href":"https:\/\/gliki.at\/en\/wp-json\/wp\/v2\/media?parent=29900"}],"wp:term":[{"taxonomy":"product_brand","embeddable":true,"href":"https:\/\/gliki.at\/en\/wp-json\/wp\/v2\/product_brand?post=29900"},{"taxonomy":"product_cat","embeddable":true,"href":"https:\/\/gliki.at\/en\/wp-json\/wp\/v2\/product_cat?post=29900"},{"taxonomy":"product_tag","embeddable":true,"href":"https:\/\/gliki.at\/en\/wp-json\/wp\/v2\/product_tag?post=29900"}],"curies":[{"name":"wp","href":"https:\/\/api.w.org\/{rel}","templated":true}]}}