{"id":29907,"date":"2025-05-07T09:57:19","date_gmt":"2025-05-07T07:57:19","guid":{"rendered":"https:\/\/gliki.at\/?post_type=product&#038;p=29907"},"modified":"2025-10-07T16:12:13","modified_gmt":"2025-10-07T14:12:13","slug":"36-11-9-006-0300-industrijski-relej","status":"publish","type":"product","link":"https:\/\/gliki.at\/en\/shop\/releji\/releji-za-pcb\/36-11-9-006-0300-industrijski-relej\/","title":{"rendered":"Finder 36.11.9.012.4011 \u2013 minijaturni PCB relej"},"content":{"rendered":"<p>Radna temperatura okoline<br \/>\n-40&#8230;85 \u00b0C<\/p>\n<p>Opis proizvoda<br \/>\nMiniaturni relej za \u0161tampanu plo\u010du (PCB) u obliku \u201e\u0161e\u0107erne kocke\u201c, 1 CO, 10 A. Otporan na pranje: RT III.<\/p>\n<p>Konfiguracija kontakata<br \/>\n1 pol, CO (nPDT)<\/p>\n<p>Dimenzije<br \/>\n15,2 x 15,5 x 19 mm<\/p>\n<p>Elektri\u010dni vek trajanja<br \/>\n50000 ciklusa<\/p>\n<p>Izolacija kalema\/kontakata<br \/>\n4 kV<\/p>\n<p>Nominalni napon DC<br \/>\n12 V<\/p>\n<p>Radni napon DC<br \/>\n9&#8230;15,6 V<\/p>\n<p>Nazivni napon kontakata<br \/>\n250 V AC<\/p>\n<p>Nazivna struja kontakata<br \/>\n10 A<\/p>\n<p>Nazivna snaga DC<br \/>\n0,36 W<\/p>\n<p>Napajanje<br \/>\nDC kalem<\/p>\n<p>Miniaturni releji za \u0161tampane plo\u010de, monta\u017ea na PCB, 1 pol, CO (nPDT), 10 A, kontakti AgSnO2, DC kalem, 12 V, radni opseg 9 do 15,6 V, nazivna snaga 0,36 W, otpor 400 \u03a9, potro\u0161nja 30 mA, zadr\u017eavaju\u0107i napon 6 V, minimalni napon za ispadanje 1,2 V, verzija otporna na pranje (RT III), radna temperatura okoline od -40 do +85 \u00b0C.<\/p>","protected":false},"excerpt":{"rendered":"<p>Tip 36.11 mini relej za \u0161tampanu plo\u010du (PCB) \u201e\u0161e\u0107erna kocka\u201c sa 1 preklopnim kontaktom od 10 A.<\/p>\n<p>Karakteristike uklju\u010duju:<\/p>\n<p>* Mala veli\u010dina<br \/>\n* 1 preklopni kontakt<br \/>\n* Mini relej u obliku \u0161e\u0107erne kocke<br \/>\n* Osetljiva DC kalem snage 360 mW<br \/>\n* Mo\u017ee se prati: RT III<br \/>\n* Kontakti bez kadmijuma<\/p>","protected":false},"featured_media":30195,"template":"","meta":[],"product_brand":[114],"product_cat":[234,76],"product_tag":[],"class_list":{"0":"post-29907","1":"product","2":"type-product","3":"status-publish","4":"has-post-thumbnail","6":"product_brand-finder","7":"product_cat-releji-za-pcb","8":"product_cat-releji","10":"first","11":"instock","12":"taxable","13":"shipping-taxable","14":"purchasable","15":"product-type-simple"},"_links":{"self":[{"href":"https:\/\/gliki.at\/en\/wp-json\/wp\/v2\/product\/29907","targetHints":{"allow":["GET"]}}],"collection":[{"href":"https:\/\/gliki.at\/en\/wp-json\/wp\/v2\/product"}],"about":[{"href":"https:\/\/gliki.at\/en\/wp-json\/wp\/v2\/types\/product"}],"version-history":[{"count":6,"href":"https:\/\/gliki.at\/en\/wp-json\/wp\/v2\/product\/29907\/revisions"}],"predecessor-version":[{"id":33139,"href":"https:\/\/gliki.at\/en\/wp-json\/wp\/v2\/product\/29907\/revisions\/33139"}],"wp:featuredmedia":[{"embeddable":true,"href":"https:\/\/gliki.at\/en\/wp-json\/wp\/v2\/media\/30195"}],"wp:attachment":[{"href":"https:\/\/gliki.at\/en\/wp-json\/wp\/v2\/media?parent=29907"}],"wp:term":[{"taxonomy":"product_brand","embeddable":true,"href":"https:\/\/gliki.at\/en\/wp-json\/wp\/v2\/product_brand?post=29907"},{"taxonomy":"product_cat","embeddable":true,"href":"https:\/\/gliki.at\/en\/wp-json\/wp\/v2\/product_cat?post=29907"},{"taxonomy":"product_tag","embeddable":true,"href":"https:\/\/gliki.at\/en\/wp-json\/wp\/v2\/product_tag?post=29907"}],"curies":[{"name":"wp","href":"https:\/\/api.w.org\/{rel}","templated":true}]}}