{"id":29930,"date":"2025-05-07T11:01:05","date_gmt":"2025-05-07T09:01:05","guid":{"rendered":"https:\/\/gliki.at\/?post_type=product&#038;p=29930"},"modified":"2025-10-07T16:14:16","modified_gmt":"2025-10-07T14:14:16","slug":"40-31-8-110-0000-industrijski-relej","status":"publish","type":"product","link":"https:\/\/gliki.at\/en\/shop\/releji\/industrijski-releji\/40-31-8-110-0000-industrijski-relej\/","title":{"rendered":"Finder 40.31.8.110.0000 \u2013 Industrijski relej"},"content":{"rendered":"<p>&nbsp;<\/p>\n<p>Finder 40.31.8.110.0000 pripada seriji 40 industrijskih releja i koristi se za razne primene u automatizaciji, signalizaciji i upravljanju.\u00a0 Relej je kompaktnih dimenzija i predvi\u0111en za monta\u017eu na DIN \u0161inu uz pomo\u0107 odgovaraju\u0107eg podno\u017eja iz serije 93. Pru\u017ea visoku mehani\u010dku i elektri\u010dnu izdr\u017eljivost i pouzdanost \u010dak i u zahtevnim uslovima rada.<\/p>\n<p>Klju\u010dne karakteristike:<\/p>\n<p>Napajanje zavojnice: 110V AC<\/p>\n<p>Tip kontakta: 1 preklopni (SPDT)<\/p>\n<p>PCB\/plugin -3.5 mm pining<\/p>\n<p>Monta\u017ea: DIN \u0161ina (uz podno\u017eje serije 93)<\/p>\n<p>Mehani\u010dka dugove\u010dnost: do 10 miliona operacija<\/p>\n<p>Elektri\u010dna dugove\u010dnost: do 100.000 operacija pri optere\u0107enju<\/p>\n<p>Radna temperatura: -40 \u00b0C do +85 \u00b0C<\/p>\n<p>Finder 40.31.8.110.0000 je idealan izbor za korisnike kojima je potreban pouzdan relej za upravljanje kolima na 110V AC. Njegova robusna konstrukcija i kompaktan dizajn \u010dine ga pogodnim za raznovrsne industrijske i tehni\u010dke primene.<\/p>","protected":false},"excerpt":{"rendered":"<p>Finder 40.31.8.110.0000 je elektromehani\u010dki relej sa jednim preklopnim kontaktom (SPDT), dizajniran za upravljanje elektri\u010dnim kolima pri napajanju od 110V AC.<\/p>","protected":false},"featured_media":30169,"template":"","meta":[],"product_brand":[114],"product_cat":[237,76],"product_tag":[119],"class_list":{"0":"post-29930","1":"product","2":"type-product","3":"status-publish","4":"has-post-thumbnail","6":"product_brand-finder","7":"product_cat-industrijski-releji","8":"product_cat-releji","9":"product_tag-finder","11":"first","12":"instock","13":"taxable","14":"shipping-taxable","15":"purchasable","16":"product-type-simple"},"_links":{"self":[{"href":"https:\/\/gliki.at\/en\/wp-json\/wp\/v2\/product\/29930","targetHints":{"allow":["GET"]}}],"collection":[{"href":"https:\/\/gliki.at\/en\/wp-json\/wp\/v2\/product"}],"about":[{"href":"https:\/\/gliki.at\/en\/wp-json\/wp\/v2\/types\/product"}],"version-history":[{"count":4,"href":"https:\/\/gliki.at\/en\/wp-json\/wp\/v2\/product\/29930\/revisions"}],"predecessor-version":[{"id":33242,"href":"https:\/\/gliki.at\/en\/wp-json\/wp\/v2\/product\/29930\/revisions\/33242"}],"wp:featuredmedia":[{"embeddable":true,"href":"https:\/\/gliki.at\/en\/wp-json\/wp\/v2\/media\/30169"}],"wp:attachment":[{"href":"https:\/\/gliki.at\/en\/wp-json\/wp\/v2\/media?parent=29930"}],"wp:term":[{"taxonomy":"product_brand","embeddable":true,"href":"https:\/\/gliki.at\/en\/wp-json\/wp\/v2\/product_brand?post=29930"},{"taxonomy":"product_cat","embeddable":true,"href":"https:\/\/gliki.at\/en\/wp-json\/wp\/v2\/product_cat?post=29930"},{"taxonomy":"product_tag","embeddable":true,"href":"https:\/\/gliki.at\/en\/wp-json\/wp\/v2\/product_tag?post=29930"}],"curies":[{"name":"wp","href":"https:\/\/api.w.org\/{rel}","templated":true}]}}