{"id":30049,"date":"2025-05-07T17:50:42","date_gmt":"2025-05-07T15:50:42","guid":{"rendered":"https:\/\/gliki.at\/?post_type=product&#038;p=30049"},"modified":"2025-10-07T16:22:23","modified_gmt":"2025-10-07T14:22:23","slug":"40-61-9-024-0000-industrijski-relej","status":"publish","type":"product","link":"https:\/\/gliki.at\/en\/shop\/releji\/industrijski-releji\/40-61-9-024-0000-industrijski-relej\/","title":{"rendered":"Finder 40.61.9.024.0000 \u2013 Industrijski relej"},"content":{"rendered":"<p>Relej iz serije 40.61 kompanije Finder predstavlja pouzdano re\u0161enje za upravljanje elektri\u010dnim kolima u industrijskim i komercijalnim sistemima. Kompaktan i funkcionalan, ovaj model nudi jednu preklopnu (SPDT) konfiguraciju kontakta i jednostavnu monta\u017eu na DIN \u0161inu uz kori\u0161\u0107enje odgovaraju\u0107eg podno\u017eja serije 95. Zahvaljuju\u0107i visokoj mehani\u010dkoj i elektri\u010dnoj izdr\u017eljivosti, obezbe\u0111uje stabilan rad i dug radni vek, \u010dak i u zahtevnim uslovima.<\/p>\n<p>Klju\u010dne karakteristike:<\/p>\n<p>Napajanje: 24V DC<\/p>\n<p>PCB\/plugin -5mm pining<\/p>\n<p>Tip kontakta: 1 preklopni (SPDT)<\/p>\n<p>Monta\u017ea: DIN \u0161ina (uz podno\u017eje serije 95)<\/p>\n<p>Radna temperatura: -40 \u00b0C do +85 \u00b0C<\/p>\n<p>Mehani\u010dka dugove\u010dnost: do 10 miliona operacija<\/p>\n<p>Elektri\u010dna dugove\u010dnost: do 100.000 operacija pri nominalnom optere\u0107enju<\/p>\n<p>Finder 40.61.9.024.0000 je robustan i pouzdan relej idealan za automatizaciju, signalizaciju i upravlja\u010dke sisteme koji zahtevaju napajanje od 24V DC. Njegove performanse i trajnost \u010dine ga odli\u010dnim izborom za profesionalnu upotrebu.<\/p>","protected":false},"excerpt":{"rendered":"<p>Finder 40.61.9.024.0000 je elektromehani\u010dki relej sa jednim preklopnim kontaktom (SPDT), predvi\u0111en za rad sa napajanjem od 24V DC .<\/p>","protected":false},"featured_media":30108,"template":"","meta":[],"product_brand":[114],"product_cat":[237,76],"product_tag":[119],"class_list":{"0":"post-30049","1":"product","2":"type-product","3":"status-publish","4":"has-post-thumbnail","6":"product_brand-finder","7":"product_cat-industrijski-releji","8":"product_cat-releji","9":"product_tag-finder","11":"first","12":"instock","13":"taxable","14":"shipping-taxable","15":"purchasable","16":"product-type-simple"},"_links":{"self":[{"href":"https:\/\/gliki.at\/en\/wp-json\/wp\/v2\/product\/30049","targetHints":{"allow":["GET"]}}],"collection":[{"href":"https:\/\/gliki.at\/en\/wp-json\/wp\/v2\/product"}],"about":[{"href":"https:\/\/gliki.at\/en\/wp-json\/wp\/v2\/types\/product"}],"version-history":[{"count":4,"href":"https:\/\/gliki.at\/en\/wp-json\/wp\/v2\/product\/30049\/revisions"}],"predecessor-version":[{"id":33213,"href":"https:\/\/gliki.at\/en\/wp-json\/wp\/v2\/product\/30049\/revisions\/33213"}],"wp:featuredmedia":[{"embeddable":true,"href":"https:\/\/gliki.at\/en\/wp-json\/wp\/v2\/media\/30108"}],"wp:attachment":[{"href":"https:\/\/gliki.at\/en\/wp-json\/wp\/v2\/media?parent=30049"}],"wp:term":[{"taxonomy":"product_brand","embeddable":true,"href":"https:\/\/gliki.at\/en\/wp-json\/wp\/v2\/product_brand?post=30049"},{"taxonomy":"product_cat","embeddable":true,"href":"https:\/\/gliki.at\/en\/wp-json\/wp\/v2\/product_cat?post=30049"},{"taxonomy":"product_tag","embeddable":true,"href":"https:\/\/gliki.at\/en\/wp-json\/wp\/v2\/product_tag?post=30049"}],"curies":[{"name":"wp","href":"https:\/\/api.w.org\/{rel}","templated":true}]}}