{"id":30293,"date":"2025-05-09T15:00:57","date_gmt":"2025-05-09T13:00:57","guid":{"rendered":"https:\/\/gliki.at\/?post_type=product&#038;p=30293"},"modified":"2025-10-07T16:28:56","modified_gmt":"2025-10-07T14:28:56","slug":"46-52-9-048-0040-industrijski-relej","status":"publish","type":"product","link":"https:\/\/gliki.at\/en\/shop\/releji\/industrijski-releji\/46-52-9-048-0040-industrijski-relej\/","title":{"rendered":"Finder 46.52.9.048.0040 \u2013 Industrijski relej"},"content":{"rendered":"<p>Relej 46.52.9.048.0040 iz Finder serije 46 je pouzdani minijaturni industrijski relej.Sa tipom kontakta\u00a0 Spade\/blade solder terminal<br \/>\n(2.5 x 0.5)mm. Poseduje dva pola ,8A.<\/p>\n<p>Sadr\u017ei test dugme i mehani\u010dki indikator.<\/p>\n<p>Klju\u010dne karakteristike:<br \/>\nNapajanje: 48V DC<br \/>\nTip kontakta: 2,8A<br \/>\nMaksimalna struja: 8A po kontaktu<\/p>\n<p>Monta\u017ea: DIN \u0161ina (uz podno\u017eje serije 97)<\/p>\n<p>Mehani\u010dka dugove\u010dnost: do 10 miliona operacija<br \/>\nElektri\u010dna dugove\u010dnost: do 100.000 operacija<br \/>\nFinder 46.52.9.048.0040 je kvalitetan industrijski relej sa dva preklopna kontakta i LED indikatorom, idealan za automatizovane sisteme koji koriste napajanje od 48V DC, gde je potrebna pouzdanost i jednostavna dijagnostika.<\/p>","protected":false},"excerpt":{"rendered":"<p>Relej 46.52.9.048.0040 iz Finder serije 46 je pouzdani minijaturni industrijski relej.Sa tipom kontakta\u00a0 Spade\/blade solder terminal<br \/>\n(2.5 x 0.5)mm.<\/p>","protected":false},"featured_media":30294,"template":"","meta":[],"product_brand":[114],"product_cat":[237,76],"product_tag":[119],"class_list":{"0":"post-30293","1":"product","2":"type-product","3":"status-publish","4":"has-post-thumbnail","6":"product_brand-finder","7":"product_cat-industrijski-releji","8":"product_cat-releji","9":"product_tag-finder","11":"first","12":"instock","13":"taxable","14":"shipping-taxable","15":"purchasable","16":"product-type-simple"},"_links":{"self":[{"href":"https:\/\/gliki.at\/en\/wp-json\/wp\/v2\/product\/30293","targetHints":{"allow":["GET"]}}],"collection":[{"href":"https:\/\/gliki.at\/en\/wp-json\/wp\/v2\/product"}],"about":[{"href":"https:\/\/gliki.at\/en\/wp-json\/wp\/v2\/types\/product"}],"version-history":[{"count":6,"href":"https:\/\/gliki.at\/en\/wp-json\/wp\/v2\/product\/30293\/revisions"}],"predecessor-version":[{"id":33191,"href":"https:\/\/gliki.at\/en\/wp-json\/wp\/v2\/product\/30293\/revisions\/33191"}],"wp:featuredmedia":[{"embeddable":true,"href":"https:\/\/gliki.at\/en\/wp-json\/wp\/v2\/media\/30294"}],"wp:attachment":[{"href":"https:\/\/gliki.at\/en\/wp-json\/wp\/v2\/media?parent=30293"}],"wp:term":[{"taxonomy":"product_brand","embeddable":true,"href":"https:\/\/gliki.at\/en\/wp-json\/wp\/v2\/product_brand?post=30293"},{"taxonomy":"product_cat","embeddable":true,"href":"https:\/\/gliki.at\/en\/wp-json\/wp\/v2\/product_cat?post=30293"},{"taxonomy":"product_tag","embeddable":true,"href":"https:\/\/gliki.at\/en\/wp-json\/wp\/v2\/product_tag?post=30293"}],"curies":[{"name":"wp","href":"https:\/\/api.w.org\/{rel}","templated":true}]}}