{"id":30319,"date":"2025-05-09T15:53:04","date_gmt":"2025-05-09T13:53:04","guid":{"rendered":"https:\/\/gliki.at\/?post_type=product&#038;p=30319"},"modified":"2025-10-07T16:32:32","modified_gmt":"2025-10-07T14:32:32","slug":"46-61-9-024-0040-industrijski-relej","status":"publish","type":"product","link":"https:\/\/gliki.at\/en\/shop\/releji\/industrijski-releji\/46-61-9-024-0040-industrijski-relej\/","title":{"rendered":"Finder 46.61.9.024.0040 \u2013 Industrijski relej"},"content":{"rendered":"<p>Relej 46.61.9.024.0040 iz Finder serije 46 je pouzdani minijaturni industrijski relej.Sadr\u017ei test dugme i mehani\u010dki indikator. Sa tipom kontakta Spade\/blade terminal<br \/>\nFaston 187 (4.8 x 0.5)mm.<\/p>\n<p>Klju\u010dne karakteristike:<\/p>\n<p>&nbsp;<\/p>\n<p>Napajanje: 24V DC<\/p>\n<p>Tip kontakta: 1 , 16 A<\/p>\n<p>Maksimalna struja: 16 A po kontaktu<\/p>\n<p>&nbsp;<\/p>\n<p>Monta\u017ea: DIN \u0161ina (uz podno\u017eje serije 97)<\/p>\n<p>&nbsp;<\/p>\n<p>Mehani\u010dka dugove\u010dnost: do 10 miliona operacija<\/p>\n<p>Elektri\u010dna dugove\u010dnost: do 100.000 operacija<\/p>\n<p>Finder 46.61.9.024.0040 je kvalitetan industrijski relej sa dva preklopna kontakta i LED indikatorom, idealan za automatizovane sisteme koji koriste napajanje od 48V DC, gde je potrebna pouzdanost i jednostavna dijagnostika.<\/p>","protected":false},"excerpt":{"rendered":"<p>Finder 46.61.9.024.0040 je minijaturni industrijski relej, predvi\u0111en za rad na napajanju od 24V DC.<\/p>","protected":false},"featured_media":30320,"template":"","meta":[],"product_brand":[114],"product_cat":[237,76],"product_tag":[119],"class_list":{"0":"post-30319","1":"product","2":"type-product","3":"status-publish","4":"has-post-thumbnail","6":"product_brand-finder","7":"product_cat-industrijski-releji","8":"product_cat-releji","9":"product_tag-finder","11":"first","12":"instock","13":"taxable","14":"shipping-taxable","15":"purchasable","16":"product-type-simple"},"_links":{"self":[{"href":"https:\/\/gliki.at\/en\/wp-json\/wp\/v2\/product\/30319","targetHints":{"allow":["GET"]}}],"collection":[{"href":"https:\/\/gliki.at\/en\/wp-json\/wp\/v2\/product"}],"about":[{"href":"https:\/\/gliki.at\/en\/wp-json\/wp\/v2\/types\/product"}],"version-history":[{"count":6,"href":"https:\/\/gliki.at\/en\/wp-json\/wp\/v2\/product\/30319\/revisions"}],"predecessor-version":[{"id":33185,"href":"https:\/\/gliki.at\/en\/wp-json\/wp\/v2\/product\/30319\/revisions\/33185"}],"wp:featuredmedia":[{"embeddable":true,"href":"https:\/\/gliki.at\/en\/wp-json\/wp\/v2\/media\/30320"}],"wp:attachment":[{"href":"https:\/\/gliki.at\/en\/wp-json\/wp\/v2\/media?parent=30319"}],"wp:term":[{"taxonomy":"product_brand","embeddable":true,"href":"https:\/\/gliki.at\/en\/wp-json\/wp\/v2\/product_brand?post=30319"},{"taxonomy":"product_cat","embeddable":true,"href":"https:\/\/gliki.at\/en\/wp-json\/wp\/v2\/product_cat?post=30319"},{"taxonomy":"product_tag","embeddable":true,"href":"https:\/\/gliki.at\/en\/wp-json\/wp\/v2\/product_tag?post=30319"}],"curies":[{"name":"wp","href":"https:\/\/api.w.org\/{rel}","templated":true}]}}