{"id":30345,"date":"2025-05-13T08:49:03","date_gmt":"2025-05-13T06:49:03","guid":{"rendered":"https:\/\/gliki.at\/?post_type=product&#038;p=30345"},"modified":"2025-05-13T08:49:04","modified_gmt":"2025-05-13T06:49:04","slug":"zuti-taster-l22-220v","status":"publish","type":"product","link":"https:\/\/gliki.at\/en\/shop\/prekidaci\/zuti-taster-l22-220v\/","title":{"rendered":"\u017duti taster L22 (220V)"},"content":{"rendered":"<p>Model L22 \u017eute boje sa ugra\u0111enim osvetljenjem koristi se u aplikacijama gde je potrebna jasna vizuelna identifikacija statusa ili funkcije. Namenjen je za monta\u017eu u standardne otvore pre\u010dnika 22 mm. Telo tastera izra\u0111eno je od kvalitetne plastike otporne na mehani\u010dke udare i habanje, a svetlosna indikacija olak\u0161ava upotrebu u uslovima smanjene vidljivosti. Kompatibilan je sa standardnim kontakt blokovima i lako se integri\u0161e u razne sisteme upravljanja.<\/p>\n<p>Klju\u010dne karakteristike:<\/p>\n<p>Boja: \u017duta<\/p>\n<p>Napon: 220V AC<\/p>\n<p>Tip: Osvetljeni taster<\/p>\n<p>Monta\u017eni otvor: \u00d822 mm<\/p>\n<p>Materijal: Otporna plastika<\/p>\n<p>Primena: Industrijski upravlja\u010dki paneli, signalizacija<\/p>\n<p>Jednostavna monta\u017ea i povezivanje<\/p>\n<p>Auspicious L22 \u017euti taster (220V) je funkcionalan i izdr\u017eljiv element za komandne table, idealan za upotrebu u zahtevnim industrijskim okru\u017eenjima gde je potrebna jasna vizuelna signalizacija i pouzdano upravljanje.<\/p>","protected":false},"excerpt":{"rendered":"<p>Taster Auspicious L22 u \u017eutoj boji sa napajanjem od 220V predstavlja pouzdano re\u0161enje za upravljanje i signalizaciju u industrijskim panelima i upravlja\u010dkim sistemima.<\/p>","protected":false},"featured_media":30346,"template":"","meta":[],"product_brand":[115],"product_cat":[29],"product_tag":[],"class_list":{"0":"post-30345","1":"product","2":"type-product","3":"status-publish","4":"has-post-thumbnail","6":"product_brand-auspicious","7":"product_cat-prekidaci","9":"first","10":"instock","11":"taxable","12":"shipping-taxable","13":"product-type-simple"},"_links":{"self":[{"href":"https:\/\/gliki.at\/en\/wp-json\/wp\/v2\/product\/30345","targetHints":{"allow":["GET"]}}],"collection":[{"href":"https:\/\/gliki.at\/en\/wp-json\/wp\/v2\/product"}],"about":[{"href":"https:\/\/gliki.at\/en\/wp-json\/wp\/v2\/types\/product"}],"version-history":[{"count":1,"href":"https:\/\/gliki.at\/en\/wp-json\/wp\/v2\/product\/30345\/revisions"}],"predecessor-version":[{"id":30347,"href":"https:\/\/gliki.at\/en\/wp-json\/wp\/v2\/product\/30345\/revisions\/30347"}],"wp:featuredmedia":[{"embeddable":true,"href":"https:\/\/gliki.at\/en\/wp-json\/wp\/v2\/media\/30346"}],"wp:attachment":[{"href":"https:\/\/gliki.at\/en\/wp-json\/wp\/v2\/media?parent=30345"}],"wp:term":[{"taxonomy":"product_brand","embeddable":true,"href":"https:\/\/gliki.at\/en\/wp-json\/wp\/v2\/product_brand?post=30345"},{"taxonomy":"product_cat","embeddable":true,"href":"https:\/\/gliki.at\/en\/wp-json\/wp\/v2\/product_cat?post=30345"},{"taxonomy":"product_tag","embeddable":true,"href":"https:\/\/gliki.at\/en\/wp-json\/wp\/v2\/product_tag?post=30345"}],"curies":[{"name":"wp","href":"https:\/\/api.w.org\/{rel}","templated":true}]}}