{"id":30419,"date":"2025-05-26T12:07:57","date_gmt":"2025-05-26T10:07:57","guid":{"rendered":"https:\/\/gliki.at\/?post_type=product&#038;p=30419"},"modified":"2025-10-07T16:40:03","modified_gmt":"2025-10-07T14:40:03","slug":"finder-60-13-9-024-5070-industrijski-relej","status":"publish","type":"product","link":"https:\/\/gliki.at\/en\/shop\/releji\/industrijski-releji\/finder-60-13-9-024-5070-industrijski-relej\/","title":{"rendered":"Finder 60.13.9.024.5070 \u2013 Industrijski relej"},"content":{"rendered":"<p>Ovaj relej iz serije 60 nudi pouzdano preklapanje tri nezavisna elektri\u010dna kola, uz mogu\u0107nost jednostavne dijagnostike i testiranja zahvaljuju\u0107i dodatnim funkcionalnostima. Namenjen je za monta\u017eu na DIN \u0161inu pomo\u0107u podno\u017eja iz serije 90 (npr. 90.13). Relej pru\u017ea visoku elektri\u010dnu i mehani\u010dku izdr\u017eljivost, \u0161to ga \u010dini pogodnim za automatizaciju, signalizaciju i druge upravlja\u010dke sisteme.Sa kontaktima AgNi+Au za rezistivna i kapacitivna optere\u0107enja.<\/p>\n<p>Klju\u010dne karakteristike:<\/p>\n<p>Napajanje: 24V DC<\/p>\n<p>Tip kontakta:8\/11 pin plug-in 3 preklopna (3PDT)<\/p>\n<p>Maksimalna struja: 10 A<\/p>\n<p>Monta\u017ea: DIN \u0161ina (uz podno\u017eje serije 90.13)<\/p>\n<p>Dielektri\u010dna \u010dvrsto\u0107a: 6 kV (izme\u0111u kalema i kontakata)<\/p>\n<p>Radna temperatura: -40 \u00b0C do +70 \u00b0C<\/p>\n<p>Mehani\u010dka dugove\u010dnost: preko 10 miliona operacija<\/p>\n<p>Opremljen: LED indikatorom, mehani\u010dkom zastavicom i test dugmetom<\/p>\n<p>Finder 60.13.9.024.5070 je robustan i svestran relej idealan za industrijska okru\u017eenja. Sa dodatnim vizuelnim i manuelnim kontrolama, omogu\u0107ava lak\u0161e odr\u017eavanje i ve\u0107u pouzdanost u upravljanju slo\u017eenim elektri\u010dnim sistemima.<\/p>","protected":false},"excerpt":{"rendered":"<p>Finder 60.13.9.024.5070 je elektromehani\u010dki relej sa tri preklopna kontakta (3PDT), dizajniran za rad sa napajanjem od 24V DC. Opremljen je LED indikatorom, diodom(DC polarizacija pozitivna na pin 2) i test dugmetom, \u0161to ga \u010dini pogodnim za \u0161irok spektar industrijskih primena.<\/p>","protected":false},"featured_media":30420,"template":"","meta":[],"product_brand":[114],"product_cat":[237,76],"product_tag":[119],"class_list":{"0":"post-30419","1":"product","2":"type-product","3":"status-publish","4":"has-post-thumbnail","6":"product_brand-finder","7":"product_cat-industrijski-releji","8":"product_cat-releji","9":"product_tag-finder","11":"first","12":"instock","13":"taxable","14":"shipping-taxable","15":"product-type-simple"},"_links":{"self":[{"href":"https:\/\/gliki.at\/en\/wp-json\/wp\/v2\/product\/30419","targetHints":{"allow":["GET"]}}],"collection":[{"href":"https:\/\/gliki.at\/en\/wp-json\/wp\/v2\/product"}],"about":[{"href":"https:\/\/gliki.at\/en\/wp-json\/wp\/v2\/types\/product"}],"version-history":[{"count":3,"href":"https:\/\/gliki.at\/en\/wp-json\/wp\/v2\/product\/30419\/revisions"}],"predecessor-version":[{"id":30557,"href":"https:\/\/gliki.at\/en\/wp-json\/wp\/v2\/product\/30419\/revisions\/30557"}],"wp:featuredmedia":[{"embeddable":true,"href":"https:\/\/gliki.at\/en\/wp-json\/wp\/v2\/media\/30420"}],"wp:attachment":[{"href":"https:\/\/gliki.at\/en\/wp-json\/wp\/v2\/media?parent=30419"}],"wp:term":[{"taxonomy":"product_brand","embeddable":true,"href":"https:\/\/gliki.at\/en\/wp-json\/wp\/v2\/product_brand?post=30419"},{"taxonomy":"product_cat","embeddable":true,"href":"https:\/\/gliki.at\/en\/wp-json\/wp\/v2\/product_cat?post=30419"},{"taxonomy":"product_tag","embeddable":true,"href":"https:\/\/gliki.at\/en\/wp-json\/wp\/v2\/product_tag?post=30419"}],"curies":[{"name":"wp","href":"https:\/\/api.w.org\/{rel}","templated":true}]}}