{"id":30423,"date":"2025-05-26T12:11:01","date_gmt":"2025-05-26T10:11:01","guid":{"rendered":"https:\/\/gliki.at\/?post_type=product&#038;p=30423"},"modified":"2025-10-07T16:39:53","modified_gmt":"2025-10-07T14:39:53","slug":"finder-60-13-9-024-0040-industrijski-relej","status":"publish","type":"product","link":"https:\/\/gliki.at\/en\/shop\/releji\/industrijski-releji\/finder-60-13-9-024-0040-industrijski-relej\/","title":{"rendered":"Finder 60.13.9.024.0040 \u2013 Industrijski relej"},"content":{"rendered":"<p>Relej iz serije 60 dizajniran je za monta\u017eu na DIN \u0161inu uz odgovaraju\u0107e podno\u017eje (serija 90, npr. 90.13). Ovaj model poseduje tri preklopna kontakta, \u0161to omogu\u0107ava upravljanje sa tri nezavisna kola istovremeno. Zbog svoje robusne konstrukcije i kompaktnog dizajna, idealan je za automatizaciju, signalizaciju, kontrolu procesa i druge industrijske primene. Pru\u017ea visoku mehani\u010dku i elektri\u010dnu izdr\u017eljivost.Sadr\u017ei mehani\u010dki indikator i test dugme.<\/p>\n<p>Klju\u010dne karakteristike:<\/p>\n<p>Napajanje: 24V DC<\/p>\n<p>Tip kontakta: 8\/11 pin plug-in 3 preklopna (3PDT)<\/p>\n<p>Maksimalna struja: 10 A<\/p>\n<p>Monta\u017ea: DIN \u0161ina (uz podno\u017eje serije 90.13)<\/p>\n<p>Dielektri\u010dna \u010dvrsto\u0107a: 6 kV (izme\u0111u kalema i kontakata)<\/p>\n<p>Radna temperatura: -40 \u00b0C do +70 \u00b0C<\/p>\n<p>Mehani\u010dka dugove\u010dnost: preko 10 miliona operacija<\/p>\n<p>Bez dodatne opreme (LED, zastavica, test dugme nisu uklju\u010deni)<\/p>\n<p>Finder 60.13.9.024.0040 je pouzdan industrijski relej sa tri preklopna kontakta, idealan za sisteme gde je potrebno nezavisno upravljanje vi\u0161e kola uz nisko napon\u00adsko upravljanje od 24V DC. Robusna izvedba i kompatibilnost sa standardnim podno\u017ejima \u010dine ga odli\u010dnim izborom za \u0161irok spektar primena.<\/p>\n<p>&nbsp;<\/p>\n<p>&nbsp;<\/p>\n<p>&nbsp;<\/p>","protected":false},"excerpt":{"rendered":"<p>Finder 60.13.9.024.0040 je elektromehani\u010dki relej sa tri preklopna kontakta (3PDT), predvi\u0111en za rad sa naponom od 24V DC, namenjen za industrijske aplikacije koje zahtevaju pouzdano upravljanje vi\u0161e nezavisnih kola.<\/p>","protected":false},"featured_media":30424,"template":"","meta":[],"product_brand":[114],"product_cat":[237,76],"product_tag":[119],"class_list":{"0":"post-30423","1":"product","2":"type-product","3":"status-publish","4":"has-post-thumbnail","6":"product_brand-finder","7":"product_cat-industrijski-releji","8":"product_cat-releji","9":"product_tag-finder","11":"first","12":"instock","13":"taxable","14":"shipping-taxable","15":"purchasable","16":"product-type-simple"},"_links":{"self":[{"href":"https:\/\/gliki.at\/en\/wp-json\/wp\/v2\/product\/30423","targetHints":{"allow":["GET"]}}],"collection":[{"href":"https:\/\/gliki.at\/en\/wp-json\/wp\/v2\/product"}],"about":[{"href":"https:\/\/gliki.at\/en\/wp-json\/wp\/v2\/types\/product"}],"version-history":[{"count":3,"href":"https:\/\/gliki.at\/en\/wp-json\/wp\/v2\/product\/30423\/revisions"}],"predecessor-version":[{"id":30555,"href":"https:\/\/gliki.at\/en\/wp-json\/wp\/v2\/product\/30423\/revisions\/30555"}],"wp:featuredmedia":[{"embeddable":true,"href":"https:\/\/gliki.at\/en\/wp-json\/wp\/v2\/media\/30424"}],"wp:attachment":[{"href":"https:\/\/gliki.at\/en\/wp-json\/wp\/v2\/media?parent=30423"}],"wp:term":[{"taxonomy":"product_brand","embeddable":true,"href":"https:\/\/gliki.at\/en\/wp-json\/wp\/v2\/product_brand?post=30423"},{"taxonomy":"product_cat","embeddable":true,"href":"https:\/\/gliki.at\/en\/wp-json\/wp\/v2\/product_cat?post=30423"},{"taxonomy":"product_tag","embeddable":true,"href":"https:\/\/gliki.at\/en\/wp-json\/wp\/v2\/product_tag?post=30423"}],"curies":[{"name":"wp","href":"https:\/\/api.w.org\/{rel}","templated":true}]}}