{"id":30427,"date":"2025-05-26T12:14:26","date_gmt":"2025-05-26T10:14:26","guid":{"rendered":"https:\/\/gliki.at\/?post_type=product&#038;p=30427"},"modified":"2025-10-07T16:39:44","modified_gmt":"2025-10-07T14:39:44","slug":"finder-60-13-8-230-0040-industrijski-relej","status":"publish","type":"product","link":"https:\/\/gliki.at\/en\/shop\/releji\/industrijski-releji\/finder-60-13-8-230-0040-industrijski-relej\/","title":{"rendered":"Finder 60.13.8.230.0040 \u2013 Industrijski relej"},"content":{"rendered":"<p>&nbsp;<\/p>\n<p>Ovaj model iz Finder serije 60 omogu\u0107ava upravljanje sa tri nezavisna kola putem 3 preklopna kontakta. Dizajniran je za monta\u017eu na DIN \u0161inu kori\u0161\u0107enjem kompatibilnog podno\u017eja (serija 90.13), pru\u017eaju\u0107i fleksibilnost u instalaciji. Relej se odlikuje visokom pouzdano\u0161\u0107u, dielektri\u010dnom \u010dvrsto\u0107om i dugim radnim vekom, \u0161to ga \u010dini pogodnim za automatizaciju, kontrolne panele i druge sisteme upravljanja.Sadr\u017ei mehani\u010dki indikator i test dugme.<\/p>\n<p>Klju\u010dne karakteristike:<\/p>\n<p>Napajanje: 230V AC<\/p>\n<p>Tip kontakta:8\/11 pin plug-in 3 preklopna (3PDT)<\/p>\n<p>Maksimalna struja: 10 A<\/p>\n<p>Monta\u017ea: DIN \u0161ina (uz podno\u017eje serije 90.13)<\/p>\n<p>Dielektri\u010dna \u010dvrsto\u0107a: 6 kV (kalem\u2013kontakti)<\/p>\n<p>Radna temperatura: -40 \u00b0C do +70 \u00b0C<\/p>\n<p>Mehani\u010dka dugove\u010dnost: do 10 miliona operacija<\/p>\n<p>Kompatibilan sa dodatnom opremom (LED indikator, test dugme, mehani\u010dka zastavica)<\/p>\n<p>Finder 60.13.8.230.0040 je izdr\u017eljiv i pouzdan relej za industrijske primene koje zahtevaju upravljanje vi\u0161e nezavisnih kola pri napajanju od 230V AC. Njegova robustna konstrukcija i kompatibilnost sa standardnim dodacima omogu\u0107avaju efikasnu i bezbednu integraciju u razli\u010dite sisteme automatizacije.<\/p>","protected":false},"excerpt":{"rendered":"<p>Finder 60.13.8.230.0040 je elektromehani\u010dki relej sa tri preklopna kontakta (3PDT), namenjen za upravljanje elektri\u010dnim kolima uz napajanje od 230V AC. Idealno re\u0161enje za razne industrijske i komercijalne primene.<\/p>","protected":false},"featured_media":30428,"template":"","meta":[],"product_brand":[114],"product_cat":[237,76],"product_tag":[119],"class_list":{"0":"post-30427","1":"product","2":"type-product","3":"status-publish","4":"has-post-thumbnail","6":"product_brand-finder","7":"product_cat-industrijski-releji","8":"product_cat-releji","9":"product_tag-finder","11":"first","12":"instock","13":"taxable","14":"shipping-taxable","15":"purchasable","16":"product-type-simple"},"_links":{"self":[{"href":"https:\/\/gliki.at\/en\/wp-json\/wp\/v2\/product\/30427","targetHints":{"allow":["GET"]}}],"collection":[{"href":"https:\/\/gliki.at\/en\/wp-json\/wp\/v2\/product"}],"about":[{"href":"https:\/\/gliki.at\/en\/wp-json\/wp\/v2\/types\/product"}],"version-history":[{"count":3,"href":"https:\/\/gliki.at\/en\/wp-json\/wp\/v2\/product\/30427\/revisions"}],"predecessor-version":[{"id":30553,"href":"https:\/\/gliki.at\/en\/wp-json\/wp\/v2\/product\/30427\/revisions\/30553"}],"wp:featuredmedia":[{"embeddable":true,"href":"https:\/\/gliki.at\/en\/wp-json\/wp\/v2\/media\/30428"}],"wp:attachment":[{"href":"https:\/\/gliki.at\/en\/wp-json\/wp\/v2\/media?parent=30427"}],"wp:term":[{"taxonomy":"product_brand","embeddable":true,"href":"https:\/\/gliki.at\/en\/wp-json\/wp\/v2\/product_brand?post=30427"},{"taxonomy":"product_cat","embeddable":true,"href":"https:\/\/gliki.at\/en\/wp-json\/wp\/v2\/product_cat?post=30427"},{"taxonomy":"product_tag","embeddable":true,"href":"https:\/\/gliki.at\/en\/wp-json\/wp\/v2\/product_tag?post=30427"}],"curies":[{"name":"wp","href":"https:\/\/api.w.org\/{rel}","templated":true}]}}