{"id":30435,"date":"2025-05-26T12:20:04","date_gmt":"2025-05-26T10:20:04","guid":{"rendered":"https:\/\/gliki.at\/?post_type=product&#038;p=30435"},"modified":"2025-10-07T16:39:24","modified_gmt":"2025-10-07T14:39:24","slug":"finder-60-13-8-048-0040-industrijski-relej","status":"publish","type":"product","link":"https:\/\/gliki.at\/en\/shop\/releji\/industrijski-releji\/finder-60-13-8-048-0040-industrijski-relej\/","title":{"rendered":"Finder 60.13.8.048.0040 \u2013 Industrijski relej"},"content":{"rendered":"<p>Ovaj relej iz Finder serije 60 poseduje \u010detiri nezavisna preklopna kontakta, svaki sposoban da preklopi struju do 10 A. Model 60.13.8.048.0040 koristi AC kalem i predvi\u0111en je za monta\u017eu na DIN \u0161inu pomo\u0107u odgovaraju\u0107eg podno\u017eja iz serije 90.13. Relej je projektovan sa visokom dielektri\u010dnom \u010dvrsto\u0107om od 6 kV izme\u0111u kalema i kontakata, \u010dime se osigurava visoka sigurnost i pouzdanost u radu.Sad\u017ei mehanicki indikator i test dugme.<\/p>\n<p>Klju\u010dne karakteristike:<\/p>\n<p>Napajanje: 48V AC<\/p>\n<p>Tip kontakta:8\/11 pin plug-in 3 preklopna (3PDT)<\/p>\n<p>Maksimalna struja: 10 A po kontaktu<\/p>\n<p>Monta\u017ea: DIN \u0161ina (uz podno\u017eje serije 90.13)<\/p>\n<p>Dielektri\u010dna \u010dvrsto\u0107a: 6 kV (1.2\/50 \u00b5s impuls) izme\u0111u kalema i kontakata<\/p>\n<p>Radna temperatura: -40 \u00b0C do +70 \u00b0C<\/p>\n<p>Mehani\u010dka dugove\u010dnost: do 10 miliona operacija<\/p>\n<p>Kompatibilnost sa dodacima: LED indikator, test dugme, mehani\u010dka zastavica<\/p>\n<p>Finder 60.13.8.048.0040 je robustan i pouzdan relej idealan za primenu u automatizaciji i kontrolnim sistemima koji zahtevaju stabilno preklapanje pri napajanju od 48V AC. Sa tri preklopna kontakta i mogu\u0107no\u0161\u0107u dodatne signalizacije, predstavlja fleksibilno i sigurno re\u0161enje za razne elektri\u010dne instalacije.<\/p>","protected":false},"excerpt":{"rendered":"<p>Finder 60.13.8.048.0040 je elektromehani\u010dki relej sa \u010detiri preklopna kontakta (3PDT), optimizovan za upravljanje elektri\u010dnim kolima sa napajanjem od 48V AC. Namenjen je za profesionalne instalacije u industrijskim i komercijalnim okru\u017eenjima.<\/p>","protected":false},"featured_media":30436,"template":"","meta":[],"product_brand":[114],"product_cat":[237,76],"product_tag":[119],"class_list":{"0":"post-30435","1":"product","2":"type-product","3":"status-publish","4":"has-post-thumbnail","6":"product_brand-finder","7":"product_cat-industrijski-releji","8":"product_cat-releji","9":"product_tag-finder","11":"first","12":"instock","13":"taxable","14":"shipping-taxable","15":"purchasable","16":"product-type-simple"},"_links":{"self":[{"href":"https:\/\/gliki.at\/en\/wp-json\/wp\/v2\/product\/30435","targetHints":{"allow":["GET"]}}],"collection":[{"href":"https:\/\/gliki.at\/en\/wp-json\/wp\/v2\/product"}],"about":[{"href":"https:\/\/gliki.at\/en\/wp-json\/wp\/v2\/types\/product"}],"version-history":[{"count":5,"href":"https:\/\/gliki.at\/en\/wp-json\/wp\/v2\/product\/30435\/revisions"}],"predecessor-version":[{"id":30549,"href":"https:\/\/gliki.at\/en\/wp-json\/wp\/v2\/product\/30435\/revisions\/30549"}],"wp:featuredmedia":[{"embeddable":true,"href":"https:\/\/gliki.at\/en\/wp-json\/wp\/v2\/media\/30436"}],"wp:attachment":[{"href":"https:\/\/gliki.at\/en\/wp-json\/wp\/v2\/media?parent=30435"}],"wp:term":[{"taxonomy":"product_brand","embeddable":true,"href":"https:\/\/gliki.at\/en\/wp-json\/wp\/v2\/product_brand?post=30435"},{"taxonomy":"product_cat","embeddable":true,"href":"https:\/\/gliki.at\/en\/wp-json\/wp\/v2\/product_cat?post=30435"},{"taxonomy":"product_tag","embeddable":true,"href":"https:\/\/gliki.at\/en\/wp-json\/wp\/v2\/product_tag?post=30435"}],"curies":[{"name":"wp","href":"https:\/\/api.w.org\/{rel}","templated":true}]}}