{"id":30476,"date":"2025-05-26T13:26:21","date_gmt":"2025-05-26T11:26:21","guid":{"rendered":"https:\/\/gliki.at\/?post_type=product&#038;p=30476"},"modified":"2025-10-07T16:38:20","modified_gmt":"2025-10-07T14:38:20","slug":"finder-60-12-8-024-0040-industrijski-relej","status":"publish","type":"product","link":"https:\/\/gliki.at\/en\/shop\/releji\/industrijski-releji\/finder-60-12-8-024-0040-industrijski-relej\/","title":{"rendered":"Finder 60.12.8.024.0040 \u2013 Industrijski relej"},"content":{"rendered":"<p>Model 60.12.8.024.0040 iz Finder serije 60 je robustan industrijski relej namenjen primeni u automatizaciji, signalizaciji, upravljanju motorima i drugim industrijskim aplikacijama. Opremljen je sa dva nezavisna preklopna kontakta koji omogu\u0107avaju fleksibilno preklapanje strujnih kola. Relej je kompatibilan sa standardnim DIN \u0161inskim podno\u017ejima (serija 90) i nudi dodatne funkcionalnosti kao \u0161to su mehani\u010dki pokaziva\u010d polo\u017eaja kontakata i ru\u010dni test taster .<\/p>\n<p>Klju\u010dne karakteristike:<\/p>\n<p>Napajanje: 24V AC<\/p>\n<p>Tip kontakta:8\/11 pin plug-in 2 preklopna (DPDT)<\/p>\n<p>Maksimalna struja po kontaktu: 12 A<\/p>\n<p>Monta\u017ea: DIN \u0161ina (uz odgovaraju\u0107e podno\u017eje)<\/p>\n<p>Potro\u0161nja: 1,2 VA<\/p>\n<p>Izolacija: 6,4 mm; 6 kV (1,2\/50 \u00b5s) izme\u0111u kalema i kontakata<\/p>\n<p>Temperaturni opseg: -40 \u00b0C do +70 \u00b0C<\/p>\n<p>Mehani\u010dka dugove\u010dnost: do 10 miliona operacija<\/p>\n<p>Elektri\u010dna dugove\u010dnost: do 100.000 operacija pri nazivnom optere\u0107enju<\/p>\n<p>Finder 60.12.8.024.0040 je pouzdan relej sa \u0161irokim spektrom primene u industrijskim okru\u017eenjima. Njegova \u010dvrsta konstrukcija, visoka izdr\u017eljivost i podr\u0161ka za standardna podno\u017eja \u010dine ga idealnim re\u0161enjem za sisteme upravljanja i automatizacije na niskom naponu.<\/p>","protected":false},"excerpt":{"rendered":"<p>Finder 60.12.8.024.0040 je elektromehani\u010dki relej sa dva preklopna kontakta (DPDT), dizajniran za pouzdano upravljanje elektri\u010dnim kolima pri napajanju od 24V AC.<\/p>","protected":false},"featured_media":30477,"template":"","meta":[],"product_brand":[114],"product_cat":[237,76],"product_tag":[119],"class_list":{"0":"post-30476","1":"product","2":"type-product","3":"status-publish","4":"has-post-thumbnail","6":"product_brand-finder","7":"product_cat-industrijski-releji","8":"product_cat-releji","9":"product_tag-finder","11":"first","12":"instock","13":"taxable","14":"shipping-taxable","15":"product-type-simple"},"_links":{"self":[{"href":"https:\/\/gliki.at\/en\/wp-json\/wp\/v2\/product\/30476","targetHints":{"allow":["GET"]}}],"collection":[{"href":"https:\/\/gliki.at\/en\/wp-json\/wp\/v2\/product"}],"about":[{"href":"https:\/\/gliki.at\/en\/wp-json\/wp\/v2\/types\/product"}],"version-history":[{"count":3,"href":"https:\/\/gliki.at\/en\/wp-json\/wp\/v2\/product\/30476\/revisions"}],"predecessor-version":[{"id":30539,"href":"https:\/\/gliki.at\/en\/wp-json\/wp\/v2\/product\/30476\/revisions\/30539"}],"wp:featuredmedia":[{"embeddable":true,"href":"https:\/\/gliki.at\/en\/wp-json\/wp\/v2\/media\/30477"}],"wp:attachment":[{"href":"https:\/\/gliki.at\/en\/wp-json\/wp\/v2\/media?parent=30476"}],"wp:term":[{"taxonomy":"product_brand","embeddable":true,"href":"https:\/\/gliki.at\/en\/wp-json\/wp\/v2\/product_brand?post=30476"},{"taxonomy":"product_cat","embeddable":true,"href":"https:\/\/gliki.at\/en\/wp-json\/wp\/v2\/product_cat?post=30476"},{"taxonomy":"product_tag","embeddable":true,"href":"https:\/\/gliki.at\/en\/wp-json\/wp\/v2\/product_tag?post=30476"}],"curies":[{"name":"wp","href":"https:\/\/api.w.org\/{rel}","templated":true}]}}