{"id":30616,"date":"2025-05-27T11:05:26","date_gmt":"2025-05-27T09:05:26","guid":{"rendered":"https:\/\/gliki.at\/?post_type=product&#038;p=30616"},"modified":"2025-10-07T16:37:33","modified_gmt":"2025-10-07T14:37:33","slug":"finder-55-34-8-230-0040-industrijski-relej","status":"publish","type":"product","link":"https:\/\/gliki.at\/en\/shop\/releji\/industrijski-releji\/finder-55-34-8-230-0040-industrijski-relej\/","title":{"rendered":"Finder 55.34.8.230.0040 \u2013 Industrijski relej"},"content":{"rendered":"<p>&nbsp;<\/p>\n<p>Relej Finder 55.34.8.230.0040 deo je poznate serije 55, koja se odlikuje pouzdano\u0161\u0107u i dugim radnim vekom. Namenjen je za monta\u017eu u standardne podno\u017eja (plug-in tip), i poseduje 4 promjenjiva kontakta (CO \u2013 nPDT). Napon kalema je 230 V AC, a snaga potro\u0161nje je 1.2 VA.<\/p>\n<p>Poseduje test dugme i mehanicku indikaciju.<\/p>\n<p>Klju\u010dne karakteristike:<\/p>\n<p>Serija: 55.34 \u2013 Industrijski releji za monta\u017eu na podno\u017eja<\/p>\n<p>Tip: 3 \u2013 Plug-in (monta\u017ea u le\u017ei\u0161te)<\/p>\n<p>Broj kontakata: 4 promjenjiva kontakta (4PDT), kapacitet 7 A<\/p>\n<p>Napon kalema: 230 V AC (50\/60 Hz)<\/p>\n<p>Kontakt materijal: Standardni AgNi<\/p>\n<p>Monta\u017ea: Na standardno Finder podno\u017eje (npr. 94.94 ili 94.04)<\/p>\n<p>&nbsp;<\/p>\n<p>Relej Finder 55.34.8.230.0040 je idealan izbor za industrijske aplikacije koje zahtevaju visok nivo pouzdanosti, jasno\u0107u dijagnostike i jednostavno testiranje.<\/p>","protected":false},"excerpt":{"rendered":"<p>Finder 55.34.8.230.0040 je industrijski elektromehani\u010dki relej sa 4 promjenjiva kontakta (4PDT), napajanjem na 230 V AC, kapaciteta kontakata do 7 A.<\/p>","protected":false},"featured_media":30619,"template":"","meta":[],"product_brand":[114],"product_cat":[237,76],"product_tag":[119],"class_list":{"0":"post-30616","1":"product","2":"type-product","3":"status-publish","4":"has-post-thumbnail","6":"product_brand-finder","7":"product_cat-industrijski-releji","8":"product_cat-releji","9":"product_tag-finder","11":"first","12":"instock","13":"taxable","14":"shipping-taxable","15":"purchasable","16":"product-type-simple"},"_links":{"self":[{"href":"https:\/\/gliki.at\/en\/wp-json\/wp\/v2\/product\/30616","targetHints":{"allow":["GET"]}}],"collection":[{"href":"https:\/\/gliki.at\/en\/wp-json\/wp\/v2\/product"}],"about":[{"href":"https:\/\/gliki.at\/en\/wp-json\/wp\/v2\/types\/product"}],"version-history":[{"count":3,"href":"https:\/\/gliki.at\/en\/wp-json\/wp\/v2\/product\/30616\/revisions"}],"predecessor-version":[{"id":30704,"href":"https:\/\/gliki.at\/en\/wp-json\/wp\/v2\/product\/30616\/revisions\/30704"}],"wp:featuredmedia":[{"embeddable":true,"href":"https:\/\/gliki.at\/en\/wp-json\/wp\/v2\/media\/30619"}],"wp:attachment":[{"href":"https:\/\/gliki.at\/en\/wp-json\/wp\/v2\/media?parent=30616"}],"wp:term":[{"taxonomy":"product_brand","embeddable":true,"href":"https:\/\/gliki.at\/en\/wp-json\/wp\/v2\/product_brand?post=30616"},{"taxonomy":"product_cat","embeddable":true,"href":"https:\/\/gliki.at\/en\/wp-json\/wp\/v2\/product_cat?post=30616"},{"taxonomy":"product_tag","embeddable":true,"href":"https:\/\/gliki.at\/en\/wp-json\/wp\/v2\/product_tag?post=30616"}],"curies":[{"name":"wp","href":"https:\/\/api.w.org\/{rel}","templated":true}]}}