{"id":30624,"date":"2025-05-27T11:08:53","date_gmt":"2025-05-27T09:08:53","guid":{"rendered":"https:\/\/gliki.at\/?post_type=product&#038;p=30624"},"modified":"2025-10-07T16:37:19","modified_gmt":"2025-10-07T14:37:19","slug":"finder-55-34-8-110-0040-industrijski-relej","status":"publish","type":"product","link":"https:\/\/gliki.at\/en\/shop\/releji\/industrijski-releji\/finder-55-34-8-110-0040-industrijski-relej\/","title":{"rendered":"Finder 55.34.8.110.0040 \u2013 Industrijski relej"},"content":{"rendered":"<p>&nbsp;<\/p>\n<p>Ovaj model pripada Finder seriji 55, koja se koristi u industrijskim i automatizovanim sistemima gde su potrebni pouzdani releji sa vi\u0161estrukim kontaktima. Relej je plug-in tipa (tip 3), \u0161to zna\u010di da je predvi\u0111en za monta\u017eu na podno\u017eje. Kalem je AC verzija (ozna\u010deno brojem 8), sa nominalnim naponom od 110 V AC i potro\u0161njom od 1.2 VA.<\/p>\n<p>Relej poseduje standardni kontaktni materijal AgNi i \u010detiri promjenjiva kontakta (nPDT), kapaciteta 7 A. Relej poseduje mehanicki i blokadni test taster, \u0161to omogu\u0107ava lako testiranje i vizuelno pra\u0107enje stanja kalema.<\/p>\n<p>Klju\u010dne karakteristike:<\/p>\n<p>Serija: 55.34 \u2013 Industrijski plug-in releji<\/p>\n<p>Tip: 3 \u2013 Monta\u017ea u podno\u017eje<\/p>\n<p>Broj kontakata: 4 promjenjiva kontakta (4PDT), 7 A<\/p>\n<p>Napon kalema: 110 V AC (50\/60 Hz)<\/p>\n<p>Verzija kalema: AC (oznaka 8)<\/p>\n<p>Kontakt materijal: Standardni AgNi<\/p>\n<p>Funkcije: Mehanicki taster + blokadni test taster<\/p>\n<p>&nbsp;<\/p>\n<p>Monta\u017ea: Na Finder podno\u017eja (npr. 94.94, 94.04)<\/p>\n<p>&nbsp;<\/p>\n<p>Relej Finder 55.34.8.110.0040 je idealno re\u0161enje za aplikacije koje zahtevaju vi\u0161ekanalnu kontrolu uz dodatne funkcije testiranja i indikacije. Pouzdan je, lako se ugra\u0111uje, i omogu\u0107ava jednostavno odr\u017eavanje u industrijskim uslovima.<\/p>","protected":false},"excerpt":{"rendered":"<p>Finder 55.34.8.110.0040 je industrijski relej sa 4 promjenjiva kontakta (4PDT), nominalnog napona kalema 110 V AC, sa blokadnim test tasterom i mehanickim tasterom za jednostavnu dijagnostiku. Namenjen je za monta\u017eu u odgovaraju\u0107a podno\u017eja<\/p>","protected":false},"featured_media":30625,"template":"","meta":[],"product_brand":[114],"product_cat":[237,76],"product_tag":[119],"class_list":{"0":"post-30624","1":"product","2":"type-product","3":"status-publish","4":"has-post-thumbnail","6":"product_brand-finder","7":"product_cat-industrijski-releji","8":"product_cat-releji","9":"product_tag-finder","11":"first","12":"instock","13":"taxable","14":"shipping-taxable","15":"purchasable","16":"product-type-simple"},"_links":{"self":[{"href":"https:\/\/gliki.at\/en\/wp-json\/wp\/v2\/product\/30624","targetHints":{"allow":["GET"]}}],"collection":[{"href":"https:\/\/gliki.at\/en\/wp-json\/wp\/v2\/product"}],"about":[{"href":"https:\/\/gliki.at\/en\/wp-json\/wp\/v2\/types\/product"}],"version-history":[{"count":3,"href":"https:\/\/gliki.at\/en\/wp-json\/wp\/v2\/product\/30624\/revisions"}],"predecessor-version":[{"id":30706,"href":"https:\/\/gliki.at\/en\/wp-json\/wp\/v2\/product\/30624\/revisions\/30706"}],"wp:featuredmedia":[{"embeddable":true,"href":"https:\/\/gliki.at\/en\/wp-json\/wp\/v2\/media\/30625"}],"wp:attachment":[{"href":"https:\/\/gliki.at\/en\/wp-json\/wp\/v2\/media?parent=30624"}],"wp:term":[{"taxonomy":"product_brand","embeddable":true,"href":"https:\/\/gliki.at\/en\/wp-json\/wp\/v2\/product_brand?post=30624"},{"taxonomy":"product_cat","embeddable":true,"href":"https:\/\/gliki.at\/en\/wp-json\/wp\/v2\/product_cat?post=30624"},{"taxonomy":"product_tag","embeddable":true,"href":"https:\/\/gliki.at\/en\/wp-json\/wp\/v2\/product_tag?post=30624"}],"curies":[{"name":"wp","href":"https:\/\/api.w.org\/{rel}","templated":true}]}}