{"id":30635,"date":"2025-05-27T11:11:53","date_gmt":"2025-05-27T09:11:53","guid":{"rendered":"https:\/\/gliki.at\/?post_type=product&#038;p=30635"},"modified":"2025-10-07T16:37:06","modified_gmt":"2025-10-07T14:37:06","slug":"finder-55-34-8-060-0040-industrijski-relej","status":"publish","type":"product","link":"https:\/\/gliki.at\/en\/shop\/releji\/industrijski-releji\/finder-55-34-8-060-0040-industrijski-relej\/","title":{"rendered":"Finder 55.34.8.060.0040 \u2013 Industrijski relej"},"content":{"rendered":"<p>&nbsp;<\/p>\n<p>Ovaj model pripada Finder seriji 55, namenjenoj za upotrebu u industrijskoj automatizaciji i elektri\u010dnim instalacijama gde je potrebna pouzdana prekidna funkcija. Relej je plug-in tipa (oznaka 3), \u0161to omogu\u0107ava brzo montiranje u standardna Finder podno\u017eja (npr. 94.94, 94.04).<\/p>\n<p>Sa \u010detiri promjenjiva kontakta (4PDT), svaki sa kapacitetom od 7 A, ovaj relej omogu\u0107ava upravljanje vi\u0161e nezavisnih strujnih kola. Kalem je AC verzija (oznaka \u201e8\u201c), optimizovan za rad na 60 V AC, sa potro\u0161njom od 1.2 VA. Kontaktni materijal je AgNi, a kontaktna konfiguracija CO (nPDT).<\/p>\n<p>&nbsp;<\/p>\n<p>Klju\u010dne karakteristike:<\/p>\n<p>Serija: 55.34 \u2013 Industrijski plug-in releji<\/p>\n<p>Tip: 3 \u2013 Monta\u017ea u podno\u017eje<\/p>\n<p>Broj kontakata: 4 promenjiva kontakta (4PDT), 7 A<\/p>\n<p>Napon kalema: 60 V AC (50\/60 Hz)<\/p>\n<p>Verzija kalema: AC (oznaka 8)<\/p>\n<p>Kontaktni materijal: AgNi (standard)<\/p>\n<p>Dodatne funkcije: Mehanick i test taster sa blokadom<\/p>\n<p>&nbsp;<\/p>\n<p>Kompatibilna podno\u017eja: Finder 94.94, 94.04<\/p>\n<p>&nbsp;<\/p>\n<p>Finder 55.34.8.060.0040 predstavlja pouzdan izbor za upravljanje vi\u0161ekanalnim aplikacijama u industriji i automatizaciji. Sa funkcijama mehanickog i test tastera, omogu\u0107ava jednostavnu dijagnostiku i testiranje bez potrebe za dodatnom opremom.<\/p>","protected":false},"excerpt":{"rendered":"<p>Finder 55.34.8.060.0040 je industrijski relej sa 4 promenjiva kontakta (4PDT), radnog napona kalema 60 V AC. Opremljen je mehanickim i blokadnim test tasterom za jednostavno testiranje . Namenjen je za monta\u017eu u odgovaraju\u0107e podno\u017eje.<\/p>","protected":false},"featured_media":30639,"template":"","meta":[],"product_brand":[114],"product_cat":[237,76],"product_tag":[119],"class_list":{"0":"post-30635","1":"product","2":"type-product","3":"status-publish","4":"has-post-thumbnail","6":"product_brand-finder","7":"product_cat-industrijski-releji","8":"product_cat-releji","9":"product_tag-finder","11":"first","12":"instock","13":"taxable","14":"shipping-taxable","15":"purchasable","16":"product-type-simple"},"_links":{"self":[{"href":"https:\/\/gliki.at\/en\/wp-json\/wp\/v2\/product\/30635","targetHints":{"allow":["GET"]}}],"collection":[{"href":"https:\/\/gliki.at\/en\/wp-json\/wp\/v2\/product"}],"about":[{"href":"https:\/\/gliki.at\/en\/wp-json\/wp\/v2\/types\/product"}],"version-history":[{"count":3,"href":"https:\/\/gliki.at\/en\/wp-json\/wp\/v2\/product\/30635\/revisions"}],"predecessor-version":[{"id":30708,"href":"https:\/\/gliki.at\/en\/wp-json\/wp\/v2\/product\/30635\/revisions\/30708"}],"wp:featuredmedia":[{"embeddable":true,"href":"https:\/\/gliki.at\/en\/wp-json\/wp\/v2\/media\/30639"}],"wp:attachment":[{"href":"https:\/\/gliki.at\/en\/wp-json\/wp\/v2\/media?parent=30635"}],"wp:term":[{"taxonomy":"product_brand","embeddable":true,"href":"https:\/\/gliki.at\/en\/wp-json\/wp\/v2\/product_brand?post=30635"},{"taxonomy":"product_cat","embeddable":true,"href":"https:\/\/gliki.at\/en\/wp-json\/wp\/v2\/product_cat?post=30635"},{"taxonomy":"product_tag","embeddable":true,"href":"https:\/\/gliki.at\/en\/wp-json\/wp\/v2\/product_tag?post=30635"}],"curies":[{"name":"wp","href":"https:\/\/api.w.org\/{rel}","templated":true}]}}