{"id":30643,"date":"2025-05-27T11:20:09","date_gmt":"2025-05-27T09:20:09","guid":{"rendered":"https:\/\/gliki.at\/?post_type=product&#038;p=30643"},"modified":"2025-08-05T19:19:08","modified_gmt":"2025-08-05T17:19:08","slug":"finder-55-34-8-048-0040-industrijski-relej","status":"publish","type":"product","link":"https:\/\/gliki.at\/en\/shop\/releji\/finder-55-34-8-048-0040-industrijski-relej\/","title":{"rendered":"Finder 55.34.8.048.0040 \u2013 Industrijski relej"},"content":{"rendered":"<p>&nbsp;<\/p>\n<p>Ovaj model pripada Finder seriji 55 i obuhvata plug-in releje za industrijsku i automatsku primenu. Verzija 55.34 ozna\u010dava relej sa \u010detiri promenjiva (nPDT) kontakta koji mogu nositi struje do 7 A. Relej koristi AC kalem (oznaka \u201e8\u201c u kodu) i optimizovan je za napon od 48 V AC. Kontaktni materijal je AgNi (srebro-nikal), a kontakti su konfiguracije CO (nPDT).<\/p>\n<p>&nbsp;<\/p>\n<p>Ova verzija se montira u odgovaraju\u0107e Finder podno\u017eje (npr. 94.94 ili 94.04), \u0161to omogu\u0107ava brzu i jednostavnu ugradnju u upravlja\u010dke ormare.<\/p>\n<p>Klju\u010dne karakteristike:<\/p>\n<p>Serija: 55.34 \u2013 Industrijski plug-in releji<\/p>\n<p>Tip: 3 \u2013 Monta\u017ea u podno\u017eje<\/p>\n<p>Broj kontakata: 4 promenjiva kontakta (4PDT), 7 A<\/p>\n<p>Napon kalema: 48 V AC (50\/60 Hz)<\/p>\n<p>Verzija kalema: AC (oznaka 8)<\/p>\n<p>Kontaktni materijal: AgNi (standard)<\/p>\n<p>Kontaktna konfiguracija: CO (nPDT)<\/p>\n<p>Opcije: Mehanicki indikator i blokadni test taster<\/p>\n<p>&nbsp;<\/p>\n<p>Kompatibilna podno\u017eja: Finder 94.94, 94.04<\/p>\n<p>&nbsp;<\/p>\n<p>Finder 55.34.8.048.0040 je robustan i funkcionalan relej idealan za upravljanje vi\u0161e nezavisnih strujnih kola u industrijskim i automatizovanim aplikacijama.Sa mehanickim\u00a0 i test tasterom, pru\u017ea dodatnu kontrolu i sigurnost u radu, olak\u0161avaju\u0107i monta\u017eu i odr\u017eavanje.<\/p>","protected":false},"excerpt":{"rendered":"<p>Finder 55.34.8.048.0040 je industrijski relej sa 4 promenjiva kontakta (4PDT), projektovan za rad sa 48 V AC naponom kalema.<\/p>","protected":false},"featured_media":30647,"template":"","meta":[],"product_brand":[114],"product_cat":[76],"product_tag":[119],"class_list":{"0":"post-30643","1":"product","2":"type-product","3":"status-publish","4":"has-post-thumbnail","6":"product_brand-finder","7":"product_cat-releji","8":"product_tag-finder","10":"first","11":"instock","12":"taxable","13":"shipping-taxable","14":"purchasable","15":"product-type-simple"},"_links":{"self":[{"href":"https:\/\/gliki.at\/en\/wp-json\/wp\/v2\/product\/30643","targetHints":{"allow":["GET"]}}],"collection":[{"href":"https:\/\/gliki.at\/en\/wp-json\/wp\/v2\/product"}],"about":[{"href":"https:\/\/gliki.at\/en\/wp-json\/wp\/v2\/types\/product"}],"version-history":[{"count":2,"href":"https:\/\/gliki.at\/en\/wp-json\/wp\/v2\/product\/30643\/revisions"}],"predecessor-version":[{"id":30710,"href":"https:\/\/gliki.at\/en\/wp-json\/wp\/v2\/product\/30643\/revisions\/30710"}],"wp:featuredmedia":[{"embeddable":true,"href":"https:\/\/gliki.at\/en\/wp-json\/wp\/v2\/media\/30647"}],"wp:attachment":[{"href":"https:\/\/gliki.at\/en\/wp-json\/wp\/v2\/media?parent=30643"}],"wp:term":[{"taxonomy":"product_brand","embeddable":true,"href":"https:\/\/gliki.at\/en\/wp-json\/wp\/v2\/product_brand?post=30643"},{"taxonomy":"product_cat","embeddable":true,"href":"https:\/\/gliki.at\/en\/wp-json\/wp\/v2\/product_cat?post=30643"},{"taxonomy":"product_tag","embeddable":true,"href":"https:\/\/gliki.at\/en\/wp-json\/wp\/v2\/product_tag?post=30643"}],"curies":[{"name":"wp","href":"https:\/\/api.w.org\/{rel}","templated":true}]}}