{"id":30676,"date":"2025-05-27T12:16:18","date_gmt":"2025-05-27T10:16:18","guid":{"rendered":"https:\/\/gliki.at\/?post_type=product&#038;p=30676"},"modified":"2025-08-01T13:16:04","modified_gmt":"2025-08-01T11:16:04","slug":"finder-55-33-8-400-2000-industrijski-relej","status":"publish","type":"product","link":"https:\/\/gliki.at\/en\/shop\/releji\/finder-55-33-8-400-2000-industrijski-relej\/","title":{"rendered":"Finder 55.33.8.400.2000 \u2013 Relej op\u0161te namene"},"content":{"rendered":"<p>Temperaturni opseg rada<br \/>\n-40&#8230;85 \u00b0C<\/p>\n<p>Vi\u0161enamenski plug-in relej. 3 preklopna kontakta (3 CO) sa strujom od 10 A. Namenjen za upotrebu sa le\u017ei\u0161tima serije 94. Sa AC ili DC kalemom. Zaklju\u010davaju\u0107i taster za testiranje i standardni mehani\u010dki indikator na verzijama sa 2 i 4 kontakta.<\/p>\n<p>Konfiguracija kontakata<br \/>\n3 pola, CO (nPDT)<\/p>\n<p>Dimenzije<br \/>\n20,7 x 37,2 x 27,7 mm<\/p>\n<p>Elektri\u010dni vek trajanja<br \/>\n200000 ciklusa<\/p>\n<p>Izolacija kalema\/kontakata<br \/>\n4 kV<\/p>\n<p>Nominovani napon AC<\/p>\n<p>400 VRadni opseg AC<br \/>\n304&#8230;440 V<\/p>\n<p>Napon kontakata (nazivni)<br \/>\n250 V AC<\/p>\n<p>Nazivna struja kontakata<br \/>\n10 A<\/p>\n<p>Nazivna snaga AC<br \/>\n1,3 VA<\/p>\n<p>Napajanje<br \/>\nAC kalem<\/p>","protected":false},"excerpt":{"rendered":"<p>Finder 55.33.8.400.2000 je industrijski relej, plug-in verzija za le\u017ei\u0161te, 3 pola, CO (nPDT), 10 A, kontakti AgNi, AC kalem, 400 V, radni napon od 304 do 440 V, nazivna snaga 1,3 VA, otpor kalema 50000 \u03a9, potro\u0161nja 3,5 mA, zadr\u017eavaju\u0107i napon 320 V, minimalni napon za isklop 76 V, temperaturni opseg rada od -40 do +85 \u00b0C.<\/p>","protected":false},"featured_media":30677,"template":"","meta":[],"product_brand":[114],"product_cat":[76],"product_tag":[],"class_list":{"0":"post-30676","1":"product","2":"type-product","3":"status-publish","4":"has-post-thumbnail","6":"product_brand-finder","7":"product_cat-releji","9":"first","10":"instock","11":"taxable","12":"shipping-taxable","13":"product-type-simple"},"_links":{"self":[{"href":"https:\/\/gliki.at\/en\/wp-json\/wp\/v2\/product\/30676","targetHints":{"allow":["GET"]}}],"collection":[{"href":"https:\/\/gliki.at\/en\/wp-json\/wp\/v2\/product"}],"about":[{"href":"https:\/\/gliki.at\/en\/wp-json\/wp\/v2\/types\/product"}],"version-history":[{"count":5,"href":"https:\/\/gliki.at\/en\/wp-json\/wp\/v2\/product\/30676\/revisions"}],"predecessor-version":[{"id":33176,"href":"https:\/\/gliki.at\/en\/wp-json\/wp\/v2\/product\/30676\/revisions\/33176"}],"wp:featuredmedia":[{"embeddable":true,"href":"https:\/\/gliki.at\/en\/wp-json\/wp\/v2\/media\/30677"}],"wp:attachment":[{"href":"https:\/\/gliki.at\/en\/wp-json\/wp\/v2\/media?parent=30676"}],"wp:term":[{"taxonomy":"product_brand","embeddable":true,"href":"https:\/\/gliki.at\/en\/wp-json\/wp\/v2\/product_brand?post=30676"},{"taxonomy":"product_cat","embeddable":true,"href":"https:\/\/gliki.at\/en\/wp-json\/wp\/v2\/product_cat?post=30676"},{"taxonomy":"product_tag","embeddable":true,"href":"https:\/\/gliki.at\/en\/wp-json\/wp\/v2\/product_tag?post=30676"}],"curies":[{"name":"wp","href":"https:\/\/api.w.org\/{rel}","templated":true}]}}