{"id":30687,"date":"2025-05-27T16:59:05","date_gmt":"2025-05-27T14:59:05","guid":{"rendered":"https:\/\/gliki.at\/?post_type=product&#038;p=30687"},"modified":"2025-08-01T12:17:02","modified_gmt":"2025-08-01T10:17:02","slug":"finder-55-33-8-120-0050-industrijski-relej","status":"publish","type":"product","link":"https:\/\/gliki.at\/en\/shop\/releji\/finder-55-33-8-120-0050-industrijski-relej\/","title":{"rendered":"Finder 55.33.8.120.0050 \u2013 Relej op\u0161te namene"},"content":{"rendered":"<p>Temperaturni opseg rada<br \/>\n-40&#8230;85 \u00b0C<\/p>\n<p>Vi\u0161enamenski uklopni relej za plug-in monta\u017eu. 3 preklopna kontakta (3 CO) sa strujom od 10 A. Namenjen za upotrebu sa 94 serijom le\u017ei\u0161ta. Sa AC ili DC kalemom. Opcija sa mogu\u0107no\u0161\u0107u zaklju\u010davanja tastera za testiranje i standardnim mehani\u010dkim indikatorom na tipovima sa 2 i 4 kontakta.<\/p>\n<p>Konfiguracija kontakata<br \/>\n3 pola, CO (nPDT)<\/p>\n<p>Dimenzije<br \/>\n20.7 x 37.2 x 27.7 mm<\/p>\n<p>Elektri\u010dni vek trajanja<br \/>\n200000 ciklusa<\/p>\n<p>Izolacija kalema\/kontakata<br \/>\n4 kV<\/p>\n<p>Nominovani napon naizmeni\u010dne struje (AC)<br \/>\n120 V<\/p>\n<p>Nominovani napon jednosmerne struje (DC)<br \/>\nRadni opseg AC napona<br \/>\n96&#8230;132 V<\/p>\n<p>Nominovani napon kontakata<br \/>\n250 V AC<\/p>\n<p>Nominovana struja kontakata<br \/>\n10 A<\/p>\n<p>Nazivna snaga AC<br \/>\n1.5 VA<\/p>\n<p>Napajanje<br \/>\nAC kalem<\/p>","protected":false},"excerpt":{"rendered":"<p>Finder 55.33.8.120.0050 je industrijski relej, plug-in verzija za le\u017ei\u0161te, 3 pola, CO (nPDT), 10 A, kontakti AgNi, AC kalem, 120 V, radni napon od 96 do 132 V, nazivna snaga 1.5 VA, otpor kalema 4700 \u03a9, potro\u0161nja 12 mA, zadr\u017eavaju\u0107i napon 96 V, minimalni napon za isklop 24 V, opcija: zaklju\u010davaju\u0107i taster za test + LED (AC), temperaturni opseg rada od -40 do +85 \u00b0C.<\/p>","protected":false},"featured_media":30688,"template":"","meta":[],"product_brand":[114],"product_cat":[76],"product_tag":[],"class_list":{"0":"post-30687","1":"product","2":"type-product","3":"status-publish","4":"has-post-thumbnail","6":"product_brand-finder","7":"product_cat-releji","9":"first","10":"instock","11":"taxable","12":"shipping-taxable","13":"product-type-simple"},"_links":{"self":[{"href":"https:\/\/gliki.at\/en\/wp-json\/wp\/v2\/product\/30687","targetHints":{"allow":["GET"]}}],"collection":[{"href":"https:\/\/gliki.at\/en\/wp-json\/wp\/v2\/product"}],"about":[{"href":"https:\/\/gliki.at\/en\/wp-json\/wp\/v2\/types\/product"}],"version-history":[{"count":6,"href":"https:\/\/gliki.at\/en\/wp-json\/wp\/v2\/product\/30687\/revisions"}],"predecessor-version":[{"id":33174,"href":"https:\/\/gliki.at\/en\/wp-json\/wp\/v2\/product\/30687\/revisions\/33174"}],"wp:featuredmedia":[{"embeddable":true,"href":"https:\/\/gliki.at\/en\/wp-json\/wp\/v2\/media\/30688"}],"wp:attachment":[{"href":"https:\/\/gliki.at\/en\/wp-json\/wp\/v2\/media?parent=30687"}],"wp:term":[{"taxonomy":"product_brand","embeddable":true,"href":"https:\/\/gliki.at\/en\/wp-json\/wp\/v2\/product_brand?post=30687"},{"taxonomy":"product_cat","embeddable":true,"href":"https:\/\/gliki.at\/en\/wp-json\/wp\/v2\/product_cat?post=30687"},{"taxonomy":"product_tag","embeddable":true,"href":"https:\/\/gliki.at\/en\/wp-json\/wp\/v2\/product_tag?post=30687"}],"curies":[{"name":"wp","href":"https:\/\/api.w.org\/{rel}","templated":true}]}}