{"id":30691,"date":"2025-05-27T17:02:52","date_gmt":"2025-05-27T15:02:52","guid":{"rendered":"https:\/\/gliki.at\/?post_type=product&#038;p=30691"},"modified":"2025-08-05T19:11:50","modified_gmt":"2025-08-05T17:11:50","slug":"finder-55-33-8-110-0050-industrijski-relej","status":"publish","type":"product","link":"https:\/\/gliki.at\/en\/shop\/releji\/finder-55-33-8-110-0050-industrijski-relej\/","title":{"rendered":"Finder 55.33.8.110.0050 \u2013 Relej op\u0161te namene 7-10A"},"content":{"rendered":"<p>Opseg radne temperature<br \/>\n-40&#8230;85 \u00b0C<\/p>\n<p>Relej op\u0161te namene, priklju\u010dni (plug-in) tip. 3 promenljiva kontakta (CO), 10 A. Za upotrebu sa le\u017ei\u0161tima iz 94 serije. Sa AC ili DC kalemom. Zaklju\u010davaju\u0107e dugme za testiranje i standardni mehani\u010dki indikator na tipovima sa 2 i 4 kontakta.<\/p>\n<p>Konfiguracija kontakata<br \/>\n3 pola, promenljivi kontakti (CO, nPDT)<\/p>\n<p>Dimenzije<br \/>\n20.7 x 37.2 x 27.7 mm<\/p>\n<p>Elektri\u010dni vek trajanja<br \/>\n200000 ciklusa<\/p>\n<p>Izolacija kalema\/kontakata<br \/>\n4 kV<\/p>\n<p>Nazivni napon AC<br \/>\n110 V<\/p>\n<p>Radni opseg AC<br \/>\n88&#8230;121 V<\/p>\n<p>Nazivni napon kontakata<br \/>\n250 V AC<\/p>\n<p>Nazivna struja kontakata<br \/>\n10 A<\/p>\n<p>Nazivna snaga AC<br \/>\n1.5 VA<\/p>\n<p>Napajanje<br \/>\nAC kalem<\/p>","protected":false},"excerpt":{"rendered":"<p>Finder 55.33.8.110.0050 je industrijski relej, verzija sa priklju\u010dnim le\u017ei\u0161tem, 3 pola, CO (nPDT), 10 A, kontakti AgNi, AC kalem, 110 V, radni opseg od 88 do 121 V, nazivna snaga 1.5 VA, otpor kalema 3940 \u03a9, potro\u0161nja 12.5 mA, napon dr\u017eanja 88 V, napon isklju\u010divanja 22 V, opcija: zaklju\u010davaju\u0107e dugme za test + LED (AC), radna temperatura od -40 do +85 \u00b0C.<\/p>","protected":false},"featured_media":30692,"template":"","meta":[],"product_brand":[114],"product_cat":[76],"product_tag":[],"class_list":{"0":"post-30691","1":"product","2":"type-product","3":"status-publish","4":"has-post-thumbnail","6":"product_brand-finder","7":"product_cat-releji","9":"first","10":"instock","11":"taxable","12":"shipping-taxable","13":"purchasable","14":"product-type-simple"},"_links":{"self":[{"href":"https:\/\/gliki.at\/en\/wp-json\/wp\/v2\/product\/30691","targetHints":{"allow":["GET"]}}],"collection":[{"href":"https:\/\/gliki.at\/en\/wp-json\/wp\/v2\/product"}],"about":[{"href":"https:\/\/gliki.at\/en\/wp-json\/wp\/v2\/types\/product"}],"version-history":[{"count":6,"href":"https:\/\/gliki.at\/en\/wp-json\/wp\/v2\/product\/30691\/revisions"}],"predecessor-version":[{"id":33173,"href":"https:\/\/gliki.at\/en\/wp-json\/wp\/v2\/product\/30691\/revisions\/33173"}],"wp:featuredmedia":[{"embeddable":true,"href":"https:\/\/gliki.at\/en\/wp-json\/wp\/v2\/media\/30692"}],"wp:attachment":[{"href":"https:\/\/gliki.at\/en\/wp-json\/wp\/v2\/media?parent=30691"}],"wp:term":[{"taxonomy":"product_brand","embeddable":true,"href":"https:\/\/gliki.at\/en\/wp-json\/wp\/v2\/product_brand?post=30691"},{"taxonomy":"product_cat","embeddable":true,"href":"https:\/\/gliki.at\/en\/wp-json\/wp\/v2\/product_cat?post=30691"},{"taxonomy":"product_tag","embeddable":true,"href":"https:\/\/gliki.at\/en\/wp-json\/wp\/v2\/product_tag?post=30691"}],"curies":[{"name":"wp","href":"https:\/\/api.w.org\/{rel}","templated":true}]}}