{"id":30695,"date":"2025-05-27T17:06:45","date_gmt":"2025-05-27T15:06:45","guid":{"rendered":"https:\/\/gliki.at\/?post_type=product&#038;p=30695"},"modified":"2025-08-01T13:16:35","modified_gmt":"2025-08-01T11:16:35","slug":"finder-55-33-8-060-0050-industrijski-relej","status":"publish","type":"product","link":"https:\/\/gliki.at\/en\/shop\/releji\/finder-55-33-8-060-0050-industrijski-relej\/","title":{"rendered":"Finder 55.33.8.060.0050 \u2013 Relej op\u0161te namene 7-10A"},"content":{"rendered":"<p>Opseg radne temperature<br \/>\n-40&#8230;85 \u00b0C<\/p>\n<p>Relej op\u0161te namene, priklju\u010dni (plug-in) tip. 3 promenljiva kontakta (CO), 10 A. Za upotrebu sa 94 serijom le\u017ei\u0161ta. Sa AC ili DC kalemom. Zaklju\u010davaju\u0107e dugme za testiranje i standardni mehani\u010dki indikator na tipovima sa 2 i 4 kontakta.<\/p>\n<p>Konfiguracija kontakata<br \/>\n3 polova, promenljivi kontakti (CO, nPDT)<\/p>\n<p>Dimenzije<br \/>\n20.7 x 37.2 x 27.7 mm<\/p>\n<p>Elektri\u010dni vek trajanja<br \/>\n200000 ciklusa<\/p>\n<p>Izolacija kalema\/kontakata<br \/>\n4 kV<\/p>\n<p>Nazivni napon AC<br \/>\n6 VRadni opseg AC<br \/>\n4.8&#8230;6.6 V<\/p>\n<p>Nazivni napon kontakata<br \/>\n250 V AC<\/p>\n<p>Nazivna struja kontakata<br \/>\n10 A<\/p>\n<p>Nazivna snaga AC<br \/>\n1.5 VA<\/p>\n<p>Napajanje<br \/>\nAC kalem<\/p>","protected":false},"excerpt":{"rendered":"<p>Finder 55.33.8.060.0050\u00a0je industrijski relej, priklju\u010dni tip sa le\u017ei\u0161tem, 3 polna, CO (nPDT), 10 A, AgNi kontakti, AC kalem, 6 V, radni napon od 4.8 do 6.6 V, nazivna snaga 1.5 VA, otpor kalema 12 \u03a9, potro\u0161nja 200 mA, napon dr\u017eanja 4.8 V, napon isklju\u010divanja 1.2 V, opcija: zaklju\u010davaju\u0107e dugme za testiranje + LED indikator (AC), radna temperatura od -40 do +85 \u00b0C.<\/p>","protected":false},"featured_media":30696,"template":"","meta":[],"product_brand":[114],"product_cat":[76],"product_tag":[],"class_list":{"0":"post-30695","1":"product","2":"type-product","3":"status-publish","4":"has-post-thumbnail","6":"product_brand-finder","7":"product_cat-releji","9":"first","10":"instock","11":"taxable","12":"shipping-taxable","13":"product-type-simple"},"_links":{"self":[{"href":"https:\/\/gliki.at\/en\/wp-json\/wp\/v2\/product\/30695","targetHints":{"allow":["GET"]}}],"collection":[{"href":"https:\/\/gliki.at\/en\/wp-json\/wp\/v2\/product"}],"about":[{"href":"https:\/\/gliki.at\/en\/wp-json\/wp\/v2\/types\/product"}],"version-history":[{"count":5,"href":"https:\/\/gliki.at\/en\/wp-json\/wp\/v2\/product\/30695\/revisions"}],"predecessor-version":[{"id":33172,"href":"https:\/\/gliki.at\/en\/wp-json\/wp\/v2\/product\/30695\/revisions\/33172"}],"wp:featuredmedia":[{"embeddable":true,"href":"https:\/\/gliki.at\/en\/wp-json\/wp\/v2\/media\/30696"}],"wp:attachment":[{"href":"https:\/\/gliki.at\/en\/wp-json\/wp\/v2\/media?parent=30695"}],"wp:term":[{"taxonomy":"product_brand","embeddable":true,"href":"https:\/\/gliki.at\/en\/wp-json\/wp\/v2\/product_brand?post=30695"},{"taxonomy":"product_cat","embeddable":true,"href":"https:\/\/gliki.at\/en\/wp-json\/wp\/v2\/product_cat?post=30695"},{"taxonomy":"product_tag","embeddable":true,"href":"https:\/\/gliki.at\/en\/wp-json\/wp\/v2\/product_tag?post=30695"}],"curies":[{"name":"wp","href":"https:\/\/api.w.org\/{rel}","templated":true}]}}