{"id":30699,"date":"2025-05-27T17:12:06","date_gmt":"2025-05-27T15:12:06","guid":{"rendered":"https:\/\/gliki.at\/?post_type=product&#038;p=30699"},"modified":"2025-08-05T19:09:08","modified_gmt":"2025-08-05T17:09:08","slug":"finder-55-33-8-024-0050-industrijski-relej","status":"publish","type":"product","link":"https:\/\/gliki.at\/en\/shop\/releji\/finder-55-33-8-024-0050-industrijski-relej\/","title":{"rendered":"Finder 55.33.8.024.0050 \u2013 Releji op\u0161te namene 7-10A"},"content":{"rendered":"<p>Opseg radne temperature:<br \/>\n-40&#8230;85 \u00b0C<\/p>\n<p>Relej op\u0161te namene za monta\u017eu u podno\u017eje. 3 promenljiva kontakta (CO) za 10 A. Namenjen za kori\u0161\u0107enje sa le\u017ei\u0161tima serije 94. Dostupan sa AC ili DC kalemom. Zaklju\u010davaju\u0107i test taster i standardni mehani\u010dki indikator prisutni su kod verzija sa 2 i 4 kontakta.<\/p>\n<p>Konfiguracija kontakata:<br \/>\n3-polni, CO (nPDT)<\/p>\n<p>Dimenzije:<br \/>\n20,7 x 37,2 x 27,7 mm<\/p>\n<p>Elektri\u010dni vek trajanja:<br \/>\n200.000 ciklusa<\/p>\n<p>Izolacija izme\u0111u kalema i kontakata:<br \/>\n4 kV<\/p>\n<p>Nazivni napon AC:<br \/>\n24 V<\/p>\n<p>Radni opseg AC:<br \/>\n19,2&#8230;26,4 V<\/p>\n<p>Nazivni napon kontakata:<br \/>\n250 V AC<\/p>\n<p>Nazivna struja (kontakti):<br \/>\n10 A<\/p>\n<p>Nazivna snaga AC:<br \/>\n1,5 VA<\/p>\n<p>Napajanje:<br \/>\nAC kalem<\/p>","protected":false},"excerpt":{"rendered":"<p>Finder 55.33.8.024.0050 je industrijski relej za monta\u017eu u podno\u017eje, 3-polni, promenljivi kontakti (CO \u2013 nPDT), 10 A, kontaktni materijal AgNi, AC kalem 24 V, radni opseg od 19,2 do 26,4 V, nazivna snaga 1,5 VA, otpornost 190 \u03a9, potro\u0161nja 53 mA, napon zadr\u017eavanja 19,2 V, minimalni napon za isklju\u010denje 4,8 V. Opcije: zaklju\u010davaju\u0107i test taster + LED (AC). Opseg radne temperature od -40 do +85 \u00b0C.<\/p>","protected":false},"featured_media":30700,"template":"","meta":[],"product_brand":[114],"product_cat":[76],"product_tag":[],"class_list":{"0":"post-30699","1":"product","2":"type-product","3":"status-publish","4":"has-post-thumbnail","6":"product_brand-finder","7":"product_cat-releji","9":"first","10":"instock","11":"taxable","12":"shipping-taxable","13":"purchasable","14":"product-type-simple"},"_links":{"self":[{"href":"https:\/\/gliki.at\/en\/wp-json\/wp\/v2\/product\/30699","targetHints":{"allow":["GET"]}}],"collection":[{"href":"https:\/\/gliki.at\/en\/wp-json\/wp\/v2\/product"}],"about":[{"href":"https:\/\/gliki.at\/en\/wp-json\/wp\/v2\/types\/product"}],"version-history":[{"count":6,"href":"https:\/\/gliki.at\/en\/wp-json\/wp\/v2\/product\/30699\/revisions"}],"predecessor-version":[{"id":33171,"href":"https:\/\/gliki.at\/en\/wp-json\/wp\/v2\/product\/30699\/revisions\/33171"}],"wp:featuredmedia":[{"embeddable":true,"href":"https:\/\/gliki.at\/en\/wp-json\/wp\/v2\/media\/30700"}],"wp:attachment":[{"href":"https:\/\/gliki.at\/en\/wp-json\/wp\/v2\/media?parent=30699"}],"wp:term":[{"taxonomy":"product_brand","embeddable":true,"href":"https:\/\/gliki.at\/en\/wp-json\/wp\/v2\/product_brand?post=30699"},{"taxonomy":"product_cat","embeddable":true,"href":"https:\/\/gliki.at\/en\/wp-json\/wp\/v2\/product_cat?post=30699"},{"taxonomy":"product_tag","embeddable":true,"href":"https:\/\/gliki.at\/en\/wp-json\/wp\/v2\/product_tag?post=30699"}],"curies":[{"name":"wp","href":"https:\/\/api.w.org\/{rel}","templated":true}]}}