{"id":30827,"date":"2025-05-28T10:16:26","date_gmt":"2025-05-28T08:16:26","guid":{"rendered":"https:\/\/gliki.at\/?post_type=product&#038;p=30827"},"modified":"2025-08-05T19:07:48","modified_gmt":"2025-08-05T17:07:48","slug":"finder-55-32-9-012-0040-industrijski-relej","status":"publish","type":"product","link":"https:\/\/gliki.at\/en\/shop\/releji\/finder-55-32-9-012-0040-industrijski-relej\/","title":{"rendered":"Finder 55.32.9.012.0040 \u2013 Releji op\u0161te namene 7-10A"},"content":{"rendered":"<p>Opseg radne temperature:<br \/>\n-40&#8230;85 \u00b0C<\/p>\n<p>Releji op\u0161te namene za ugradnju u podno\u017eje. 2 promenljiva kontakta (CO) za 10 A. Namenjeni za kori\u0161\u0107enje sa le\u017ei\u0161tima serije 94. Dostupni sa AC ili DC kalemom. Standardno dolaze sa zaklju\u010davaju\u0107im test tasterom i mehani\u010dkim indikatorom. Varijanta sa LED indikatorom i integrisanim za\u0161titnim kolom dostupna.<\/p>\n<p>Konfiguracija kontakata:<br \/>\n2-polni, CO (nPDT)<\/p>\n<p>Dimenzije:<br \/>\n20,7 x 37,2 x 27,7 mm<\/p>\n<p>Elektri\u010dni vek trajanja:<br \/>\n200.000 ciklusa<\/p>\n<p>Izolacija izme\u0111u kalema i kontakata:<br \/>\n4 kV<\/p>\n<p>Nazivni napon AC:<br \/>\n230 V<\/p>\n<p>Radni opseg AC:<br \/>\n184&#8230;253 V<\/p>\n<p>Nazivni napon kontakata:<br \/>\n250 V AC<\/p>\n<p>Nazivna struja (kontakti):<br \/>\n10 A<\/p>\n<p>Napajanje:<br \/>\nAC kalem<\/p>","protected":false},"excerpt":{"rendered":"<article class=\"text-token-text-primary w-full focus:outline-none scroll-mt-[calc(var(--header-height)+min(200px,max(70px,20svh)))]\" dir=\"auto\" tabindex=\"-1\" data-testid=\"conversation-turn-256\" data-scroll-anchor=\"true\" data-turn=\"assistant\">\n<div class=\"text-base my-auto mx-auto pb-10 [--thread-content-margin:--spacing(4)] @[37rem]:[--thread-content-margin:--spacing(6)] @[72rem]:[--thread-content-margin:--spacing(16)] px-(--thread-content-margin)\">\n<div class=\"[--thread-content-max-width:32rem] @[34rem]:[--thread-content-max-width:40rem] @[64rem]:[--thread-content-max-width:48rem] mx-auto max-w-(--thread-content-max-width) flex-1 group\/turn-messages focus-visible:outline-hidden relative flex w-full min-w-0 flex-col agent-turn\" tabindex=\"-1\">\n<div class=\"flex max-w-full flex-col grow\">\n<div class=\"min-h-8 text-message relative flex w-full flex-col items-end gap-2 text-start break-words whitespace-normal [.text-message+&amp;]:mt-5\" dir=\"auto\" data-message-author-role=\"assistant\" data-message-id=\"817f0952-45bc-496b-9bdf-946256e38671\" data-message-model-slug=\"gpt-4o\">\n<div class=\"flex w-full flex-col gap-1 empty:hidden first:pt-[3px]\">\n<div class=\"markdown prose dark:prose-invert w-full break-words light\">\n<p data-start=\"846\" data-end=\"1245\" data-is-last-node=\"\" data-is-only-node=\"\">Industrijski relej za monta\u017eu u podno\u017eje, 2-polni, promenljivi kontakti (CO \u2013 nPDT), 10 A, kontaktni materijal AgNi, AC kalem 230 V, radni opseg 184 do 253 V, nazivna snaga 1,5 VA, otpornost 17.000 \u03a9, potro\u0161nja 6 mA, napon zadr\u017eavanja 184 V, minimalni napon za isklju\u010denje 46 V. Opcije: zaklju\u010davaju\u0107i test taster i mehani\u010dki indikator. Opseg radne temperature od -40 do +85 \u00b0C.<\/p>\n<\/div>\n<\/div>\n<\/div>\n<\/div>\n<div class=\"flex min-h-[46px] justify-start\"><\/div>\n<div class=\"aria-live=polite absolute\">\n<div class=\"flex items-center justify-center\"><\/div>\n<\/div>\n<\/div>\n<\/div>\n<\/article>\n<div class=\"pointer-events-none h-px w-px\" aria-hidden=\"true\" data-edge=\"true\"><\/div>","protected":false},"featured_media":30828,"template":"","meta":[],"product_brand":[114],"product_cat":[76],"product_tag":[],"class_list":{"0":"post-30827","1":"product","2":"type-product","3":"status-publish","4":"has-post-thumbnail","6":"product_brand-finder","7":"product_cat-releji","9":"first","10":"instock","11":"taxable","12":"shipping-taxable","13":"purchasable","14":"product-type-simple"},"_links":{"self":[{"href":"https:\/\/gliki.at\/en\/wp-json\/wp\/v2\/product\/30827","targetHints":{"allow":["GET"]}}],"collection":[{"href":"https:\/\/gliki.at\/en\/wp-json\/wp\/v2\/product"}],"about":[{"href":"https:\/\/gliki.at\/en\/wp-json\/wp\/v2\/types\/product"}],"version-history":[{"count":6,"href":"https:\/\/gliki.at\/en\/wp-json\/wp\/v2\/product\/30827\/revisions"}],"predecessor-version":[{"id":33169,"href":"https:\/\/gliki.at\/en\/wp-json\/wp\/v2\/product\/30827\/revisions\/33169"}],"wp:featuredmedia":[{"embeddable":true,"href":"https:\/\/gliki.at\/en\/wp-json\/wp\/v2\/media\/30828"}],"wp:attachment":[{"href":"https:\/\/gliki.at\/en\/wp-json\/wp\/v2\/media?parent=30827"}],"wp:term":[{"taxonomy":"product_brand","embeddable":true,"href":"https:\/\/gliki.at\/en\/wp-json\/wp\/v2\/product_brand?post=30827"},{"taxonomy":"product_cat","embeddable":true,"href":"https:\/\/gliki.at\/en\/wp-json\/wp\/v2\/product_cat?post=30827"},{"taxonomy":"product_tag","embeddable":true,"href":"https:\/\/gliki.at\/en\/wp-json\/wp\/v2\/product_tag?post=30827"}],"curies":[{"name":"wp","href":"https:\/\/api.w.org\/{rel}","templated":true}]}}