{"id":30832,"date":"2025-05-28T10:40:49","date_gmt":"2025-05-28T08:40:49","guid":{"rendered":"https:\/\/gliki.at\/?post_type=product&#038;p=30832"},"modified":"2025-08-05T19:07:21","modified_gmt":"2025-08-05T17:07:21","slug":"finder-55-32-8-230-0040-industrijski-relej","status":"publish","type":"product","link":"https:\/\/gliki.at\/en\/shop\/releji\/finder-55-32-8-230-0040-industrijski-relej\/","title":{"rendered":"Finder 55.32.8.230.0040 \u2013 Releji op\u0161te namene 7-10A"},"content":{"rendered":"<p>Opseg radne temperature:<br \/>\n-40&#8230;85 \u00b0C<\/p>\n<p>Releji op\u0161te namene za ugradnju u podno\u017eje. 2 promenljiva kontakta (CO) za 10 A. Namenjeni za upotrebu sa le\u017ei\u0161tima serije 94. Dostupni sa AC ili DC kalemom. Mogu\u0107nost zaklju\u010davanja test tastera i mehani\u010dki indikator u standardnoj verziji. Varijanta sa LED indikatorom i integrisanom za\u0161titnom diodom.<\/p>\n<p>Konfiguracija kontakata:<br \/>\n2-polni, CO (nPDT)<\/p>\n<p>Dimenzije:<br \/>\n20,7 x 37,2 x 27,7 mm<\/p>\n<p>Elektri\u010dni vek trajanja:<br \/>\n200.000 ciklusa<\/p>\n<p>Izolacija izme\u0111u kalema i kontakata:<br \/>\n4 kV<\/p>\n<p>Nazivni napon AC:<br \/>\n230 V<\/p>\n<p>Radni opseg AC:<br \/>\n184&#8230;253 V<\/p>\n<p>Nazivni napon kontakata:<br \/>\n250 V AC<\/p>\n<p>Nazivna struja (kontakti):<br \/>\n10 A<\/p>\n<p>Napajanje:<br \/>\nAC kalem<\/p>","protected":false},"excerpt":{"rendered":"<p>Finder 55.32.8.230.0040 je industrijski relej za monta\u017eu u podno\u017eje, 2-polni, promenljivi kontakti (CO \u2013 nPDT), 10 A, AgNi kontakti, AC kalem 230 V, radni opseg od 184 do 253 V, nazivna snaga 1,5 VA, otpornost 17.000 \u03a9, potro\u0161nja 6 mA, napon zadr\u017eavanja 184 V, minimalni napon za otpu\u0161tanje 46 V. Opcije: zaklju\u010davaju\u0107i test taster i mehani\u010dki indikator. Opseg radne temperature od -40 do +85 \u00b0C.<\/p>","protected":false},"featured_media":30833,"template":"","meta":[],"product_brand":[114],"product_cat":[76],"product_tag":[],"class_list":{"0":"post-30832","1":"product","2":"type-product","3":"status-publish","4":"has-post-thumbnail","6":"product_brand-finder","7":"product_cat-releji","9":"first","10":"instock","11":"taxable","12":"shipping-taxable","13":"purchasable","14":"product-type-simple"},"_links":{"self":[{"href":"https:\/\/gliki.at\/en\/wp-json\/wp\/v2\/product\/30832","targetHints":{"allow":["GET"]}}],"collection":[{"href":"https:\/\/gliki.at\/en\/wp-json\/wp\/v2\/product"}],"about":[{"href":"https:\/\/gliki.at\/en\/wp-json\/wp\/v2\/types\/product"}],"version-history":[{"count":6,"href":"https:\/\/gliki.at\/en\/wp-json\/wp\/v2\/product\/30832\/revisions"}],"predecessor-version":[{"id":33168,"href":"https:\/\/gliki.at\/en\/wp-json\/wp\/v2\/product\/30832\/revisions\/33168"}],"wp:featuredmedia":[{"embeddable":true,"href":"https:\/\/gliki.at\/en\/wp-json\/wp\/v2\/media\/30833"}],"wp:attachment":[{"href":"https:\/\/gliki.at\/en\/wp-json\/wp\/v2\/media?parent=30832"}],"wp:term":[{"taxonomy":"product_brand","embeddable":true,"href":"https:\/\/gliki.at\/en\/wp-json\/wp\/v2\/product_brand?post=30832"},{"taxonomy":"product_cat","embeddable":true,"href":"https:\/\/gliki.at\/en\/wp-json\/wp\/v2\/product_cat?post=30832"},{"taxonomy":"product_tag","embeddable":true,"href":"https:\/\/gliki.at\/en\/wp-json\/wp\/v2\/product_tag?post=30832"}],"curies":[{"name":"wp","href":"https:\/\/api.w.org\/{rel}","templated":true}]}}