{"id":30849,"date":"2025-05-28T10:58:57","date_gmt":"2025-05-28T08:58:57","guid":{"rendered":"https:\/\/gliki.at\/?post_type=product&#038;p=30849"},"modified":"2025-08-01T10:00:34","modified_gmt":"2025-08-01T08:00:34","slug":"finder-55-14-8-024-0000-industrijski-relej","status":"publish","type":"product","link":"https:\/\/gliki.at\/en\/shop\/releji\/finder-55-14-8-024-0000-industrijski-relej\/","title":{"rendered":"Finder 55.14.8.024.0000 \u2013 Releji op\u0161te namene 7-10A"},"content":{"rendered":"<p>Opseg radne temperature:<br \/>\n-40&#8230;85 \u00b0C<\/p>\n<p>Relej op\u0161te namene za monta\u017eu na \u0161tampanu plo\u010du (PCB), 4 promenljiva kontakta (CO) za 7 A. Dostupan sa AC ili DC kalemom. Kontakti bez kadmijuma. Opcije materijala kontakata. Dostupna RT III verzija (periva).<\/p>\n<p>Konfiguracija kontakata:<br \/>\n4-polni, CO (nPDT)<\/p>\n<p>Dimenzije:<br \/>\n20,7 x 35,8 x 27,7 mm<\/p>\n<p>Elektri\u010dni vek trajanja:<br \/>\n150.000 ciklusa<\/p>\n<p>Izolacija izme\u0111u kalema i kontakata:<br \/>\n4 kV<\/p>\n<p>Nazivni napon AC:<br \/>\n24 V<\/p>\n<p>Radni opseg AC:<br \/>\n19,2&#8230;26,4 V<\/p>\n<p>Nazivni napon kontakata:<br \/>\n250 V AC<\/p>\n<p>Nazivna struja (kontakti):<br \/>\n7 A<\/p>\n<p>Nazivna snaga AC:<br \/>\n1,5 VA<\/p>\n<p>Napajanje:<br \/>\nAC kalem<\/p>","protected":false},"excerpt":{"rendered":"<p>Finder 55.14.8.024.0000 je industrijski relej za PCB monta\u017eu, 4-polni, promenljivi kontakti (CO \u2013 nPDT), 7 A, AgNi kontakti, AC kalem, 24 V, radni opseg 19,2 do 26,4 V, nazivna snaga 1,5 VA, otpornost 190 \u03a9, potro\u0161nja 53 mA, napon zadr\u017eavanja 19,2 V, minimalni napon za otpu\u0161tanje 4,8 V, radna temperatura od -40 do +85 \u00b0C.<\/p>","protected":false},"featured_media":30850,"template":"","meta":[],"product_brand":[114],"product_cat":[76],"product_tag":[],"class_list":{"0":"post-30849","1":"product","2":"type-product","3":"status-publish","4":"has-post-thumbnail","6":"product_brand-finder","7":"product_cat-releji","9":"first","10":"instock","11":"taxable","12":"shipping-taxable","13":"product-type-simple"},"_links":{"self":[{"href":"https:\/\/gliki.at\/en\/wp-json\/wp\/v2\/product\/30849","targetHints":{"allow":["GET"]}}],"collection":[{"href":"https:\/\/gliki.at\/en\/wp-json\/wp\/v2\/product"}],"about":[{"href":"https:\/\/gliki.at\/en\/wp-json\/wp\/v2\/types\/product"}],"version-history":[{"count":6,"href":"https:\/\/gliki.at\/en\/wp-json\/wp\/v2\/product\/30849\/revisions"}],"predecessor-version":[{"id":33158,"href":"https:\/\/gliki.at\/en\/wp-json\/wp\/v2\/product\/30849\/revisions\/33158"}],"wp:featuredmedia":[{"embeddable":true,"href":"https:\/\/gliki.at\/en\/wp-json\/wp\/v2\/media\/30850"}],"wp:attachment":[{"href":"https:\/\/gliki.at\/en\/wp-json\/wp\/v2\/media?parent=30849"}],"wp:term":[{"taxonomy":"product_brand","embeddable":true,"href":"https:\/\/gliki.at\/en\/wp-json\/wp\/v2\/product_brand?post=30849"},{"taxonomy":"product_cat","embeddable":true,"href":"https:\/\/gliki.at\/en\/wp-json\/wp\/v2\/product_cat?post=30849"},{"taxonomy":"product_tag","embeddable":true,"href":"https:\/\/gliki.at\/en\/wp-json\/wp\/v2\/product_tag?post=30849"}],"curies":[{"name":"wp","href":"https:\/\/api.w.org\/{rel}","templated":true}]}}