{"id":30853,"date":"2025-05-28T11:02:18","date_gmt":"2025-05-28T09:02:18","guid":{"rendered":"https:\/\/gliki.at\/?post_type=product&#038;p=30853"},"modified":"2025-08-01T09:59:37","modified_gmt":"2025-08-01T07:59:37","slug":"finder-55-13-9-012-0000-industrijski-relej","status":"publish","type":"product","link":"https:\/\/gliki.at\/en\/shop\/releji\/finder-55-13-9-012-0000-industrijski-relej\/","title":{"rendered":"Finder 55.13.9.012.0000 \u2013 Releji op\u0161te namene  7-10A"},"content":{"rendered":"<p>Opseg radne temperature:<br \/>\n-40&#8230;85 \u00b0C<\/p>\n<p>Releji op\u0161te namene za monta\u017eu na \u0161tampanu plo\u010du (PCB), 3 promenljiva kontakta (CO) za 10 A. Dostupni sa AC ili DC kalemom. Kontakti bez kadmijuma. Opcije kontakt materijala. Dostupna verzija RT III (periva).<\/p>\n<p>Konfiguracija kontakata:<br \/>\n3 polna, CO (nPDT)<\/p>\n<p>Dimenzije:<br \/>\n20,7 x 35,8 x 27,7 mm<\/p>\n<p>Elektri\u010dni vek trajanja:<br \/>\n200.000 ciklusa<\/p>\n<p>Izolacija izme\u0111u kalema i kontakata:<br \/>\n4 kV<\/p>\n<p>Nazivni napon DC:<br \/>\n12 V<\/p>\n<p>Radni opseg DC:<br \/>\n9,6&#8230;13,2 V<\/p>\n<p>Nazivni napon kontakata:<br \/>\n250 V AC<\/p>\n<p>Nazivna struja (kontakti):<br \/>\n10 A<\/p>\n<p>Nazivna snaga DC:<br \/>\n1 W<\/p>\n<p>Napajanje:<br \/>\nDC kalem<\/p>","protected":false},"excerpt":{"rendered":"<p>Finder 55.13.9.012.0000 je industrijski relej za PCB monta\u017eu, 3 polna, promenljivi kontakt (CO \u2013 nPDT), 10 A, AgNi kontakti, DC kalem, 12 V, radni opseg 9,6 do 13,2 V, nazivna snaga 1 W, otpornost 140 \u03a9, potro\u0161nja 86 mA, napon zadr\u017eavanja 6 V, minimalni napon za otpu\u0161tanje 1,2 V, radna temperatura od -40 do +85 \u00b0C.<\/p>","protected":false},"featured_media":30854,"template":"","meta":[],"product_brand":[114],"product_cat":[76],"product_tag":[],"class_list":{"0":"post-30853","1":"product","2":"type-product","3":"status-publish","4":"has-post-thumbnail","6":"product_brand-finder","7":"product_cat-releji","9":"first","10":"instock","11":"taxable","12":"shipping-taxable","13":"product-type-simple"},"_links":{"self":[{"href":"https:\/\/gliki.at\/en\/wp-json\/wp\/v2\/product\/30853","targetHints":{"allow":["GET"]}}],"collection":[{"href":"https:\/\/gliki.at\/en\/wp-json\/wp\/v2\/product"}],"about":[{"href":"https:\/\/gliki.at\/en\/wp-json\/wp\/v2\/types\/product"}],"version-history":[{"count":6,"href":"https:\/\/gliki.at\/en\/wp-json\/wp\/v2\/product\/30853\/revisions"}],"predecessor-version":[{"id":33156,"href":"https:\/\/gliki.at\/en\/wp-json\/wp\/v2\/product\/30853\/revisions\/33156"}],"wp:featuredmedia":[{"embeddable":true,"href":"https:\/\/gliki.at\/en\/wp-json\/wp\/v2\/media\/30854"}],"wp:attachment":[{"href":"https:\/\/gliki.at\/en\/wp-json\/wp\/v2\/media?parent=30853"}],"wp:term":[{"taxonomy":"product_brand","embeddable":true,"href":"https:\/\/gliki.at\/en\/wp-json\/wp\/v2\/product_brand?post=30853"},{"taxonomy":"product_cat","embeddable":true,"href":"https:\/\/gliki.at\/en\/wp-json\/wp\/v2\/product_cat?post=30853"},{"taxonomy":"product_tag","embeddable":true,"href":"https:\/\/gliki.at\/en\/wp-json\/wp\/v2\/product_tag?post=30853"}],"curies":[{"name":"wp","href":"https:\/\/api.w.org\/{rel}","templated":true}]}}