{"id":30951,"date":"2025-05-29T11:06:50","date_gmt":"2025-05-29T09:06:50","guid":{"rendered":"https:\/\/gliki.at\/?post_type=product&#038;p=30951"},"modified":"2025-08-05T18:14:09","modified_gmt":"2025-08-05T16:14:09","slug":"finder-90-15-montazna-baza-za-releje","status":"publish","type":"product","link":"https:\/\/gliki.at\/en\/shop\/releji\/oprema-za-releje\/finder-90-15-montazna-baza-za-releje\/","title":{"rendered":"Finder 90.15 \u2013 PCB podno\u017eje"},"content":{"rendered":"<p>PCB podno\u017eje (\u00d8 22 mm) za \u0161tampanu plo\u010du. Za upotrebu sa relejima tipa 60.13.<\/p>\n<p>Karakteristike:<\/p>\n<p>Nazivna struja 10 A \u2013 250 V<br \/>\nDielektri\u010dna \u010dvrsto\u0107a 2 kV AC<br \/>\nRadna temperatura okoline: -40 \u2026 +70 \u00b0C<\/p>","protected":false},"excerpt":{"rendered":"<p>Finder 90.15 \u2013 PCB podno\u017eje za releje tipa 60.13<\/p>","protected":false},"featured_media":30953,"template":"","meta":[],"product_brand":[114],"product_cat":[132,76],"product_tag":[],"class_list":{"0":"post-30951","1":"product","2":"type-product","3":"status-publish","4":"has-post-thumbnail","6":"product_brand-finder","7":"product_cat-oprema-za-releje","8":"product_cat-releji","10":"first","11":"instock","12":"taxable","13":"shipping-taxable","14":"product-type-simple"},"_links":{"self":[{"href":"https:\/\/gliki.at\/en\/wp-json\/wp\/v2\/product\/30951","targetHints":{"allow":["GET"]}}],"collection":[{"href":"https:\/\/gliki.at\/en\/wp-json\/wp\/v2\/product"}],"about":[{"href":"https:\/\/gliki.at\/en\/wp-json\/wp\/v2\/types\/product"}],"version-history":[{"count":3,"href":"https:\/\/gliki.at\/en\/wp-json\/wp\/v2\/product\/30951\/revisions"}],"predecessor-version":[{"id":33383,"href":"https:\/\/gliki.at\/en\/wp-json\/wp\/v2\/product\/30951\/revisions\/33383"}],"wp:featuredmedia":[{"embeddable":true,"href":"https:\/\/gliki.at\/en\/wp-json\/wp\/v2\/media\/30953"}],"wp:attachment":[{"href":"https:\/\/gliki.at\/en\/wp-json\/wp\/v2\/media?parent=30951"}],"wp:term":[{"taxonomy":"product_brand","embeddable":true,"href":"https:\/\/gliki.at\/en\/wp-json\/wp\/v2\/product_brand?post=30951"},{"taxonomy":"product_cat","embeddable":true,"href":"https:\/\/gliki.at\/en\/wp-json\/wp\/v2\/product_cat?post=30951"},{"taxonomy":"product_tag","embeddable":true,"href":"https:\/\/gliki.at\/en\/wp-json\/wp\/v2\/product_tag?post=30951"}],"curies":[{"name":"wp","href":"https:\/\/api.w.org\/{rel}","templated":true}]}}