{"id":30961,"date":"2025-05-29T11:14:56","date_gmt":"2025-05-29T09:14:56","guid":{"rendered":"https:\/\/gliki.at\/?post_type=product&#038;p=30961"},"modified":"2025-08-05T18:07:25","modified_gmt":"2025-08-05T16:07:25","slug":"finder-90-23-sma-montazna-baza-sa-opruznim-prikljuccima","status":"publish","type":"product","link":"https:\/\/gliki.at\/en\/shop\/releji\/oprema-za-releje\/finder-90-23-sma-montazna-baza-sa-opruznim-prikljuccima\/","title":{"rendered":"Finder 90.23 SMA \u2013 Podno\u017eje za relej"},"content":{"rendered":"<p>DIN-\u0161inska\/panel monta\u017ea, podno\u017eje sa vij\u010danim priklju\u010dcima (stezni dr\u017ea\u010d) za relej 60.12, plavo | Finder 90.23SMA<\/p>","protected":false},"excerpt":{"rendered":"<p>Plavo podno\u017eje Finder 90.23SMA za relej 60.12, monta\u017ea na DIN \u0161inu i panel, sa vij\u010danim priklju\u010dcima i steznim dr\u017ea\u010dem.<\/p>","protected":false},"featured_media":30962,"template":"","meta":[],"product_brand":[114],"product_cat":[132,76],"product_tag":[],"class_list":{"0":"post-30961","1":"product","2":"type-product","3":"status-publish","4":"has-post-thumbnail","6":"product_brand-finder","7":"product_cat-oprema-za-releje","8":"product_cat-releji","10":"first","11":"instock","12":"taxable","13":"shipping-taxable","14":"product-type-simple"},"_links":{"self":[{"href":"https:\/\/gliki.at\/en\/wp-json\/wp\/v2\/product\/30961","targetHints":{"allow":["GET"]}}],"collection":[{"href":"https:\/\/gliki.at\/en\/wp-json\/wp\/v2\/product"}],"about":[{"href":"https:\/\/gliki.at\/en\/wp-json\/wp\/v2\/types\/product"}],"version-history":[{"count":3,"href":"https:\/\/gliki.at\/en\/wp-json\/wp\/v2\/product\/30961\/revisions"}],"predecessor-version":[{"id":33377,"href":"https:\/\/gliki.at\/en\/wp-json\/wp\/v2\/product\/30961\/revisions\/33377"}],"wp:featuredmedia":[{"embeddable":true,"href":"https:\/\/gliki.at\/en\/wp-json\/wp\/v2\/media\/30962"}],"wp:attachment":[{"href":"https:\/\/gliki.at\/en\/wp-json\/wp\/v2\/media?parent=30961"}],"wp:term":[{"taxonomy":"product_brand","embeddable":true,"href":"https:\/\/gliki.at\/en\/wp-json\/wp\/v2\/product_brand?post=30961"},{"taxonomy":"product_cat","embeddable":true,"href":"https:\/\/gliki.at\/en\/wp-json\/wp\/v2\/product_cat?post=30961"},{"taxonomy":"product_tag","embeddable":true,"href":"https:\/\/gliki.at\/en\/wp-json\/wp\/v2\/product_tag?post=30961"}],"curies":[{"name":"wp","href":"https:\/\/api.w.org\/{rel}","templated":true}]}}