{"id":30998,"date":"2025-05-29T11:57:51","date_gmt":"2025-05-29T09:57:51","guid":{"rendered":"https:\/\/gliki.at\/?post_type=product&#038;p=30998"},"modified":"2025-08-05T17:40:14","modified_gmt":"2025-08-05T15:40:14","slug":"finder-94-04-spa-dvokanalni-stitnik-za-prenaponsku-zastitu","status":"publish","type":"product","link":"https:\/\/gliki.at\/en\/shop\/releji\/oprema-za-releje\/finder-94-04-spa-dvokanalni-stitnik-za-prenaponsku-zastitu\/","title":{"rendered":"Finder 94.04.SPA \u2013 podno\u017eje za relej"},"content":{"rendered":"<p>DIN-\u0161inska\/panel monta\u017ea, podno\u017eje sa vij\u010danim priklju\u010dcima i steznim dr\u017ea\u010dem za relej 55.34, plavo | Finder 94.04SPA<\/p>","protected":false},"excerpt":{"rendered":"<p>Plavo podno\u017eje Finder 94.04SPA za relej 55.34, monta\u017ea na DIN \u0161inu ili panel, sa vij\u010danim priklju\u010dcima i steznim dr\u017ea\u010dem.<\/p>","protected":false},"featured_media":30999,"template":"","meta":[],"product_brand":[114],"product_cat":[132,76],"product_tag":[],"class_list":{"0":"post-30998","1":"product","2":"type-product","3":"status-publish","4":"has-post-thumbnail","6":"product_brand-finder","7":"product_cat-oprema-za-releje","8":"product_cat-releji","10":"first","11":"instock","12":"taxable","13":"shipping-taxable","14":"product-type-simple"},"_links":{"self":[{"href":"https:\/\/gliki.at\/en\/wp-json\/wp\/v2\/product\/30998","targetHints":{"allow":["GET"]}}],"collection":[{"href":"https:\/\/gliki.at\/en\/wp-json\/wp\/v2\/product"}],"about":[{"href":"https:\/\/gliki.at\/en\/wp-json\/wp\/v2\/types\/product"}],"version-history":[{"count":3,"href":"https:\/\/gliki.at\/en\/wp-json\/wp\/v2\/product\/30998\/revisions"}],"predecessor-version":[{"id":33357,"href":"https:\/\/gliki.at\/en\/wp-json\/wp\/v2\/product\/30998\/revisions\/33357"}],"wp:featuredmedia":[{"embeddable":true,"href":"https:\/\/gliki.at\/en\/wp-json\/wp\/v2\/media\/30999"}],"wp:attachment":[{"href":"https:\/\/gliki.at\/en\/wp-json\/wp\/v2\/media?parent=30998"}],"wp:term":[{"taxonomy":"product_brand","embeddable":true,"href":"https:\/\/gliki.at\/en\/wp-json\/wp\/v2\/product_brand?post=30998"},{"taxonomy":"product_cat","embeddable":true,"href":"https:\/\/gliki.at\/en\/wp-json\/wp\/v2\/product_cat?post=30998"},{"taxonomy":"product_tag","embeddable":true,"href":"https:\/\/gliki.at\/en\/wp-json\/wp\/v2\/product_tag?post=30998"}],"curies":[{"name":"wp","href":"https:\/\/api.w.org\/{rel}","templated":true}]}}