{"id":31026,"date":"2025-05-29T12:21:30","date_gmt":"2025-05-29T10:21:30","guid":{"rendered":"https:\/\/gliki.at\/?post_type=product&#038;p=31026"},"modified":"2025-08-05T17:20:24","modified_gmt":"2025-08-05T15:20:24","slug":"finder-95-03-spa-relejna-baza","status":"publish","type":"product","link":"https:\/\/gliki.at\/en\/shop\/releji\/oprema-za-releje\/finder-95-03-spa-relejna-baza\/","title":{"rendered":"Finder 95.03.SPA \u2013 Podno\u017eje za releje"},"content":{"rendered":"<p>Tip 95.03 , namenjeno za monta\u017eu na panel ili DIN \u0161inu od 35 mm (EN 60715).<br \/>\nKompatibilno sa relejima tipa 40.31.<\/p>\n<p>Karakteristike:<\/p>\n<p>Nazivna struja: 10 A \u2013 250 V<\/p>\n<p>Dielektri\u010dna \u010dvrsto\u0107a (izme\u0111u kalema i kontakata): 6 kV (1,2\/50 \u03bcs)<\/p>\n<p>Stepen za\u0161tite: IP20<\/p>\n<p>Radna temperatura okoline: \u201340 \u2026 +70\u202f\u00b0C<\/p>","protected":false},"excerpt":{"rendered":"<p>Tip 95.03 , namenjeno za monta\u017eu na panel ili DIN \u0161inu od 35 mm (EN 60715). Kompatibilno sa relejima tipa<\/p>","protected":false},"featured_media":31027,"template":"","meta":[],"product_brand":[114],"product_cat":[132,76],"product_tag":[],"class_list":{"0":"post-31026","1":"product","2":"type-product","3":"status-publish","4":"has-post-thumbnail","6":"product_brand-finder","7":"product_cat-oprema-za-releje","8":"product_cat-releji","10":"first","11":"instock","12":"taxable","13":"shipping-taxable","14":"purchasable","15":"product-type-simple"},"_links":{"self":[{"href":"https:\/\/gliki.at\/en\/wp-json\/wp\/v2\/product\/31026","targetHints":{"allow":["GET"]}}],"collection":[{"href":"https:\/\/gliki.at\/en\/wp-json\/wp\/v2\/product"}],"about":[{"href":"https:\/\/gliki.at\/en\/wp-json\/wp\/v2\/types\/product"}],"version-history":[{"count":3,"href":"https:\/\/gliki.at\/en\/wp-json\/wp\/v2\/product\/31026\/revisions"}],"predecessor-version":[{"id":32186,"href":"https:\/\/gliki.at\/en\/wp-json\/wp\/v2\/product\/31026\/revisions\/32186"}],"wp:featuredmedia":[{"embeddable":true,"href":"https:\/\/gliki.at\/en\/wp-json\/wp\/v2\/media\/31027"}],"wp:attachment":[{"href":"https:\/\/gliki.at\/en\/wp-json\/wp\/v2\/media?parent=31026"}],"wp:term":[{"taxonomy":"product_brand","embeddable":true,"href":"https:\/\/gliki.at\/en\/wp-json\/wp\/v2\/product_brand?post=31026"},{"taxonomy":"product_cat","embeddable":true,"href":"https:\/\/gliki.at\/en\/wp-json\/wp\/v2\/product_cat?post=31026"},{"taxonomy":"product_tag","embeddable":true,"href":"https:\/\/gliki.at\/en\/wp-json\/wp\/v2\/product_tag?post=31026"}],"curies":[{"name":"wp","href":"https:\/\/api.w.org\/{rel}","templated":true}]}}