{"id":31103,"date":"2025-05-30T12:42:16","date_gmt":"2025-05-30T10:42:16","guid":{"rendered":"https:\/\/gliki.at\/?post_type=product&#038;p=31103"},"modified":"2025-08-05T16:22:28","modified_gmt":"2025-08-05T14:22:28","slug":"finder-18-11-8-230-0000-relej-za-pcb","status":"publish","type":"product","link":"https:\/\/gliki.at\/en\/shop\/industrijski-senzori\/finder-18-11-8-230-0000-relej-za-pcb\/","title":{"rendered":"Finder 18.11.8.230.0000 \u2013 PIR detektor za spoljnu monta\u017eu"},"content":{"rendered":"<p><strong>Tehni\u010dke specifikacije:<\/strong><\/p>\n<table>\n<thead>\n<tr>\n<td><strong>Naziv modela<\/strong><\/td>\n<td><strong>Finder 18.11.8.230.0000 <\/strong><\/td>\n<\/tr>\n<\/thead>\n<tbody>\n<tr>\n<td><strong>Proizvo\u0111a\u010d<\/strong><\/td>\n<td>Finder<\/td>\n<\/tr>\n<tr>\n<td><\/td>\n<td><\/td>\n<\/tr>\n<tr>\n<td><strong>Tip kontakata<\/strong><\/td>\n<td>1 beznaponski kontakt<\/td>\n<\/tr>\n<tr>\n<td><strong>Materijal kontakata<\/strong><\/td>\n<td><\/td>\n<\/tr>\n<tr>\n<td><strong>Radni napon zavojnice<\/strong><\/td>\n<td>230V<\/td>\n<\/tr>\n<tr>\n<td><strong>Tip napajanja<\/strong><\/td>\n<td>AC<\/td>\n<\/tr>\n<tr>\n<td><strong>Maksimalna struja<\/strong><\/td>\n<td>10A<\/td>\n<\/tr>\n<tr>\n<td><strong>LED indikator<\/strong><\/td>\n<td>NE<\/td>\n<\/tr>\n<tr>\n<td><strong>Mehani\u010dki indikator<\/strong><\/td>\n<td>NE<\/td>\n<\/tr>\n<tr>\n<td><strong>ON\/OFF taster<\/strong><\/td>\n<td>NE<\/td>\n<\/tr>\n<\/tbody>\n<\/table>","protected":false},"excerpt":{"rendered":"<p>Tehni\u010dke specifikacije: Naziv modela Finder 18.11.8.230.0000 Proizvo\u0111a\u010d Finder Tip kontakata 1 beznaponski kontakt Materijal kontakata Radni napon zavojnice 230V Tip<\/p>","protected":false},"featured_media":31104,"template":"","meta":[],"product_brand":[114],"product_cat":[30],"product_tag":[119],"class_list":{"0":"post-31103","1":"product","2":"type-product","3":"status-publish","4":"has-post-thumbnail","6":"product_brand-finder","7":"product_cat-industrijski-senzori","8":"product_tag-finder","10":"first","11":"instock","12":"taxable","13":"shipping-taxable","14":"purchasable","15":"product-type-simple"},"_links":{"self":[{"href":"https:\/\/gliki.at\/en\/wp-json\/wp\/v2\/product\/31103","targetHints":{"allow":["GET"]}}],"collection":[{"href":"https:\/\/gliki.at\/en\/wp-json\/wp\/v2\/product"}],"about":[{"href":"https:\/\/gliki.at\/en\/wp-json\/wp\/v2\/types\/product"}],"version-history":[{"count":7,"href":"https:\/\/gliki.at\/en\/wp-json\/wp\/v2\/product\/31103\/revisions"}],"predecessor-version":[{"id":32138,"href":"https:\/\/gliki.at\/en\/wp-json\/wp\/v2\/product\/31103\/revisions\/32138"}],"wp:featuredmedia":[{"embeddable":true,"href":"https:\/\/gliki.at\/en\/wp-json\/wp\/v2\/media\/31104"}],"wp:attachment":[{"href":"https:\/\/gliki.at\/en\/wp-json\/wp\/v2\/media?parent=31103"}],"wp:term":[{"taxonomy":"product_brand","embeddable":true,"href":"https:\/\/gliki.at\/en\/wp-json\/wp\/v2\/product_brand?post=31103"},{"taxonomy":"product_cat","embeddable":true,"href":"https:\/\/gliki.at\/en\/wp-json\/wp\/v2\/product_cat?post=31103"},{"taxonomy":"product_tag","embeddable":true,"href":"https:\/\/gliki.at\/en\/wp-json\/wp\/v2\/product_tag?post=31103"}],"curies":[{"name":"wp","href":"https:\/\/api.w.org\/{rel}","templated":true}]}}