{"id":31129,"date":"2025-05-30T13:18:44","date_gmt":"2025-05-30T11:18:44","guid":{"rendered":"https:\/\/gliki.at\/?post_type=product&#038;p=31129"},"modified":"2025-06-21T14:18:50","modified_gmt":"2025-06-21T12:18:50","slug":"finder-18-61-8-230-0300-relej-za-pcb","status":"publish","type":"product","link":"https:\/\/gliki.at\/en\/shop\/industrijski-senzori\/finder-18-61-8-230-0300-relej-za-pcb\/","title":{"rendered":"Finder 18.61.8.230.0300 \u2013 PIR detektor pokreta"},"content":{"rendered":"<p>&nbsp;<\/p>\n<p>&nbsp;<\/p>\n<p><strong>Tehni\u010dke specifikacije:<\/strong><\/p>\n<table>\n<thead>\n<tr>\n<td><strong>Naziv modela<\/strong><\/td>\n<td><strong>Finder 18.61.8.230.0300<\/strong><\/td>\n<\/tr>\n<\/thead>\n<tbody>\n<tr>\n<td><strong>Proizvo\u0111a\u010d<\/strong><\/td>\n<td>Finder<\/td>\n<\/tr>\n<tr>\n<td><\/td>\n<td><\/td>\n<\/tr>\n<tr>\n<td><strong>Tip kontakata<\/strong><\/td>\n<td>1 beznaponski kontakt<\/td>\n<\/tr>\n<tr>\n<td><strong>Materijal kontakata<\/strong><\/td>\n<td><\/td>\n<\/tr>\n<tr>\n<td><strong>Radni napon zavojnice<\/strong><\/td>\n<td>230V A<\/td>\n<\/tr>\n<tr>\n<td><strong>Tip napajanja<\/strong><\/td>\n<td>AC<\/td>\n<\/tr>\n<tr>\n<td><strong>Maksimalna struja<\/strong><\/td>\n<td>10A<\/td>\n<\/tr>\n<tr>\n<td><strong>LED indikator<\/strong><\/td>\n<td>NE<\/td>\n<\/tr>\n<tr>\n<td><strong>Mehani\u010dki indikator<\/strong><\/td>\n<td>NE<\/td>\n<\/tr>\n<tr>\n<td><strong>ON\/OFF taster<\/strong><\/td>\n<td>NE<\/td>\n<\/tr>\n<\/tbody>\n<\/table>","protected":false},"excerpt":{"rendered":"<p>&nbsp; &nbsp; Tehni\u010dke specifikacije: Naziv modela Finder 18.61.8.230.0300 Proizvo\u0111a\u010d Finder Tip kontakata 1 beznaponski kontakt Materijal kontakata Radni napon zavojnice<\/p>","protected":false},"featured_media":31130,"template":"","meta":[],"product_brand":[114],"product_cat":[30],"product_tag":[119],"class_list":{"0":"post-31129","1":"product","2":"type-product","3":"status-publish","4":"has-post-thumbnail","6":"product_brand-finder","7":"product_cat-industrijski-senzori","8":"product_tag-finder","10":"first","11":"instock","12":"taxable","13":"shipping-taxable","14":"product-type-simple"},"_links":{"self":[{"href":"https:\/\/gliki.at\/en\/wp-json\/wp\/v2\/product\/31129","targetHints":{"allow":["GET"]}}],"collection":[{"href":"https:\/\/gliki.at\/en\/wp-json\/wp\/v2\/product"}],"about":[{"href":"https:\/\/gliki.at\/en\/wp-json\/wp\/v2\/types\/product"}],"version-history":[{"count":6,"href":"https:\/\/gliki.at\/en\/wp-json\/wp\/v2\/product\/31129\/revisions"}],"predecessor-version":[{"id":32139,"href":"https:\/\/gliki.at\/en\/wp-json\/wp\/v2\/product\/31129\/revisions\/32139"}],"wp:featuredmedia":[{"embeddable":true,"href":"https:\/\/gliki.at\/en\/wp-json\/wp\/v2\/media\/31130"}],"wp:attachment":[{"href":"https:\/\/gliki.at\/en\/wp-json\/wp\/v2\/media?parent=31129"}],"wp:term":[{"taxonomy":"product_brand","embeddable":true,"href":"https:\/\/gliki.at\/en\/wp-json\/wp\/v2\/product_brand?post=31129"},{"taxonomy":"product_cat","embeddable":true,"href":"https:\/\/gliki.at\/en\/wp-json\/wp\/v2\/product_cat?post=31129"},{"taxonomy":"product_tag","embeddable":true,"href":"https:\/\/gliki.at\/en\/wp-json\/wp\/v2\/product_tag?post=31129"}],"curies":[{"name":"wp","href":"https:\/\/api.w.org\/{rel}","templated":true}]}}