{"id":31192,"date":"2025-06-02T13:22:11","date_gmt":"2025-06-02T11:22:11","guid":{"rendered":"https:\/\/gliki.at\/?post_type=product&#038;p=31192"},"modified":"2025-06-12T20:25:35","modified_gmt":"2025-06-12T18:25:35","slug":"finder-7m-24-8-230-0210-multifunkcijski-digitalni-tajmer","status":"publish","type":"product","link":"https:\/\/gliki.at\/en\/shop\/merni-instrumenti\/finder-7m-24-8-230-0210-multifunkcijski-digitalni-tajmer\/","title":{"rendered":"Finder 7M.24.8.230.0210 \u2013 Dvosmerno broilo za DIN sinu"},"content":{"rendered":"<p>Vrsta ure\u0111aja: Kontroler za merenje elektri\u010dne energije<\/p>\n<p>Monta\u017ea: Na DIN \u0161inu<\/p>\n<p>Vrsta izlaza: OC (Open Collector)<\/p>\n<p>Nazivni napon: 230 V AC, 50\/60 Hz<\/p>\n<p>Radna struja: 0,5&#8230;40 A<\/p>\n<p>Nazivna struja: 5 A<\/p>\n<p>Opseg brojanja: Do 999999,9 kWh<\/p>\n<p>Prikaz: Mehani\u010dki indikator<\/p>\n<p>Stepen za\u0161tite: IP20 sa strane terminala \/ IP50 ukupno<\/p>\n<p>Temperaturni opseg: -25 do +55 \u00b0C<\/p>\n<p>Povezivanje: \u0160rafne kleme<\/p>\n<p>Sertifikat: Uskla\u0111en sa MID direktivom<\/p>","protected":false},"excerpt":{"rendered":"<p>Vrsta ure\u0111aja: Kontroler za merenje elektri\u010dne energije Monta\u017ea: Na DIN \u0161inu Vrsta izlaza: OC (Open Collector) Nazivni napon: 230 V<\/p>","protected":false},"featured_media":31193,"template":"","meta":[],"product_brand":[114],"product_cat":[104],"product_tag":[119],"class_list":{"0":"post-31192","1":"product","2":"type-product","3":"status-publish","4":"has-post-thumbnail","6":"product_brand-finder","7":"product_cat-merni-instrumenti","8":"product_tag-finder","10":"first","11":"instock","12":"taxable","13":"shipping-taxable","14":"product-type-simple"},"_links":{"self":[{"href":"https:\/\/gliki.at\/en\/wp-json\/wp\/v2\/product\/31192","targetHints":{"allow":["GET"]}}],"collection":[{"href":"https:\/\/gliki.at\/en\/wp-json\/wp\/v2\/product"}],"about":[{"href":"https:\/\/gliki.at\/en\/wp-json\/wp\/v2\/types\/product"}],"version-history":[{"count":4,"href":"https:\/\/gliki.at\/en\/wp-json\/wp\/v2\/product\/31192\/revisions"}],"predecessor-version":[{"id":31960,"href":"https:\/\/gliki.at\/en\/wp-json\/wp\/v2\/product\/31192\/revisions\/31960"}],"wp:featuredmedia":[{"embeddable":true,"href":"https:\/\/gliki.at\/en\/wp-json\/wp\/v2\/media\/31193"}],"wp:attachment":[{"href":"https:\/\/gliki.at\/en\/wp-json\/wp\/v2\/media?parent=31192"}],"wp:term":[{"taxonomy":"product_brand","embeddable":true,"href":"https:\/\/gliki.at\/en\/wp-json\/wp\/v2\/product_brand?post=31192"},{"taxonomy":"product_cat","embeddable":true,"href":"https:\/\/gliki.at\/en\/wp-json\/wp\/v2\/product_cat?post=31192"},{"taxonomy":"product_tag","embeddable":true,"href":"https:\/\/gliki.at\/en\/wp-json\/wp\/v2\/product_tag?post=31192"}],"curies":[{"name":"wp","href":"https:\/\/api.w.org\/{rel}","templated":true}]}}