{"id":31201,"date":"2025-06-02T13:25:00","date_gmt":"2025-06-02T11:25:00","guid":{"rendered":"https:\/\/gliki.at\/?post_type=product&#038;p=31201"},"modified":"2025-06-12T20:17:00","modified_gmt":"2025-06-12T18:17:00","slug":"finder-7p-22-8-275-1020-multifunkcijski-digitalni-tajmer-sa-2-kanala","status":"publish","type":"product","link":"https:\/\/gliki.at\/en\/shop\/prekidaci\/finder-7p-22-8-275-1020-multifunkcijski-digitalni-tajmer-sa-2-kanala\/","title":{"rendered":"Finder 7P.22.8.275.1020 \u2013 Odvodnik prenapona"},"content":{"rendered":"<p>Vrsta za\u0161tite:<\/p>\n<p>ELCB \u2013 prekida\u010d sa za\u0161titom od struja curenja na zemlju (RCD prekida\u010d)<\/p>\n<p>MCB \u2013 minijaturni automatski prekida\u010d<\/p>\n<p>MCCB \u2013 prekida\u010d u ku\u0107i\u0161tu od termootpornog materijala (za ve\u0107u snagu)<\/p>\n<p>RCBO \u2013 kombinovani prekida\u010d sa za\u0161titom od struja curenja i preoptere\u0107enja<\/p>\n<p>RCCB \u2013 prekida\u010d sa za\u0161titom od curenja struje (RCD)<\/p>\n<p>RCD \u2013 ure\u0111aj za zaostalu struju<\/p>\n<p>Prenaponska za\u0161tita:<\/p>\n<p>Tip prenaponske za\u0161tite: Tip 2<\/p>\n<p>Broj polova: 1+NPE (faza + neutralni + uzemljenje)<\/p>\n<p>Nazivni impulsni strujni talas (In): 20 kA (8\/20 \u00b5s)<\/p>\n<p>Montiranje: Na DIN \u0161inu<\/p>\n<p>Radna temperatura: -40 do +80\u00b0C<\/p>\n<p>Stepen za\u0161tite (IP): IP20<\/p>\n<p>Nazivni napon: 275 V AC<\/p>\n<p>Tip mre\u017ee: TN-S, TT<\/p>\n<p>Integrisani pomo\u0107ni kontakti: SPDT (jedan promjenjivi kontakt)<\/p>\n<p>&nbsp;<\/p>","protected":false},"excerpt":{"rendered":"<p>Vrsta za\u0161tite: ELCB \u2013 prekida\u010d sa za\u0161titom od struja curenja na zemlju (RCD prekida\u010d) MCB \u2013 minijaturni automatski prekida\u010d MCCB<\/p>","protected":false},"featured_media":31202,"template":"","meta":[],"product_brand":[114],"product_cat":[29],"product_tag":[119],"class_list":{"0":"post-31201","1":"product","2":"type-product","3":"status-publish","4":"has-post-thumbnail","6":"product_brand-finder","7":"product_cat-prekidaci","8":"product_tag-finder","10":"first","11":"instock","12":"taxable","13":"shipping-taxable","14":"product-type-simple"},"_links":{"self":[{"href":"https:\/\/gliki.at\/en\/wp-json\/wp\/v2\/product\/31201","targetHints":{"allow":["GET"]}}],"collection":[{"href":"https:\/\/gliki.at\/en\/wp-json\/wp\/v2\/product"}],"about":[{"href":"https:\/\/gliki.at\/en\/wp-json\/wp\/v2\/types\/product"}],"version-history":[{"count":5,"href":"https:\/\/gliki.at\/en\/wp-json\/wp\/v2\/product\/31201\/revisions"}],"predecessor-version":[{"id":31958,"href":"https:\/\/gliki.at\/en\/wp-json\/wp\/v2\/product\/31201\/revisions\/31958"}],"wp:featuredmedia":[{"embeddable":true,"href":"https:\/\/gliki.at\/en\/wp-json\/wp\/v2\/media\/31202"}],"wp:attachment":[{"href":"https:\/\/gliki.at\/en\/wp-json\/wp\/v2\/media?parent=31201"}],"wp:term":[{"taxonomy":"product_brand","embeddable":true,"href":"https:\/\/gliki.at\/en\/wp-json\/wp\/v2\/product_brand?post=31201"},{"taxonomy":"product_cat","embeddable":true,"href":"https:\/\/gliki.at\/en\/wp-json\/wp\/v2\/product_cat?post=31201"},{"taxonomy":"product_tag","embeddable":true,"href":"https:\/\/gliki.at\/en\/wp-json\/wp\/v2\/product_tag?post=31201"}],"curies":[{"name":"wp","href":"https:\/\/api.w.org\/{rel}","templated":true}]}}